{"id":6601,"date":"2021-03-17T15:55:04","date_gmt":"2021-03-17T14:55:04","guid":{"rendered":"https:\/\/dom-polski.fr\/?post_type=product&#038;p=6601"},"modified":"2023-08-08T19:12:53","modified_gmt":"2023-08-08T17:12:53","slug":"babouchka-3-pieces-3","status":"publish","type":"product","link":"https:\/\/dom-polski.fr\/index.php\/product\/babouchka-3-pieces-3\/","title":{"rendered":"Babouchka 3 pi\u00e8ces"},"content":{"rendered":"<p>Taille de la plus grande pi\u00e8ce : 7,00 cm<br \/>\nTaille de la plus petite pi\u00e8ce : 3,20 cm<br \/>\nNombre de pi\u00e8ces : 3<br \/>\nMati\u00e8re : Bois<\/p>\n","protected":false},"excerpt":{"rendered":"<p>Taille de la plus grande pi\u00e8ce : 7,00 cm Taille de la plus petite pi\u00e8ce : 3,20 cm Nombre de pi\u00e8ces : 3 Mati\u00e8re : Bois<\/p>\n","protected":false},"featured_media":6602,"comment_status":"open","ping_status":"closed","template":"","meta":{"spay_email":"","jetpack_publicize_message":"","jetpack_is_tweetstorm":false},"aioseo_notices":[],"jetpack_publicize_connections":[],"jetpack_likes_enabled":false,"_links":{"self":[{"href":"https:\/\/dom-polski.fr\/index.php\/wp-json\/wp\/v2\/product\/6601"}],"collection":[{"href":"https:\/\/dom-polski.fr\/index.php\/wp-json\/wp\/v2\/product"}],"about":[{"href":"https:\/\/dom-polski.fr\/index.php\/wp-json\/wp\/v2\/types\/product"}],"replies":[{"embeddable":true,"href":"https:\/\/dom-polski.fr\/index.php\/wp-json\/wp\/v2\/comments?post=6601"}],"wp:featuredmedia":[{"embeddable":true,"href":"https:\/\/dom-polski.fr\/index.php\/wp-json\/wp\/v2\/media\/6602"}],"wp:attachment":[{"href":"https:\/\/dom-polski.fr\/index.php\/wp-json\/wp\/v2\/media?parent=6601"}],"curies":[{"name":"wp","href":"https:\/\/api.w.org\/{rel}","templated":true}]}}