{"id":6564,"date":"2021-03-10T16:15:04","date_gmt":"2021-03-10T15:15:04","guid":{"rendered":"https:\/\/dom-polski.fr\/?post_type=product&#038;p=6564"},"modified":"2022-12-19T11:04:44","modified_gmt":"2022-12-19T10:04:44","slug":"prymat-zurek-epice-pour-soupe-polonaise-a-la-farine-aigre-25-g","status":"publish","type":"product","link":"https:\/\/dom-polski.fr\/index.php\/product\/prymat-zurek-epice-pour-soupe-polonaise-a-la-farine-aigre-25-g\/","title":{"rendered":"Prymat \u00a0\u00bbZurek\u00a0\u00bb \u00e9pice pour soupe polonaise \u00e0 la farine aigre 25 g"},"content":{"rendered":"<p><span style=\"color: #313131; font-size: medium;\">Des <\/span><span style=\"font-size: medium;\"><span style=\"color: #313131; text-transform: none; text-indent: 0px; letter-spacing: normal; font-family: 'Open Sans', Helvetica, Arial, sans-serif; font-size: 14px; font-style: normal; font-weight: 400; word-spacing: 0px; vertical-align: inherit; white-space: normal; box-sizing: border-box; orphans: 2; widows: 2; background-color: #ffffff; font-variant-ligatures: normal; font-variant-caps: normal; -webkit-text-stroke-width: 0px; text-decoration-thickness: initial; text-decoration-style: initial; text-decoration-color: initial;\">\u00e9pices soigneusement s\u00e9lectionn\u00e9es vous permettent de savourer le go\u00fbt du zurek ou du bortsch blanc.\u00a0Ajoutez simplement une d\u00e9licieuse saucisse fum\u00e9e et un \u0153uf et savourez le go\u00fbt traditionnel l\u00e9g\u00e8rement aigre de votre soupe pr\u00e9f\u00e9r\u00e9e.<\/span><br style=\"color: #313131; text-transform: none; text-indent: 0px; letter-spacing: normal; font-family: 'Open Sans', Helvetica, Arial, sans-serif; font-size: 14px; font-style: normal; font-weight: 400; word-spacing: 0px; white-space: normal; box-sizing: border-box; orphans: 2; widows: 2; background-color: #ffffff; font-variant-ligatures: normal; font-variant-caps: normal; -webkit-text-stroke-width: 0px; text-decoration-thickness: initial; text-decoration-style: initial; text-decoration-color: initial;\" \/><span style=\"color: #313131; text-transform: none; text-indent: 0px; letter-spacing: normal; font-family: 'Open Sans', Helvetica, Arial, sans-serif; font-size: 14px; font-style: normal; font-weight: 400; word-spacing: 0px; vertical-align: inherit; white-space: normal; box-sizing: border-box; orphans: 2; widows: 2; background-color: #ffffff; font-variant-ligatures: normal; font-variant-caps: normal; -webkit-text-stroke-width: 0px; text-decoration-thickness: initial; text-decoration-style: initial; text-decoration-color: initial;\">La composition de ce m\u00e9lange d&rsquo;\u00e9pices unique comprend des herbes aromatiques et des \u00e9pices telles que l&rsquo;ail, la marjolaine, le piment de la Jama\u00efque, le poivre noir, le laurier et l&rsquo;oignon.<\/span><\/span><\/p>\n<table style=\"color: #313131; text-transform: none; letter-spacing: normal; font-family: 'Open Sans', Helvetica, Arial, sans-serif; font-size: 14px; font-style: normal; font-weight: 400; word-spacing: 0px; white-space: normal; border-collapse: collapse; box-sizing: border-box; border-spacing: 0px; orphans: 2; widows: 2; background-color: #ffffff; font-variant-ligatures: normal; font-variant-caps: normal; -webkit-text-stroke-width: 0px; text-decoration-thickness: initial; text-decoration-style: initial; text-decoration-color: initial;\">\n<tbody>\n<tr bgcolor=\"#e9e9e9\">\n<td width=\"45%\"><strong>Valeurs nutritionnelles moyennes<\/strong><\/td>\n<td width=\"35%\"><strong>Pour 100 g<\/strong><\/td>\n<td width=\"20%\"><\/td>\n<\/tr>\n<tr>\n<td><strong>\u00c9nergie :<\/strong><\/td>\n<td>918<\/td>\n<td>kJ<\/td>\n<\/tr>\n<tr bgcolor=\"#e9e9e9\">\n<td><strong>\u00c9nergie :<\/strong><\/td>\n<td>218<\/td>\n<td>kcal<\/td>\n<\/tr>\n<tr>\n<td><strong>Mati\u00e8res grasses :<\/strong><\/td>\n<td>1,7<\/td>\n<td>g<\/td>\n<\/tr>\n<tr bgcolor=\"#e9e9e9\">\n<td><strong>&#8211; dont : acides gras satur\u00e9s :<\/strong><\/td>\n<td>0,2<\/td>\n<td>g<\/td>\n<\/tr>\n<tr>\n<td><strong>Glucides :<\/strong><\/td>\n<td>37<\/td>\n<td>g<\/td>\n<\/tr>\n<tr bgcolor=\"#e9e9e9\">\n<td><strong>&#8211; dont sucres :<\/strong><\/td>\n<td>11<\/td>\n<td>g<\/td>\n<\/tr>\n<tr>\n<td><strong>\u00a0Prot\u00e9ines : <\/strong><\/td>\n<td>8.3<\/td>\n<td>g<\/td>\n<\/tr>\n<tr bgcolor=\"#e9e9e9\">\n<td><strong>Le sel :<\/strong><\/td>\n<td>37,1<\/td>\n<td>g<\/td>\n<\/tr>\n<\/tbody>\n<\/table>\n<p><span style=\"font-size: medium;\"><strong style=\"color: #313131; text-transform: none; text-indent: 0px; letter-spacing: normal; font-family: 'Open Sans', Helvetica, Arial, sans-serif; font-size: 14px; font-style: normal; font-weight: bold; word-spacing: 0px; white-space: normal; box-sizing: border-box; orphans: 2; widows: 2; background-color: #ffffff; font-variant-ligatures: normal; font-variant-caps: normal; -webkit-text-stroke-width: 0px; text-decoration-thickness: initial; text-decoration-style: initial; text-decoration-color: initial;\"><span style=\"color: #313131; font-family: Helvetica;\">Ingr\u00e9dients et allerg\u00e8nes :<br \/>\n<\/span><\/strong><span style=\"color: #313131; text-transform: none; text-indent: 0px; letter-spacing: normal; font-family: 'Open Sans', Helvetica, Arial, sans-serif; font-style: normal; font-weight: 400; word-spacing: 0px; float: none; display: inline !important; white-space: normal; box-sizing: border-box; orphans: 2; widows: 2; background-color: #ffffff; font-variant-ligatures: normal; font-variant-caps: normal; -webkit-text-stroke-width: 0px; text-decoration-thickness: initial; text-decoration-style: initial; text-decoration-color: initial;\">Sel, l&rsquo; ail, l&rsquo;\u00a0oignon, la\u00a0marjolaine 10 %, panais, poivre noir, piment de la Jama\u00efque, la\u00a0feuille de laurier, huile de colza. P<\/span><span style=\"color: #313131; text-transform: none; text-indent: 0px; letter-spacing: normal; font-family: 'Open Sans', Helvetica, Arial, sans-serif; font-style: normal; font-weight: 400; word-spacing: 0px; float: none; display: inline !important; white-space: normal; box-sizing: border-box; orphans: 2; widows: 2; background-color: #ffffff; font-variant-ligatures: normal; font-variant-caps: normal; -webkit-text-stroke-width: 0px; text-decoration-thickness: initial; text-decoration-style: initial; text-decoration-color: initial;\">eut contenir des\u00a0traces de : c\u00e9r\u00e9ales contenant du gluten, les\u00a0\u0153ufs, le\u00a0lait,\u00a0y compris le\u00a0lactose, gluten, soja, moutarde, c\u00e9leri, arachides, s\u00e9same.<\/span><br style=\"color: #313131; text-transform: none; text-indent: 0px; letter-spacing: normal; font-family: 'Open Sans', Helvetica, Arial, sans-serif; font-size: 14px; font-style: normal; font-weight: 400; word-spacing: 0px; white-space: normal; box-sizing: border-box; orphans: 2; widows: 2; background-color: #ffffff; font-variant-ligatures: normal; font-variant-caps: normal; -webkit-text-stroke-width: 0px; text-decoration-thickness: initial; text-decoration-style: initial; text-decoration-color: initial;\" \/><br style=\"color: #313131; text-transform: none; text-indent: 0px; letter-spacing: normal; font-family: 'Open Sans', Helvetica, Arial, sans-serif; font-size: 14px; font-style: normal; font-weight: 400; word-spacing: 0px; white-space: normal; box-sizing: border-box; orphans: 2; widows: 2; background-color: #ffffff; font-variant-ligatures: normal; font-variant-caps: normal; -webkit-text-stroke-width: 0px; text-decoration-thickness: initial; text-decoration-style: initial; text-decoration-color: initial;\" \/><strong style=\"color: #313131; text-transform: none; text-indent: 0px; letter-spacing: normal; font-family: 'Open Sans', Helvetica, Arial, sans-serif; font-style: normal; font-weight: bold; word-spacing: 0px; white-space: normal; box-sizing: border-box; orphans: 2; widows: 2; background-color: #ffffff; font-variant-ligatures: normal; font-variant-caps: normal; -webkit-text-stroke-width: 0px; text-decoration-thickness: initial; text-decoration-style: initial; text-decoration-color: initial;\">Stockage :<\/strong><span style=\"color: #313131; text-transform: none; text-indent: 0px; letter-spacing: normal; font-family: 'Open Sans', Helvetica, Arial, sans-serif; font-size: 14px; font-style: normal; font-weight: 400; word-spacing: 0px; float: none; display: inline !important; white-space: normal; box-sizing: border-box; orphans: 2; widows: 2; background-color: #ffffff; font-variant-ligatures: normal; font-variant-caps: normal; -webkit-text-stroke-width: 0px; text-decoration-thickness: initial; text-decoration-style: initial; text-decoration-color: initial;\">\u00a0Conserver dans un endroit sec et frais.\u00a0Prot\u00e9ger de la lumi\u00e8re.<\/span><\/span><\/p>\n","protected":false},"excerpt":{"rendered":"<p>Des \u00e9pices soigneusement s\u00e9lectionn\u00e9es vous permettent de savourer le go\u00fbt du zurek ou du bortsch blanc.\u00a0Ajoutez simplement une d\u00e9licieuse saucisse fum\u00e9e et un \u0153uf et savourez le go\u00fbt traditionnel l\u00e9g\u00e8rement <a class=\"more-link\" href=\"https:\/\/dom-polski.fr\/index.php\/product\/prymat-zurek-epice-pour-soupe-polonaise-a-la-farine-aigre-25-g\/\">Afficher la suite \u2192<\/a><\/p>\n","protected":false},"featured_media":6565,"comment_status":"open","ping_status":"closed","template":"","meta":{"spay_email":"","jetpack_publicize_message":"","jetpack_is_tweetstorm":false},"aioseo_notices":[],"jetpack_publicize_connections":[],"jetpack_likes_enabled":false,"_links":{"self":[{"href":"https:\/\/dom-polski.fr\/index.php\/wp-json\/wp\/v2\/product\/6564"}],"collection":[{"href":"https:\/\/dom-polski.fr\/index.php\/wp-json\/wp\/v2\/product"}],"about":[{"href":"https:\/\/dom-polski.fr\/index.php\/wp-json\/wp\/v2\/types\/product"}],"replies":[{"embeddable":true,"href":"https:\/\/dom-polski.fr\/index.php\/wp-json\/wp\/v2\/comments?post=6564"}],"wp:featuredmedia":[{"embeddable":true,"href":"https:\/\/dom-polski.fr\/index.php\/wp-json\/wp\/v2\/media\/6565"}],"wp:attachment":[{"href":"https:\/\/dom-polski.fr\/index.php\/wp-json\/wp\/v2\/media?parent=6564"}],"curies":[{"name":"wp","href":"https:\/\/api.w.org\/{rel}","templated":true}]}}