{"id":6510,"date":"2021-03-05T11:42:44","date_gmt":"2021-03-05T10:42:44","guid":{"rendered":"https:\/\/dom-polski.fr\/?post_type=product&#038;p=6510"},"modified":"2025-08-28T09:05:17","modified_gmt":"2025-08-28T07:05:17","slug":"wedel-chalwa-vanille-100-g","status":"publish","type":"product","link":"https:\/\/dom-polski.fr\/index.php\/product\/wedel-chalwa-vanille-100-g\/","title":{"rendered":"Wedel Chalwa Vanille 100 g"},"content":{"rendered":"<p><strong><span style=\"color: #313131; font-size: medium;\">Wedel Chalwa Vanilla 100 g<br style=\"color: #313131; text-transform: none; text-indent: 0px; letter-spacing: normal; font-family: 'Open Sans', Helvetica, Arial, sans-serif; font-size: 14px; font-style: normal; font-weight: 400; word-spacing: 0px; white-space: normal; box-sizing: border-box; orphans: 2; widows: 2; background-color: #ffffff; font-variant-ligatures: normal; font-variant-caps: normal; -webkit-text-stroke-width: 0px; text-decoration-thickness: initial; text-decoration-style: initial; text-decoration-color: initial;\" \/><\/span><\/strong><span style=\"font-size: medium;\"><span style=\"color: #313131; text-transform: none; text-indent: 0px; letter-spacing: normal; font-family: 'Open Sans', Helvetica, Arial, sans-serif; font-size: 14px; font-style: normal; font-weight: 400; word-spacing: 0px; vertical-align: inherit; white-space: normal; box-sizing: border-box; orphans: 2; widows: 2; background-color: #ffffff; font-variant-ligatures: normal; font-variant-caps: normal; -webkit-text-stroke-width: 0px; text-decoration-thickness: initial; text-decoration-style: initial; text-decoration-color: initial;\">D\u00e9licieux halva enrichi d&rsquo;un ar\u00f4me unique de vanille.\u00a0Un classique.<\/span><br style=\"color: #313131; text-transform: none; text-indent: 0px; letter-spacing: normal; font-family: 'Open Sans', Helvetica, Arial, sans-serif; font-size: 14px; font-style: normal; font-weight: 400; word-spacing: 0px; white-space: normal; box-sizing: border-box; orphans: 2; widows: 2; background-color: #ffffff; font-variant-ligatures: normal; font-variant-caps: normal; -webkit-text-stroke-width: 0px; text-decoration-thickness: initial; text-decoration-style: initial; text-decoration-color: initial;\" \/><span style=\"color: #313131; text-transform: none; text-indent: 0px; letter-spacing: normal; font-family: 'Open Sans', Helvetica, Arial, sans-serif; font-size: 14px; font-style: normal; font-weight: 400; word-spacing: 0px; vertical-align: inherit; white-space: normal; box-sizing: border-box; orphans: 2; widows: 2; background-color: #ffffff; font-variant-ligatures: normal; font-variant-caps: normal; -webkit-text-stroke-width: 0px; text-decoration-thickness: initial; text-decoration-style: initial; text-decoration-color: initial;\">La conception du produit peut diff\u00e9rer de l&rsquo;image.<\/span><\/span><\/p>\n<table style=\"color: #313131; text-transform: none; letter-spacing: normal; font-family: 'Open Sans', Helvetica, Arial, sans-serif; font-size: 14px; font-style: normal; font-weight: 400; word-spacing: 0px; white-space: normal; border-collapse: collapse; box-sizing: border-box; border-spacing: 0px; orphans: 2; widows: 2; background-color: #ffffff; font-variant-ligatures: normal; font-variant-caps: normal; -webkit-text-stroke-width: 0px; text-decoration-thickness: initial; text-decoration-style: initial; text-decoration-color: initial;\">\n<tbody>\n<tr bgcolor=\"#e9e9e9\">\n<td width=\"45%\"><strong>Valeurs nutritionnelles moyennes<\/strong><\/td>\n<td width=\"35%\"><strong>Pour 100 g<\/strong><\/td>\n<td width=\"20%\"><\/td>\n<\/tr>\n<tr>\n<td><strong>\u00c9nergie :<\/strong><\/td>\n<td>2161<\/td>\n<td>kJ<\/td>\n<\/tr>\n<tr bgcolor=\"#e9e9e9\">\n<td><strong>\u00c9nergie :<\/strong><\/td>\n<td>518<\/td>\n<td>kcal<\/td>\n<\/tr>\n<tr>\n<td><strong>Mati\u00e8res grasses :<\/strong><\/td>\n<td>30\u00e8me<\/td>\n<td>g<\/td>\n<\/tr>\n<tr bgcolor=\"#e9e9e9\">\n<td><strong>&#8211; dont acides gras satur\u00e9s :<\/strong><\/td>\n<td>4.3<\/td>\n<td>g<\/td>\n<\/tr>\n<tr>\n<td><strong>Les glucides :<\/strong><\/td>\n<td>47<\/td>\n<td>g<\/td>\n<\/tr>\n<tr bgcolor=\"#e9e9e9\">\n<td><strong>&#8211; dont les sucres :<\/strong><\/td>\n<td>29<\/td>\n<td>g<\/td>\n<\/tr>\n<tr>\n<td><strong>Prot\u00e9ine :<\/strong><\/td>\n<td>13e<\/td>\n<td>g<\/td>\n<\/tr>\n<tr bgcolor=\"#e9e9e9\">\n<td><strong>Sel :<\/strong><\/td>\n<td>0,18<\/td>\n<td>g<\/td>\n<\/tr>\n<\/tbody>\n<\/table>\n<p><br style=\"color: #313131; text-transform: none; text-indent: 0px; letter-spacing: normal; font-family: 'Open Sans', Helvetica, Arial, sans-serif; font-size: 14px; font-style: normal; font-weight: 400; word-spacing: 0px; white-space: normal; box-sizing: border-box; orphans: 2; widows: 2; background-color: #ffffff; font-variant-ligatures: normal; font-variant-caps: normal; -webkit-text-stroke-width: 0px; text-decoration-thickness: initial; text-decoration-style: initial; text-decoration-color: initial;\" \/><span style=\"font-size: medium;\"><strong style=\"color: #313131; text-transform: none; text-indent: 0px; letter-spacing: normal; font-family: 'Open Sans', Helvetica, Arial, sans-serif; font-size: 14px; font-style: normal; font-weight: bold; word-spacing: 0px; white-space: normal; box-sizing: border-box; orphans: 2; widows: 2; background-color: #ffffff; font-variant-ligatures: normal; font-variant-caps: normal; -webkit-text-stroke-width: 0px; text-decoration-thickness: initial; text-decoration-style: initial; text-decoration-color: initial;\">Ingr\u00e9dients et allerg\u00e8nes :<\/strong><br style=\"color: #313131; text-transform: none; text-indent: 0px; letter-spacing: normal; font-family: 'Open Sans', Helvetica, Arial, sans-serif; font-size: 14px; font-style: normal; font-weight: 400; word-spacing: 0px; white-space: normal; box-sizing: border-box; orphans: 2; widows: 2; background-color: #ffffff; font-variant-ligatures: normal; font-variant-caps: normal; -webkit-text-stroke-width: 0px; text-decoration-thickness: initial; text-decoration-style: initial; text-decoration-color: initial;\" \/><span style=\"color: #313131; text-transform: none; text-indent: 0px; letter-spacing: normal; font-family: 'Open Sans', Helvetica, Arial, sans-serif; font-size: 14px; font-style: normal; font-weight: 400; word-spacing: 0px; vertical-align: inherit; white-space: normal; box-sizing: border-box; orphans: 2; widows: 2; background-color: #ffffff; font-variant-ligatures: normal; font-variant-caps: normal; -webkit-text-stroke-width: 0px; text-decoration-thickness: initial; text-decoration-style: initial; text-decoration-color: initial;\">Pulpe de s\u00e9same (50 %), sirop de glucose, sucre, graisse v\u00e9g\u00e9tale (palme), sel, prot\u00e9ine en poudre, ar\u00f4me.<\/span><br style=\"color: #313131; text-transform: none; text-indent: 0px; letter-spacing: normal; font-family: 'Open Sans', Helvetica, Arial, sans-serif; font-size: 14px; font-style: normal; font-weight: 400; word-spacing: 0px; white-space: normal; box-sizing: border-box; orphans: 2; widows: 2; background-color: #ffffff; font-variant-ligatures: normal; font-variant-caps: normal; -webkit-text-stroke-width: 0px; text-decoration-thickness: initial; text-decoration-style: initial; text-decoration-color: initial;\" \/><span style=\"color: #313131; text-transform: none; text-indent: 0px; letter-spacing: normal; font-family: 'Open Sans', Helvetica, Arial, sans-serif; font-size: 14px; font-style: normal; font-weight: 400; word-spacing: 0px; vertical-align: inherit; white-space: normal; box-sizing: border-box; orphans: 2; widows: 2; background-color: #ffffff; font-variant-ligatures: normal; font-variant-caps: normal; -webkit-text-stroke-width: 0px; text-decoration-thickness: initial; text-decoration-style: initial; text-decoration-color: initial;\">Contient : \u0153ufs, s\u00e9same<\/span><br style=\"color: #313131; text-transform: none; text-indent: 0px; letter-spacing: normal; font-family: 'Open Sans', Helvetica, Arial, sans-serif; font-size: 14px; font-style: normal; font-weight: 400; word-spacing: 0px; white-space: normal; box-sizing: border-box; orphans: 2; widows: 2; background-color: #ffffff; font-variant-ligatures: normal; font-variant-caps: normal; -webkit-text-stroke-width: 0px; text-decoration-thickness: initial; text-decoration-style: initial; text-decoration-color: initial;\" \/><span style=\"color: #313131; text-transform: none; text-indent: 0px; letter-spacing: normal; font-family: 'Open Sans', Helvetica, Arial, sans-serif; font-size: 14px; font-style: normal; font-weight: 400; word-spacing: 0px; vertical-align: inherit; white-space: normal; box-sizing: border-box; orphans: 2; widows: 2; background-color: #ffffff; font-variant-ligatures: normal; font-variant-caps: normal; -webkit-text-stroke-width: 0px; text-decoration-thickness: initial; text-decoration-style: initial; text-decoration-color: initial;\">Peut contenir du bl\u00e9 contenant du gluten, lait (lactose), soja, arachides, fruits \u00e0 coque.<\/span><br style=\"color: #313131; text-transform: none; text-indent: 0px; letter-spacing: normal; font-family: 'Open Sans', Helvetica, Arial, sans-serif; font-size: 14px; font-style: normal; font-weight: 400; word-spacing: 0px; white-space: normal; box-sizing: border-box; orphans: 2; widows: 2; background-color: #ffffff; font-variant-ligatures: normal; font-variant-caps: normal; -webkit-text-stroke-width: 0px; text-decoration-thickness: initial; text-decoration-style: initial; text-decoration-color: initial;\" \/><\/span><span style=\"font-size: medium;\"><strong style=\"color: #313131; text-transform: none; text-indent: 0px; letter-spacing: normal; font-family: 'Open Sans', Helvetica, Arial, sans-serif; font-style: normal; font-weight: bold; word-spacing: 0px; white-space: normal; box-sizing: border-box; orphans: 2; widows: 2; background-color: #ffffff; font-variant-ligatures: normal; font-variant-caps: normal; -webkit-text-stroke-width: 0px; text-decoration-thickness: initial; text-decoration-style: initial; text-decoration-color: initial;\">Informations de stockage :<br \/>\n<\/strong><span style=\"color: #313131; text-transform: none; text-indent: 0px; letter-spacing: normal; font-family: 'Open Sans', Helvetica, Arial, sans-serif; font-size: 14px; font-style: normal; font-weight: 400; word-spacing: 0px; vertical-align: inherit; white-space: normal; box-sizing: border-box; orphans: 2; widows: 2; background-color: #ffffff; font-variant-ligatures: normal; font-variant-caps: normal; -webkit-text-stroke-width: 0px; text-decoration-thickness: initial; text-decoration-style: initial; text-decoration-color: initial;\">Conserver \u00e0 l&rsquo;abri de la lumi\u00e8re, au sec et \u00e0 temp\u00e9rature ambiante.<\/span><\/span><\/p>\n","protected":false},"excerpt":{"rendered":"<p>Wedel Chalwa Vanilla 100 gD\u00e9licieux halva enrichi d&rsquo;un ar\u00f4me unique de vanille.\u00a0Un classique.La conception du produit peut diff\u00e9rer de l&rsquo;image. Valeurs nutritionnelles moyennes Pour 100 g \u00c9nergie : 2161 kJ <a class=\"more-link\" href=\"https:\/\/dom-polski.fr\/index.php\/product\/wedel-chalwa-vanille-100-g\/\">Afficher la suite \u2192<\/a><\/p>\n","protected":false},"featured_media":6511,"comment_status":"open","ping_status":"closed","template":"","meta":{"spay_email":"","jetpack_publicize_message":"","jetpack_is_tweetstorm":false},"aioseo_notices":[],"jetpack_publicize_connections":[],"jetpack_likes_enabled":false,"_links":{"self":[{"href":"https:\/\/dom-polski.fr\/index.php\/wp-json\/wp\/v2\/product\/6510"}],"collection":[{"href":"https:\/\/dom-polski.fr\/index.php\/wp-json\/wp\/v2\/product"}],"about":[{"href":"https:\/\/dom-polski.fr\/index.php\/wp-json\/wp\/v2\/types\/product"}],"replies":[{"embeddable":true,"href":"https:\/\/dom-polski.fr\/index.php\/wp-json\/wp\/v2\/comments?post=6510"}],"wp:featuredmedia":[{"embeddable":true,"href":"https:\/\/dom-polski.fr\/index.php\/wp-json\/wp\/v2\/media\/6511"}],"wp:attachment":[{"href":"https:\/\/dom-polski.fr\/index.php\/wp-json\/wp\/v2\/media?parent=6510"}],"curies":[{"name":"wp","href":"https:\/\/api.w.org\/{rel}","templated":true}]}}