{"id":6508,"date":"2021-03-05T11:34:21","date_gmt":"2021-03-05T10:34:21","guid":{"rendered":"https:\/\/dom-polski.fr\/?post_type=product&#038;p=6508"},"modified":"2022-01-26T16:14:00","modified_gmt":"2022-01-26T15:14:00","slug":"budyn-krowka-pudding-au-gout-de-caramel-64-g-delecta","status":"publish","type":"product","link":"https:\/\/dom-polski.fr\/index.php\/product\/budyn-krowka-pudding-au-gout-de-caramel-64-g-delecta\/","title":{"rendered":"Budyn \u00ab\u00a0Kr\u00f3wka\u00a0\u00bb pudding au go\u00fbt de caramel 64 g Delecta"},"content":{"rendered":"<p><strong><span style=\"color: #313131; font-size: medium;\">Budyn \u00a0\u00bbKr\u00f3wka\u00a0\u00bb Pudding aromatis\u00e9 au caramel 64 g Delecta<br style=\"color: #313131; text-transform: none; text-indent: 0px; letter-spacing: normal; font-family: 'Open Sans', Helvetica, Arial, sans-serif; font-size: 14px; font-style: normal; font-weight: 400; word-spacing: 0px; white-space: normal; box-sizing: border-box; orphans: 2; widows: 2; background-color: #ffffff; font-variant-ligatures: normal; font-variant-caps: normal; -webkit-text-stroke-width: 0px; text-decoration-thickness: initial; text-decoration-style: initial; text-decoration-color: initial;\" \/><\/span><\/strong><span style=\"color: #313131; text-transform: none; text-indent: 0px; letter-spacing: normal; font-family: 'Open Sans', Helvetica, Arial, sans-serif; font-size: 14px; font-style: normal; font-weight: 400; word-spacing: 0px; vertical-align: inherit; white-space: normal; box-sizing: border-box; orphans: 2; widows: 2; background-color: #ffffff; font-variant-ligatures: normal; font-variant-caps: normal; -webkit-text-stroke-width: 0px; text-decoration-thickness: initial; text-decoration-style: initial; text-decoration-color: initial;\"><span style=\"font-size: medium;\">BUDYN est un dessert au\u00a0<strong>caramel \u00e0 la<\/strong><\/span><span style=\"font-size: medium;\">\u00a0<\/span><span style=\"font-size: medium;\">texture onctueuse et velout\u00e9e.<\/span><span style=\"font-size: medium;\">\u00a0<\/span><span style=\"font-size: medium;\">BUDYN est l&rsquo;un des desserts laitiers les plus populaires pour les enfants, mais aussi pour vous.\u00a0BUDYN est sans sucre &#8211; ce qui vous permet de d\u00e9cider \u00e0 quel point il est sucr\u00e9.<\/span><\/span><br style=\"color: #313131; text-transform: none; text-indent: 0px; letter-spacing: normal; font-family: 'Open Sans', Helvetica, Arial, sans-serif; font-size: 14px; font-style: normal; font-weight: 400; word-spacing: 0px; white-space: normal; box-sizing: border-box; orphans: 2; widows: 2; background-color: #ffffff; font-variant-ligatures: normal; font-variant-caps: normal; -webkit-text-stroke-width: 0px; text-decoration-thickness: initial; text-decoration-style: initial; text-decoration-color: initial;\" \/><strong style=\"color: #313131; text-transform: none; text-indent: 0px; letter-spacing: normal; font-family: 'Open Sans', Helvetica, Arial, sans-serif; font-size: 14px; font-style: normal; font-weight: bold; word-spacing: 0px; white-space: normal; box-sizing: border-box; orphans: 2; widows: 2; background-color: #ffffff; font-variant-ligatures: normal; font-variant-caps: normal; -webkit-text-stroke-width: 0px; text-decoration-thickness: initial; text-decoration-style: initial; text-decoration-color: initial;\"><span style=\"font-size: medium;\">La conception du produit peut diff\u00e9rer de l&rsquo;image.<\/span><\/strong><\/p>\n<table style=\"color: #313131; text-transform: none; letter-spacing: normal; font-family: 'Open Sans', Helvetica, Arial, sans-serif; font-size: 14px; font-style: normal; font-weight: 400; word-spacing: 0px; white-space: normal; border-collapse: collapse; box-sizing: border-box; border-spacing: 0px; orphans: 2; widows: 2; background-color: #ffffff; font-variant-ligatures: normal; font-variant-caps: normal; -webkit-text-stroke-width: 0px; text-decoration-thickness: initial; text-decoration-style: initial; text-decoration-color: initial;\">\n<tbody>\n<tr bgcolor=\"#e9e9e9\">\n<td width=\"45%\"><strong>Valeurs nutritionnelles moyennes<\/strong><\/td>\n<td width=\"35%\"><strong>Pour 100 g<\/strong><\/td>\n<td width=\"20%\"><\/td>\n<\/tr>\n<tr>\n<td><strong>\u00c9nergie :<\/strong><\/td>\n<td>419<\/td>\n<td>kJ<\/td>\n<\/tr>\n<tr bgcolor=\"#e9e9e9\">\n<td><strong>\u00c9nergie :<\/strong><\/td>\n<td>99<\/td>\n<td>kcal<\/td>\n<\/tr>\n<tr>\n<td><strong>Mati\u00e8res grasses :<\/strong><\/td>\n<td>1,8<\/td>\n<td>g<\/td>\n<\/tr>\n<tr bgcolor=\"#e9e9e9\">\n<td><strong>&#8211; dont acides gras satur\u00e9s :<\/strong><\/td>\n<td>1.1<\/td>\n<td>g<\/td>\n<\/tr>\n<tr>\n<td><strong>Glucides :<\/strong><\/td>\n<td>18e<\/td>\n<td>g<\/td>\n<\/tr>\n<tr bgcolor=\"#e9e9e9\">\n<td><strong>&#8211; dont les sucres :<\/strong><\/td>\n<td>11<\/td>\n<td>g<\/td>\n<\/tr>\n<tr>\n<td><strong>Prot\u00e9ine :<\/strong><\/td>\n<td>3,1<\/td>\n<td>g<\/td>\n<\/tr>\n<tr bgcolor=\"#e9e9e9\">\n<td><strong>Sel :<\/strong><\/td>\n<td>0,1<\/td>\n<td>g<\/td>\n<\/tr>\n<\/tbody>\n<\/table>\n<p style=\"margin: 0px 0px 10px; color: #313131; text-transform: none; text-indent: 0px; letter-spacing: normal; font-family: 'Open Sans', Helvetica, Arial, sans-serif; font-size: 14px; font-style: normal; font-weight: 400; word-spacing: 0px; white-space: normal; box-sizing: border-box; orphans: 2; widows: 2; background-color: #ffffff; font-variant-ligatures: normal; font-variant-caps: normal; -webkit-text-stroke-width: 0px; text-decoration-thickness: initial; text-decoration-style: initial; text-decoration-color: initial;\"><span style=\"font-size: medium;\"><strong>Ingr\u00e9dients et allerg\u00e8nes :<\/strong><br \/>\nAmidon de pomme de terre modifi\u00e9 (ma\u00efs, pomme de terre) Couleur: saveur caramel.<br \/>\n<\/span><span style=\"font-size: medium;\"><strong>Informations de conservation :<br \/>\n<\/strong>Conserver dans un endroit sec, \u00e0 l&rsquo;abri de la lumi\u00e8re et \u00e0 temp\u00e9rature ambiante.<\/span><\/p>\n","protected":false},"excerpt":{"rendered":"<p>Budyn \u00a0\u00bbKr\u00f3wka\u00a0\u00bb Pudding aromatis\u00e9 au caramel 64 g DelectaBUDYN est un dessert au\u00a0caramel \u00e0 la\u00a0texture onctueuse et velout\u00e9e.\u00a0BUDYN est l&rsquo;un des desserts laitiers les plus populaires pour les enfants, mais <a class=\"more-link\" href=\"https:\/\/dom-polski.fr\/index.php\/product\/budyn-krowka-pudding-au-gout-de-caramel-64-g-delecta\/\">Afficher la suite \u2192<\/a><\/p>\n","protected":false},"featured_media":6509,"comment_status":"open","ping_status":"closed","template":"","meta":{"spay_email":"","jetpack_publicize_message":"","jetpack_is_tweetstorm":false},"aioseo_notices":[],"jetpack_publicize_connections":[],"jetpack_likes_enabled":false,"_links":{"self":[{"href":"https:\/\/dom-polski.fr\/index.php\/wp-json\/wp\/v2\/product\/6508"}],"collection":[{"href":"https:\/\/dom-polski.fr\/index.php\/wp-json\/wp\/v2\/product"}],"about":[{"href":"https:\/\/dom-polski.fr\/index.php\/wp-json\/wp\/v2\/types\/product"}],"replies":[{"embeddable":true,"href":"https:\/\/dom-polski.fr\/index.php\/wp-json\/wp\/v2\/comments?post=6508"}],"wp:featuredmedia":[{"embeddable":true,"href":"https:\/\/dom-polski.fr\/index.php\/wp-json\/wp\/v2\/media\/6509"}],"wp:attachment":[{"href":"https:\/\/dom-polski.fr\/index.php\/wp-json\/wp\/v2\/media?parent=6508"}],"curies":[{"name":"wp","href":"https:\/\/api.w.org\/{rel}","templated":true}]}}