{"id":6506,"date":"2021-03-05T11:29:08","date_gmt":"2021-03-05T10:29:08","guid":{"rendered":"https:\/\/dom-polski.fr\/?post_type=product&#038;p=6506"},"modified":"2021-11-21T14:42:54","modified_gmt":"2021-11-21T13:42:54","slug":"prymat-poivre-de-jamaique-15-g","status":"publish","type":"product","link":"https:\/\/dom-polski.fr\/index.php\/product\/prymat-poivre-de-jamaique-15-g\/","title":{"rendered":"Prymat \u00ab\u00a0Poivre de Jama\u00efque\u00a0\u00bb 15 g"},"content":{"rendered":"<div class=\"desc\" style=\"color: #313131; text-transform: none; text-indent: 0px; letter-spacing: normal; font-family: 'Open Sans', Helvetica, Arial, sans-serif; font-size: 14px; font-style: normal; font-weight: 400; word-spacing: 0px; white-space: normal; box-sizing: border-box; orphans: 2; widows: 2; background-color: #ffffff; overflow-wrap: break-word; hyphens: auto; font-variant-ligatures: normal; font-variant-caps: normal; -webkit-text-stroke-width: 0px; text-decoration-thickness: initial; text-decoration-style: initial; text-decoration-color: initial;\"><span style=\"font-size: medium;\"><strong>Prymat Allspice Whole \u00a0\u00bbTargets Angielskie\u00a0\u00bb 15 g<\/strong><br \/>\nAllspice Prymat a un ar\u00f4me fascinant et est ajout\u00e9 aux aliments gras tels que les saucisses, le gibier et l&rsquo;agneau ainsi qu&rsquo;aux l\u00e9gumes l\u00e9gers tels que les \u00e9pinards dans la cuisine polonaise.\u00a0Le piment de la Jama\u00efque inspire le monde des \u00e9pices depuis des si\u00e8cles, non seulement en raison de son go\u00fbt et de ses propri\u00e9t\u00e9s aromatiques, mais aussi en raison de ses effets positifs sur la sant\u00e9.<br \/>\nLa conception du produit peut diff\u00e9rer de l&rsquo;image.<\/span><\/div>\n<div><strong><span style=\"color: #313131; font-size: medium;\">Ingr\u00e9dients et allerg\u00e8nes :<br \/>\n<\/span><\/strong><span style=\"font-size: medium;\"><span style=\"color: #313131; text-transform: none; text-indent: 0px; letter-spacing: normal; font-family: 'Open Sans', Helvetica, Arial, sans-serif; font-size: 14px; font-style: normal; font-weight: 400; word-spacing: 0px; vertical-align: inherit; white-space: normal; box-sizing: border-box; orphans: 2; widows: 2; background-color: #ffffff; font-variant-ligatures: normal; font-variant-caps: normal; -webkit-text-stroke-width: 0px; text-decoration-thickness: initial; text-decoration-style: initial; text-decoration-color: initial;\">Poivre de la Jama\u00efque<\/span><br style=\"color: #313131; text-transform: none; text-indent: 0px; letter-spacing: normal; font-family: 'Open Sans', Helvetica, Arial, sans-serif; font-size: 14px; font-style: normal; font-weight: 400; word-spacing: 0px; white-space: normal; box-sizing: border-box; orphans: 2; widows: 2; background-color: #ffffff; font-variant-ligatures: normal; font-variant-caps: normal; -webkit-text-stroke-width: 0px; text-decoration-thickness: initial; text-decoration-style: initial; text-decoration-color: initial;\" \/><br style=\"color: #313131; text-transform: none; text-indent: 0px; letter-spacing: normal; font-family: 'Open Sans', Helvetica, Arial, sans-serif; font-size: 14px; font-style: normal; font-weight: 400; word-spacing: 0px; white-space: normal; box-sizing: border-box; orphans: 2; widows: 2; background-color: #ffffff; font-variant-ligatures: normal; font-variant-caps: normal; -webkit-text-stroke-width: 0px; text-decoration-thickness: initial; text-decoration-style: initial; text-decoration-color: initial;\" \/><span style=\"color: #313131; text-transform: none; text-indent: 0px; letter-spacing: normal; font-family: 'Open Sans', Helvetica, Arial, sans-serif; font-size: 14px; font-style: normal; font-weight: 400; word-spacing: 0px; vertical-align: inherit; white-space: normal; box-sizing: border-box; orphans: 2; widows: 2; background-color: #ffffff; font-variant-ligatures: normal; font-variant-caps: normal; -webkit-text-stroke-width: 0px; text-decoration-thickness: initial; text-decoration-style: initial; text-decoration-color: initial;\">Peut contenir des traces de : c\u00e9r\u00e9ales contenant du gluten, \u0153ufs, lait, y compris lactose, gluten, moutarde, c\u00e9leri, arachides, s\u00e9same contiennent.<\/span><br style=\"color: #313131; text-transform: none; text-indent: 0px; letter-spacing: normal; font-family: 'Open Sans', Helvetica, Arial, sans-serif; font-size: 14px; font-style: normal; font-weight: 400; word-spacing: 0px; white-space: normal; box-sizing: border-box; orphans: 2; widows: 2; background-color: #ffffff; font-variant-ligatures: normal; font-variant-caps: normal; -webkit-text-stroke-width: 0px; text-decoration-thickness: initial; text-decoration-style: initial; text-decoration-color: initial;\" \/><strong style=\"color: #313131; text-transform: none; text-indent: 0px; letter-spacing: normal; font-family: 'Open Sans', Helvetica, Arial, sans-serif; font-style: normal; font-weight: bold; word-spacing: 0px; white-space: normal; box-sizing: border-box; orphans: 2; widows: 2; background-color: #ffffff; font-variant-ligatures: normal; font-variant-caps: normal; -webkit-text-stroke-width: 0px; text-decoration-thickness: initial; text-decoration-style: initial; text-decoration-color: initial;\">Stockage :<\/strong><\/span><span style=\"color: #313131; text-transform: none; text-indent: 0px; letter-spacing: normal; font-family: 'Open Sans', Helvetica, Arial, sans-serif; font-size: 14px; font-style: normal; font-weight: 400; word-spacing: 0px; vertical-align: inherit; white-space: normal; box-sizing: border-box; orphans: 2; widows: 2; background-color: #ffffff; font-variant-ligatures: normal; font-variant-caps: normal; -webkit-text-stroke-width: 0px; text-decoration-thickness: initial; text-decoration-style: initial; text-decoration-color: initial;\"><span style=\"font-size: medium;\">\u00a0<\/span><span style=\"font-size: medium;\">Conserver dans un endroit sec et frais.<\/span><span style=\"font-size: medium;\">\u00a0<\/span><span style=\"font-size: medium;\">Prot\u00e9ger de la lumi\u00e8re.<\/span><\/span><\/div>\n","protected":false},"excerpt":{"rendered":"<p>Prymat Allspice Whole \u00a0\u00bbTargets Angielskie\u00a0\u00bb 15 g Allspice Prymat a un ar\u00f4me fascinant et est ajout\u00e9 aux aliments gras tels que les saucisses, le gibier et l&rsquo;agneau ainsi qu&rsquo;aux l\u00e9gumes <a class=\"more-link\" href=\"https:\/\/dom-polski.fr\/index.php\/product\/prymat-poivre-de-jamaique-15-g\/\">Afficher la suite \u2192<\/a><\/p>\n","protected":false},"featured_media":6507,"comment_status":"open","ping_status":"closed","template":"","meta":{"spay_email":"","jetpack_publicize_message":"","jetpack_is_tweetstorm":false},"aioseo_notices":[],"jetpack_publicize_connections":[],"jetpack_likes_enabled":false,"_links":{"self":[{"href":"https:\/\/dom-polski.fr\/index.php\/wp-json\/wp\/v2\/product\/6506"}],"collection":[{"href":"https:\/\/dom-polski.fr\/index.php\/wp-json\/wp\/v2\/product"}],"about":[{"href":"https:\/\/dom-polski.fr\/index.php\/wp-json\/wp\/v2\/types\/product"}],"replies":[{"embeddable":true,"href":"https:\/\/dom-polski.fr\/index.php\/wp-json\/wp\/v2\/comments?post=6506"}],"wp:featuredmedia":[{"embeddable":true,"href":"https:\/\/dom-polski.fr\/index.php\/wp-json\/wp\/v2\/media\/6507"}],"wp:attachment":[{"href":"https:\/\/dom-polski.fr\/index.php\/wp-json\/wp\/v2\/media?parent=6506"}],"curies":[{"name":"wp","href":"https:\/\/api.w.org\/{rel}","templated":true}]}}