{"id":6501,"date":"2021-03-05T11:21:18","date_gmt":"2021-03-05T10:21:18","guid":{"rendered":"https:\/\/dom-polski.fr\/?post_type=product&#038;p=6501"},"modified":"2026-04-29T08:03:34","modified_gmt":"2026-04-29T06:03:34","slug":"chips-wiejskie-ziemniaczki-au-gout-doignon-130-g-lorenz","status":"publish","type":"product","link":"https:\/\/dom-polski.fr\/index.php\/product\/chips-wiejskie-ziemniaczki-au-gout-doignon-130-g-lorenz\/","title":{"rendered":"Chips \u00ab\u00a0Wiejskie Ziemniaczki\u00a0\u00bb au go\u00fbt d&rsquo;oignon 130 g Lorenz"},"content":{"rendered":"<p><strong><span style=\"color: #313131; font-size: medium;\">Chips \u00abWiejskie Ziemniaczki\u00bb \u00e0 la saveur d&rsquo;oignon 130 g Lorenz<br \/>\n<\/span><\/strong><span style=\"font-size: medium;\"><span style=\"color: #313131; text-transform: none; text-indent: 0px; letter-spacing: normal; font-family: 'Open Sans', Helvetica, Arial, sans-serif; font-size: 14px; font-style: normal; font-weight: 400; word-spacing: 0px; vertical-align: inherit; white-space: normal; box-sizing: border-box; orphans: 2; widows: 2; background-color: #ffffff; font-variant-ligatures: normal; font-variant-caps: normal; -webkit-text-stroke-width: 0px; text-decoration-thickness: initial; text-decoration-style: initial; text-decoration-color: initial;\">Ce produit est fait pour les amateurs de snacks sal\u00e9s.\u00a0Les chips se caract\u00e9risent par leur go\u00fbt d&rsquo;oignon intense et leur croustillant sensationnel.\u00a0Ils sont fabriqu\u00e9s \u00e0 partir de pommes de terre de haute qualit\u00e9.<\/span><br style=\"color: #313131; text-transform: none; text-indent: 0px; letter-spacing: normal; font-family: 'Open Sans', Helvetica, Arial, sans-serif; font-size: 14px; font-style: normal; font-weight: 400; word-spacing: 0px; white-space: normal; box-sizing: border-box; orphans: 2; widows: 2; background-color: #ffffff; font-variant-ligatures: normal; font-variant-caps: normal; -webkit-text-stroke-width: 0px; text-decoration-thickness: initial; text-decoration-style: initial; text-decoration-color: initial;\" \/><span style=\"color: #313131; text-transform: none; text-indent: 0px; letter-spacing: normal; font-family: 'Open Sans', Helvetica, Arial, sans-serif; font-size: 14px; font-style: normal; font-weight: 400; word-spacing: 0px; vertical-align: inherit; white-space: normal; box-sizing: border-box; orphans: 2; widows: 2; background-color: #ffffff; font-variant-ligatures: normal; font-variant-caps: normal; -webkit-text-stroke-width: 0px; text-decoration-thickness: initial; text-decoration-style: initial; text-decoration-color: initial;\">La conception du produit peut diff\u00e9rer de l&rsquo;image.<\/span><\/span><\/p>\n<table style=\"color: #313131; text-transform: none; letter-spacing: normal; font-family: 'Open Sans', Helvetica, Arial, sans-serif; font-size: 14px; font-style: normal; font-weight: 400; word-spacing: 0px; white-space: normal; border-collapse: collapse; box-sizing: border-box; border-spacing: 0px; orphans: 2; widows: 2; background-color: #ffffff; font-variant-ligatures: normal; font-variant-caps: normal; -webkit-text-stroke-width: 0px; text-decoration-thickness: initial; text-decoration-style: initial; text-decoration-color: initial;\">\n<tbody>\n<tr bgcolor=\"#e9e9e9\">\n<td width=\"45%\"><strong>Valeurs nutritionnelles moyennes<\/strong><\/td>\n<td width=\"35%\"><strong>Pour 100 g<\/strong><\/td>\n<td width=\"20%\"><\/td>\n<\/tr>\n<tr>\n<td><strong>\u00c9nergie :<\/strong><\/td>\n<td>2201<\/td>\n<td>kJ<\/td>\n<\/tr>\n<tr bgcolor=\"#e9e9e9\">\n<td><strong>\u00c9nergie :<\/strong><\/td>\n<td>528<\/td>\n<td>kcal<\/td>\n<\/tr>\n<tr>\n<td><strong>Mati\u00e8res grasses<\/strong><\/td>\n<td>34<\/td>\n<td>g<\/td>\n<\/tr>\n<tr bgcolor=\"#e9e9e9\">\n<td><strong>&#8211; dont: acides gras satur\u00e9s :<\/strong><\/td>\n<td>2,3<\/td>\n<td>g<\/td>\n<\/tr>\n<tr>\n<td><strong>Glucides :<\/strong><\/td>\n<td>48<\/td>\n<td>g<\/td>\n<\/tr>\n<tr bgcolor=\"#e9e9e9\">\n<td><strong>&#8211; dont les sucres :<\/strong><\/td>\n<td>1,5<\/td>\n<td>g<\/td>\n<\/tr>\n<tr>\n<td><strong>Prot\u00e9ine :<\/strong><\/td>\n<td>5.5<\/td>\n<td>g<\/td>\n<\/tr>\n<tr bgcolor=\"#e9e9e9\">\n<td><strong>Sel: <\/strong><\/td>\n<td>1,7<\/td>\n<td>g<\/td>\n<\/tr>\n<\/tbody>\n<\/table>\n<p><br style=\"color: #313131; text-transform: none; text-indent: 0px; letter-spacing: normal; font-family: 'Open Sans', Helvetica, Arial, sans-serif; font-size: 14px; font-style: normal; font-weight: 400; word-spacing: 0px; white-space: normal; box-sizing: border-box; orphans: 2; widows: 2; background-color: #ffffff; font-variant-ligatures: normal; font-variant-caps: normal; -webkit-text-stroke-width: 0px; text-decoration-thickness: initial; text-decoration-style: initial; text-decoration-color: initial;\" \/><span style=\"font-size: medium;\"><span style=\"color: #313131; text-transform: none; text-indent: 0px; letter-spacing: normal; font-family: 'Open Sans', Helvetica, Arial, sans-serif; font-size: 14px; font-style: normal; font-weight: 400; word-spacing: 0px; vertical-align: inherit; white-space: normal; box-sizing: border-box; orphans: 2; widows: 2; background-color: #ffffff; font-variant-ligatures: normal; font-variant-caps: normal; -webkit-text-stroke-width: 0px; text-decoration-thickness: initial; text-decoration-style: initial; text-decoration-color: initial;\">Ingr\u00e9dients et allerg\u00e8nes :<\/span><br style=\"color: #313131; text-transform: none; text-indent: 0px; letter-spacing: normal; font-family: 'Open Sans', Helvetica, Arial, sans-serif; font-size: 14px; font-style: normal; font-weight: 400; word-spacing: 0px; white-space: normal; box-sizing: border-box; orphans: 2; widows: 2; background-color: #ffffff; font-variant-ligatures: normal; font-variant-caps: normal; -webkit-text-stroke-width: 0px; text-decoration-thickness: initial; text-decoration-style: initial; text-decoration-color: initial;\" \/><span style=\"color: #313131; text-transform: none; text-indent: 0px; letter-spacing: normal; font-family: 'Open Sans', Helvetica, Arial, sans-serif; font-size: 14px; font-style: normal; font-weight: 400; word-spacing: 0px; vertical-align: inherit; white-space: normal; box-sizing: border-box; orphans: 2; widows: 2; background-color: #ffffff; font-variant-ligatures: normal; font-variant-caps: normal; -webkit-text-stroke-width: 0px; text-decoration-thickness: initial; text-decoration-style: initial; text-decoration-color: initial;\">Pommes de terre, huile de tournesol (34 %), oignon en poudre, sel, sucre, ar\u00f4me naturel, lait \u00e9cr\u00e9m\u00e9 en poudre, destrose, petit-lait en poudre (de lait), fromage en poudre, extrait de levure, colorant: extrait de poivre.<\/span><br style=\"color: #313131; text-transform: none; text-indent: 0px; letter-spacing: normal; font-family: 'Open Sans', Helvetica, Arial, sans-serif; font-size: 14px; font-style: normal; font-weight: 400; word-spacing: 0px; white-space: normal; box-sizing: border-box; orphans: 2; widows: 2; background-color: #ffffff; font-variant-ligatures: normal; font-variant-caps: normal; -webkit-text-stroke-width: 0px; text-decoration-thickness: initial; text-decoration-style: initial; text-decoration-color: initial;\" \/><span style=\"color: #313131; text-transform: none; text-indent: 0px; letter-spacing: normal; font-family: 'Open Sans', Helvetica, Arial, sans-serif; font-size: 14px; font-style: normal; font-weight: 400; word-spacing: 0px; vertical-align: inherit; white-space: normal; box-sizing: border-box; orphans: 2; widows: 2; background-color: #ffffff; font-variant-ligatures: normal; font-variant-caps: normal; -webkit-text-stroke-width: 0px; text-decoration-thickness: initial; text-decoration-style: initial; text-decoration-color: initial;\">Contient : lait (lactose)<\/span><br style=\"color: #313131; text-transform: none; text-indent: 0px; letter-spacing: normal; font-family: 'Open Sans', Helvetica, Arial, sans-serif; font-size: 14px; font-style: normal; font-weight: 400; word-spacing: 0px; white-space: normal; box-sizing: border-box; orphans: 2; widows: 2; background-color: #ffffff; font-variant-ligatures: normal; font-variant-caps: normal; -webkit-text-stroke-width: 0px; text-decoration-thickness: initial; text-decoration-style: initial; text-decoration-color: initial;\" \/><span style=\"color: #313131; text-transform: none; text-indent: 0px; letter-spacing: normal; font-family: 'Open Sans', Helvetica, Arial, sans-serif; font-size: 14px; font-style: normal; font-weight: 400; word-spacing: 0px; vertical-align: inherit; white-space: normal; box-sizing: border-box; orphans: 2; widows: 2; background-color: #ffffff; font-variant-ligatures: normal; font-variant-caps: normal; -webkit-text-stroke-width: 0px; text-decoration-thickness: initial; text-decoration-style: initial; text-decoration-color: initial;\">Peut contenir du bl\u00e9 contenant du gluten.<\/span><br style=\"color: #313131; text-transform: none; text-indent: 0px; letter-spacing: normal; font-family: 'Open Sans', Helvetica, Arial, sans-serif; font-size: 14px; font-style: normal; font-weight: 400; word-spacing: 0px; white-space: normal; box-sizing: border-box; orphans: 2; widows: 2; background-color: #ffffff; font-variant-ligatures: normal; font-variant-caps: normal; -webkit-text-stroke-width: 0px; text-decoration-thickness: initial; text-decoration-style: initial; text-decoration-color: initial;\" \/><\/span><span style=\"font-size: medium;\"><strong style=\"color: #313131; text-transform: none; text-indent: 0px; letter-spacing: normal; font-family: 'Open Sans', Helvetica, Arial, sans-serif; font-style: normal; font-weight: bold; word-spacing: 0px; white-space: normal; box-sizing: border-box; orphans: 2; widows: 2; background-color: #ffffff; font-variant-ligatures: normal; font-variant-caps: normal; -webkit-text-stroke-width: 0px; text-decoration-thickness: initial; text-decoration-style: initial; text-decoration-color: initial;\">Informations de stockage :<br \/>\n<\/strong><span style=\"color: #313131; text-transform: none; text-indent: 0px; letter-spacing: normal; font-family: 'Open Sans', Helvetica, Arial, sans-serif; font-size: 14px; font-style: normal; font-weight: 400; word-spacing: 0px; vertical-align: inherit; white-space: normal; box-sizing: border-box; orphans: 2; widows: 2; background-color: #ffffff; font-variant-ligatures: normal; font-variant-caps: normal; -webkit-text-stroke-width: 0px; text-decoration-thickness: initial; text-decoration-style: initial; text-decoration-color: initial;\">Conserver \u00e0 l&rsquo;abri de la lumi\u00e8re, au sec et \u00e0 temp\u00e9rature ambiante.<\/span><\/span><\/p>\n","protected":false},"excerpt":{"rendered":"<p>Chips \u00abWiejskie Ziemniaczki\u00bb \u00e0 la saveur d&rsquo;oignon 130 g Lorenz Ce produit est fait pour les amateurs de snacks sal\u00e9s.\u00a0Les chips se caract\u00e9risent par leur go\u00fbt d&rsquo;oignon intense et leur <a class=\"more-link\" href=\"https:\/\/dom-polski.fr\/index.php\/product\/chips-wiejskie-ziemniaczki-au-gout-doignon-130-g-lorenz\/\">Afficher la suite \u2192<\/a><\/p>\n","protected":false},"featured_media":6502,"comment_status":"open","ping_status":"closed","template":"","meta":{"spay_email":"","jetpack_publicize_message":"","jetpack_is_tweetstorm":false},"aioseo_notices":[],"jetpack_publicize_connections":[],"jetpack_likes_enabled":false,"_links":{"self":[{"href":"https:\/\/dom-polski.fr\/index.php\/wp-json\/wp\/v2\/product\/6501"}],"collection":[{"href":"https:\/\/dom-polski.fr\/index.php\/wp-json\/wp\/v2\/product"}],"about":[{"href":"https:\/\/dom-polski.fr\/index.php\/wp-json\/wp\/v2\/types\/product"}],"replies":[{"embeddable":true,"href":"https:\/\/dom-polski.fr\/index.php\/wp-json\/wp\/v2\/comments?post=6501"}],"wp:featuredmedia":[{"embeddable":true,"href":"https:\/\/dom-polski.fr\/index.php\/wp-json\/wp\/v2\/media\/6502"}],"wp:attachment":[{"href":"https:\/\/dom-polski.fr\/index.php\/wp-json\/wp\/v2\/media?parent=6501"}],"curies":[{"name":"wp","href":"https:\/\/api.w.org\/{rel}","templated":true}]}}