{"id":6494,"date":"2021-03-05T11:00:10","date_gmt":"2021-03-05T10:00:10","guid":{"rendered":"https:\/\/dom-polski.fr\/?post_type=product&#038;p=6494"},"modified":"2022-01-26T16:14:35","modified_gmt":"2022-01-26T15:14:35","slug":"corn-flips-chrupki-kukurydziane-100-g-tygryski","status":"publish","type":"product","link":"https:\/\/dom-polski.fr\/index.php\/product\/corn-flips-chrupki-kukurydziane-100-g-tygryski\/","title":{"rendered":"Corn flips \u00a0\u00bbChrupki Kukurydziane\u00a0\u00bb 100 g Tygryski"},"content":{"rendered":"<p style=\"margin: 0px 0px 10px; color: #313131; text-transform: none; text-indent: 0px; letter-spacing: normal; font-family: 'Open Sans', Helvetica, Arial, sans-serif; font-style: normal; font-weight: 400; word-spacing: 0px; white-space: normal; box-sizing: border-box; orphans: 2; widows: 2; background-color: #ffffff; font-variant-ligatures: normal; font-variant-caps: normal; -webkit-text-stroke-width: 0px; text-decoration-thickness: initial; text-decoration-style: initial; text-decoration-color: initial;\"><strong><span style=\"font-size: medium;\">Corn flips \u00a0\u00bbChrupki Kukurydziane\u00a0\u00bb 100 g Tygryski<\/span><\/strong><\/p>\n<p style=\"margin: 0px 0px 10px; color: #313131; text-transform: none; text-indent: 0px; letter-spacing: normal; font-family: 'Open Sans', Helvetica, Arial, sans-serif; font-style: normal; font-weight: 400; word-spacing: 0px; white-space: normal; box-sizing: border-box; orphans: 2; widows: 2; background-color: #ffffff; font-variant-ligatures: normal; font-variant-caps: normal; -webkit-text-stroke-width: 0px; text-decoration-thickness: initial; text-decoration-style: initial; text-decoration-color: initial;\"><span style=\"font-size: medium;\">Les chips de ma\u00efs sont sur le march\u00e9 depuis 2005.\u00a0Le travail acharn\u00e9, la tradition, le souci de la qualit\u00e9 ont fait de Tygryski un leader incontestable.\u00a0N&rsquo;oubliez pas que les tigres sont fabriqu\u00e9s \u00e0 partir de gruaux de ma\u00efs s\u00e9lectionn\u00e9s et g\u00e9n\u00e9tiquement non modifi\u00e9s de la plus haute qualit\u00e9.\u00a0Ils sont une collation d\u00e9licieuse et croquante pour les enfants et les parents.<\/span><\/p>\n<p style=\"margin: 0px 0px 10px; color: #313131; text-transform: none; text-indent: 0px; letter-spacing: normal; font-family: 'Open Sans', Helvetica, Arial, sans-serif; font-style: normal; font-weight: 400; word-spacing: 0px; white-space: normal; box-sizing: border-box; orphans: 2; widows: 2; background-color: #ffffff; font-variant-ligatures: normal; font-variant-caps: normal; -webkit-text-stroke-width: 0px; text-decoration-thickness: initial; text-decoration-style: initial; text-decoration-color: initial;\"><span style=\"font-size: medium;\">La conception du produit peut diff\u00e9rer de l&rsquo;image.<\/span><\/p>\n<table style=\"color: #313131; text-transform: none; letter-spacing: normal; font-family: 'Open Sans', Helvetica, Arial, sans-serif; font-size: 14px; font-style: normal; font-weight: 400; word-spacing: 0px; white-space: normal; border-collapse: collapse; box-sizing: border-box; border-spacing: 0px; orphans: 2; widows: 2; background-color: #ffffff; font-variant-ligatures: normal; font-variant-caps: normal; -webkit-text-stroke-width: 0px; text-decoration-thickness: initial; text-decoration-style: initial; text-decoration-color: initial;\">\n<tbody>\n<tr>\n<td><strong>Valeurs nutritionnelles moyennes<\/strong><\/td>\n<td><strong>Pour 100 g<\/strong><\/td>\n<td><\/td>\n<\/tr>\n<tr>\n<td><strong>\u00c9nergie :<\/strong><\/td>\n<td>1624<\/td>\n<td>kJ<\/td>\n<\/tr>\n<tr>\n<td><strong>\u00c9nergie :<\/strong><\/td>\n<td>382<\/td>\n<td>kcal<\/td>\n<\/tr>\n<tr>\n<td><strong>Mati\u00e8res grasses :<\/strong><\/td>\n<td>1,5<\/td>\n<td>g<\/td>\n<\/tr>\n<tr>\n<td><strong>&#8211; dont acides gras satur\u00e9s :<\/strong><\/td>\n<td>0,2<\/td>\n<td>g<\/td>\n<\/tr>\n<tr>\n<td><strong>Glucides :<\/strong><\/td>\n<td>83<\/td>\n<td>g<\/td>\n<\/tr>\n<tr>\n<td><strong>&#8211; dont les sucres :<\/strong><\/td>\n<td>1,5<\/td>\n<td>g<\/td>\n<\/tr>\n<tr>\n<td><strong>Prot\u00e9ine :<\/strong><\/td>\n<td>8,8<\/td>\n<td>g<\/td>\n<\/tr>\n<tr>\n<td><strong>Sel :<\/strong><\/td>\n<td>0,01<\/td>\n<td>g<\/td>\n<\/tr>\n<\/tbody>\n<\/table>\n<p style=\"margin: 0px 0px 10px; color: #313131; text-transform: none; text-indent: 0px; letter-spacing: normal; font-family: 'Open Sans', Helvetica, Arial, sans-serif; font-style: normal; font-weight: 400; word-spacing: 0px; white-space: normal; box-sizing: border-box; orphans: 2; widows: 2; background-color: #ffffff; font-variant-ligatures: normal; font-variant-caps: normal; -webkit-text-stroke-width: 0px; text-decoration-thickness: initial; text-decoration-style: initial; text-decoration-color: initial;\"><strong><span style=\"font-size: medium;\">Ingr\u00e9dients et allerg\u00e8nes :<br \/>\n<\/span><\/strong><span style=\"font-size: medium;\">Repas avec c\u00e9r\u00e9ales<br \/>\nPeut contenir du bl\u00e9 contenant du gluten, du lait (lactose), des arachides, du soja.<\/span><\/p>\n<p><strong>Informations de stockage :<\/strong><br \/>\nConserver \u00e0 l&rsquo;abri de la lumi\u00e8re, au sec et \u00e0 temp\u00e9rature ambiante.<\/p>\n","protected":false},"excerpt":{"rendered":"<p>Corn flips \u00a0\u00bbChrupki Kukurydziane\u00a0\u00bb 100 g Tygryski Les chips de ma\u00efs sont sur le march\u00e9 depuis 2005.\u00a0Le travail acharn\u00e9, la tradition, le souci de la qualit\u00e9 ont fait de Tygryski <a class=\"more-link\" href=\"https:\/\/dom-polski.fr\/index.php\/product\/corn-flips-chrupki-kukurydziane-100-g-tygryski\/\">Afficher la suite \u2192<\/a><\/p>\n","protected":false},"featured_media":6496,"comment_status":"open","ping_status":"closed","template":"","meta":{"spay_email":"","jetpack_publicize_message":"","jetpack_is_tweetstorm":false},"aioseo_notices":[],"jetpack_publicize_connections":[],"jetpack_likes_enabled":false,"_links":{"self":[{"href":"https:\/\/dom-polski.fr\/index.php\/wp-json\/wp\/v2\/product\/6494"}],"collection":[{"href":"https:\/\/dom-polski.fr\/index.php\/wp-json\/wp\/v2\/product"}],"about":[{"href":"https:\/\/dom-polski.fr\/index.php\/wp-json\/wp\/v2\/types\/product"}],"replies":[{"embeddable":true,"href":"https:\/\/dom-polski.fr\/index.php\/wp-json\/wp\/v2\/comments?post=6494"}],"wp:featuredmedia":[{"embeddable":true,"href":"https:\/\/dom-polski.fr\/index.php\/wp-json\/wp\/v2\/media\/6496"}],"wp:attachment":[{"href":"https:\/\/dom-polski.fr\/index.php\/wp-json\/wp\/v2\/media?parent=6494"}],"curies":[{"name":"wp","href":"https:\/\/api.w.org\/{rel}","templated":true}]}}