{"id":6395,"date":"2021-02-18T12:00:13","date_gmt":"2021-02-18T11:00:13","guid":{"rendered":"https:\/\/dom-polski.fr\/?post_type=product&#038;p=6395"},"modified":"2021-12-01T20:12:38","modified_gmt":"2021-12-01T19:12:38","slug":"planche-decorative-babouchka-6","status":"publish","type":"product","link":"https:\/\/dom-polski.fr\/index.php\/product\/planche-decorative-babouchka-6\/","title":{"rendered":"Planche d\u00e9corative babouchka"},"content":{"rendered":"<p>Hauteur de la poup\u00e9e : 27,00 cm<br \/>\nDiam\u00e8tre : 13,50 cm<br \/>\nMati\u00e8re : Bois<br \/>\nPeint et vernie \u00e0 la main<\/p>\n","protected":false},"excerpt":{"rendered":"<p>Hauteur de la poup\u00e9e : 27,00 cm Diam\u00e8tre : 13,50 cm Mati\u00e8re : Bois Peint et vernie \u00e0 la main<\/p>\n","protected":false},"featured_media":6396,"comment_status":"open","ping_status":"closed","template":"","meta":{"spay_email":"","jetpack_publicize_message":"","jetpack_is_tweetstorm":false},"aioseo_notices":[],"jetpack_publicize_connections":[],"jetpack_likes_enabled":false,"_links":{"self":[{"href":"https:\/\/dom-polski.fr\/index.php\/wp-json\/wp\/v2\/product\/6395"}],"collection":[{"href":"https:\/\/dom-polski.fr\/index.php\/wp-json\/wp\/v2\/product"}],"about":[{"href":"https:\/\/dom-polski.fr\/index.php\/wp-json\/wp\/v2\/types\/product"}],"replies":[{"embeddable":true,"href":"https:\/\/dom-polski.fr\/index.php\/wp-json\/wp\/v2\/comments?post=6395"}],"wp:featuredmedia":[{"embeddable":true,"href":"https:\/\/dom-polski.fr\/index.php\/wp-json\/wp\/v2\/media\/6396"}],"wp:attachment":[{"href":"https:\/\/dom-polski.fr\/index.php\/wp-json\/wp\/v2\/media?parent=6395"}],"curies":[{"name":"wp","href":"https:\/\/api.w.org\/{rel}","templated":true}]}}