{"id":6298,"date":"2021-02-10T11:42:57","date_gmt":"2021-02-10T10:42:57","guid":{"rendered":"https:\/\/dom-polski.fr\/?post_type=product&#038;p=6298"},"modified":"2022-11-23T15:20:08","modified_gmt":"2022-11-23T14:20:08","slug":"fix-galettes-de-pomme-de-terre-200-g-knorr","status":"publish","type":"product","link":"https:\/\/dom-polski.fr\/index.php\/product\/fix-galettes-de-pomme-de-terre-200-g-knorr\/","title":{"rendered":"Fix Galettes de pomme de terre 200 g Knorr"},"content":{"rendered":"<p><strong>Ingr\u00e9dients :<\/strong> Pommes de terre (61 %), amidon, sel, oignon (2,3 %), huile de palme, stabilisant : acide ascorbique, antioxydant: m\u00e9tabisulfite de sodium.<\/p>\n<p><strong>Ajouter :<\/strong><br \/>\n&#8211; 2 et 1\/2 tasses d&rsquo;eau froide<br \/>\n&#8211; 1 oeuf<br \/>\n&#8211; 3\/4 tasse d&rsquo;huile de friture<\/p>\n<p><strong>Une m\u00e9thode de pr\u00e9paration:<\/strong><br \/>\n1. Versez le contenu du sac dans un bol et m\u00e9langez-le soigneusement avec de l&rsquo;eau et l&rsquo;\u0153uf.<br \/>\n2. Laisser la p\u00e2te de c\u00f4t\u00e9 pendant 10 minutes pour qu&rsquo;elle \u00e9paississe.<br \/>\n3. Faites frire les cr\u00eapes dans l&rsquo;huile chaude des deux c\u00f4t\u00e9s jusqu&rsquo;\u00e0 ce qu&rsquo;elles soient dor\u00e9es.<\/p>\n<p><strong>Conseil :<\/strong><br \/>\n1. Faites toujours frire les cr\u00eapes dans de l&rsquo;huile chaude et placez-les sur une serviette en papier &#8211; elles seront moins grasses.<br \/>\n2. Les cr\u00eapes ont bon go\u00fbt avec la cr\u00e8me sure. Vous pouvez \u00e9galement les servir avec du goulasch ou de la sauce hongroise.<\/p>\n","protected":false},"excerpt":{"rendered":"<p>Ingr\u00e9dients : Pommes de terre (61 %), amidon, sel, oignon (2,3 %), huile de palme, stabilisant : acide ascorbique, antioxydant: m\u00e9tabisulfite de sodium. Ajouter : &#8211; 2 et 1\/2 tasses <a class=\"more-link\" href=\"https:\/\/dom-polski.fr\/index.php\/product\/fix-galettes-de-pomme-de-terre-200-g-knorr\/\">Afficher la suite \u2192<\/a><\/p>\n","protected":false},"featured_media":6227,"comment_status":"open","ping_status":"closed","template":"","meta":{"spay_email":"","jetpack_publicize_message":"","jetpack_is_tweetstorm":false},"aioseo_notices":[],"jetpack_publicize_connections":[],"jetpack_likes_enabled":false,"_links":{"self":[{"href":"https:\/\/dom-polski.fr\/index.php\/wp-json\/wp\/v2\/product\/6298"}],"collection":[{"href":"https:\/\/dom-polski.fr\/index.php\/wp-json\/wp\/v2\/product"}],"about":[{"href":"https:\/\/dom-polski.fr\/index.php\/wp-json\/wp\/v2\/types\/product"}],"replies":[{"embeddable":true,"href":"https:\/\/dom-polski.fr\/index.php\/wp-json\/wp\/v2\/comments?post=6298"}],"wp:featuredmedia":[{"embeddable":true,"href":"https:\/\/dom-polski.fr\/index.php\/wp-json\/wp\/v2\/media\/6227"}],"wp:attachment":[{"href":"https:\/\/dom-polski.fr\/index.php\/wp-json\/wp\/v2\/media?parent=6298"}],"curies":[{"name":"wp","href":"https:\/\/api.w.org\/{rel}","templated":true}]}}