{"id":6296,"date":"2021-02-10T11:34:36","date_gmt":"2021-02-10T10:34:36","guid":{"rendered":"https:\/\/dom-polski.fr\/?post_type=product&#038;p=6296"},"modified":"2021-02-10T11:34:36","modified_gmt":"2021-02-10T10:34:36","slug":"sodium-bicarbonate-purifie-prymat-50-g","status":"publish","type":"product","link":"https:\/\/dom-polski.fr\/index.php\/product\/sodium-bicarbonate-purifie-prymat-50-g\/","title":{"rendered":"Sodium bicarbonate purifi\u00e9 \u00ab\u00a0Prymat\u00a0\u00bb 50 g"},"content":{"rendered":"<p><strong>Ingr\u00e9dients :<\/strong> Bicarbonate de sodium E500.<br \/>\n<strong>Allerg\u00e8nes :<\/strong> Le produit peut contenir : des c\u00e9r\u00e9ales contenant du gluten, des \u0153ufs, du lait (y compris du lactose), du soja, de la moutarde, du c\u00e9leri, des arachides et du s\u00e9same. Conditions d&rsquo;utilisation : Conserver dans un endroit frais et sec. Informations compl\u00e9mentaires : A consommer jusqu&rsquo;au : voir la date indiqu\u00e9e sur l&#8217;emballage.<br \/>\n<strong>Poids net :<\/strong> 50 g<br \/>\nSaviez-vous que le soda a un certain nombre d&rsquo;utilisations \u00e0 la maison ? \u00c9limine l&rsquo;ar\u00f4me de l&rsquo;ail et de l&rsquo;oignon des planches \u00e0 d\u00e9couper, \u00e9limine les odeurs ind\u00e9sirables du r\u00e9frig\u00e9rateur, \u00e9limine les taches graisseuses et agit comme un agent de blanchiment doux pour le lavage.<\/p>\n","protected":false},"excerpt":{"rendered":"<p>Ingr\u00e9dients : Bicarbonate de sodium E500. Allerg\u00e8nes : Le produit peut contenir : des c\u00e9r\u00e9ales contenant du gluten, des \u0153ufs, du lait (y compris du lactose), du soja, de la <a class=\"more-link\" href=\"https:\/\/dom-polski.fr\/index.php\/product\/sodium-bicarbonate-purifie-prymat-50-g\/\">Afficher la suite \u2192<\/a><\/p>\n","protected":false},"featured_media":6297,"comment_status":"open","ping_status":"closed","template":"","meta":{"spay_email":"","jetpack_publicize_message":"","jetpack_is_tweetstorm":false},"aioseo_notices":[],"jetpack_publicize_connections":[],"jetpack_likes_enabled":false,"_links":{"self":[{"href":"https:\/\/dom-polski.fr\/index.php\/wp-json\/wp\/v2\/product\/6296"}],"collection":[{"href":"https:\/\/dom-polski.fr\/index.php\/wp-json\/wp\/v2\/product"}],"about":[{"href":"https:\/\/dom-polski.fr\/index.php\/wp-json\/wp\/v2\/types\/product"}],"replies":[{"embeddable":true,"href":"https:\/\/dom-polski.fr\/index.php\/wp-json\/wp\/v2\/comments?post=6296"}],"wp:featuredmedia":[{"embeddable":true,"href":"https:\/\/dom-polski.fr\/index.php\/wp-json\/wp\/v2\/media\/6297"}],"wp:attachment":[{"href":"https:\/\/dom-polski.fr\/index.php\/wp-json\/wp\/v2\/media?parent=6296"}],"curies":[{"name":"wp","href":"https:\/\/api.w.org\/{rel}","templated":true}]}}