{"id":6287,"date":"2021-02-10T10:45:19","date_gmt":"2021-02-10T09:45:19","guid":{"rendered":"https:\/\/dom-polski.fr\/?post_type=product&#038;p=6287"},"modified":"2024-08-26T07:13:41","modified_gmt":"2024-08-26T05:13:41","slug":"tisane-a-la-framboise-20-x-3-g-herbapol","status":"publish","type":"product","link":"https:\/\/dom-polski.fr\/index.php\/product\/tisane-a-la-framboise-20-x-3-g-herbapol\/","title":{"rendered":"Tisane \u00e0 la framboise 20 x 3 g Herbapol"},"content":{"rendered":"<p><strong>Ingr\u00e9dients :<\/strong> Fruit \u00e0 la framboise (60 %), fleur d&rsquo;hibiscus, rose sauvage, ar\u00f4me naturel, produit ne contient que des ingr\u00e9dients naturels.<br \/>\n<strong>Description du produit :<\/strong> La framboise est un th\u00e9, dont le fruit de d\u00e9gustation est purement d&rsquo;ingr\u00e9dients normaux. Gr\u00e2ce au sachet transparent, vous pouvez voir de gros morceaux de fruits gr\u00e2ce auxquels la boisson est extr\u00eamement savoureuse et aromatique. En choisissant le th\u00e9 de jardin, vous choisissez le meilleur de la nature. Tisane \u00e0 saveur de framboise.<br \/>\n<strong>Conseil d&rsquo;utilisation :<\/strong> Conserver dans un endroit sec et \u00e0 l&rsquo;abri de la lumi\u00e8re. Conseil de pr\u00e9paration : Verser un sachet de verre d&rsquo;eau bouillante. Incuber sous couvercle pendant environ 5-7 minutes. Informations importantes : Ne pas utiliser chez les personnes hypersensibles pour les tisanes de camomille. Un effet b\u00e9n\u00e9fique de l&rsquo;action d\u00e9clar\u00e9e se produit lors de la consommation d&rsquo;infusions de 2 sachets par jour. Une alimentation \u00e9quilibr\u00e9e et vari\u00e9e et un mode de vie sain sont la base pour assurer le bon fonctionnement du corps. Informations compl\u00e9mentaires : Poids net : 54 g (20 sachets).<br \/>\n<strong>Valeurs nutritionnelles pour 100 g<\/strong>\/ m\u00e9langer avec de l&rsquo;eau et 1 sachet (200 ml) Valeur \u00e9nerg\u00e9tique 227 kJ (53 kcal)\/ 6 kJ (1 kcal) glucide 12 g\/ &lt;0,5 g Y compris les sucres 12 g\/ &lt;0,5 g prot\u00e9ine 1,1 g\/ &lt;0,5 g Contient des quantit\u00e9s n\u00e9gligeables de mati\u00e8res grasses (y compris les acides gras satur\u00e9s) et de sels. Apport de r\u00e9f\u00e9rence pour l&rsquo;adulte moyen (8400kJ \/ 2000kcal).<\/p>\n","protected":false},"excerpt":{"rendered":"<p>Ingr\u00e9dients : Fruit \u00e0 la framboise (60 %), fleur d&rsquo;hibiscus, rose sauvage, ar\u00f4me naturel, produit ne contient que des ingr\u00e9dients naturels. Description du produit : La framboise est un th\u00e9, <a class=\"more-link\" href=\"https:\/\/dom-polski.fr\/index.php\/product\/tisane-a-la-framboise-20-x-3-g-herbapol\/\">Afficher la suite \u2192<\/a><\/p>\n","protected":false},"featured_media":6288,"comment_status":"open","ping_status":"closed","template":"","meta":{"spay_email":"","jetpack_publicize_message":"","jetpack_is_tweetstorm":false},"aioseo_notices":[],"jetpack_publicize_connections":[],"jetpack_likes_enabled":false,"_links":{"self":[{"href":"https:\/\/dom-polski.fr\/index.php\/wp-json\/wp\/v2\/product\/6287"}],"collection":[{"href":"https:\/\/dom-polski.fr\/index.php\/wp-json\/wp\/v2\/product"}],"about":[{"href":"https:\/\/dom-polski.fr\/index.php\/wp-json\/wp\/v2\/types\/product"}],"replies":[{"embeddable":true,"href":"https:\/\/dom-polski.fr\/index.php\/wp-json\/wp\/v2\/comments?post=6287"}],"wp:featuredmedia":[{"embeddable":true,"href":"https:\/\/dom-polski.fr\/index.php\/wp-json\/wp\/v2\/media\/6288"}],"wp:attachment":[{"href":"https:\/\/dom-polski.fr\/index.php\/wp-json\/wp\/v2\/media?parent=6287"}],"curies":[{"name":"wp","href":"https:\/\/api.w.org\/{rel}","templated":true}]}}