{"id":6232,"date":"2021-02-03T10:10:24","date_gmt":"2021-02-03T09:10:24","guid":{"rendered":"https:\/\/dom-polski.fr\/?post_type=product&#038;p=6232"},"modified":"2021-02-03T10:11:17","modified_gmt":"2021-02-03T09:11:17","slug":"casquette-blanche-grise-aigle","status":"publish","type":"product","link":"https:\/\/dom-polski.fr\/index.php\/product\/casquette-blanche-grise-aigle\/","title":{"rendered":"Casquette blanche\/grise Aigle"},"content":{"rendered":"<p><span style=\"font-size: medium;\"><span style=\"font-family: Verdana;\">Motif : embl\u00e8me brod\u00e9 et inscription Pologne sur le devant de la casquette.<\/span><br \/>\nCouleur du bonnet: blanc\/gris.<\/span><\/p>\n<p><span style=\"font-size: medium;\"><span style=\"font-family: Verdana;\">Casquettes de baseball con\u00e7ues pour les fans, les touristes et plus encore.\u00a0<span class=\"goog-text-highlight\">Fabriqu\u00e9 professionnellement en 100 % coton \u00e9pais, richement d\u00e9cor\u00e9 de broderies traditionnelles ou de broderies convexes tr\u00e8s attrayantes 3D.<\/span><\/span><br \/>\n<\/span><\/p>\n<p>&nbsp;<\/p>\n","protected":false},"excerpt":{"rendered":"<p>Motif : embl\u00e8me brod\u00e9 et inscription Pologne sur le devant de la casquette. Couleur du bonnet: blanc\/gris. Casquettes de baseball con\u00e7ues pour les fans, les touristes et plus encore.\u00a0Fabriqu\u00e9 professionnellement <a class=\"more-link\" href=\"https:\/\/dom-polski.fr\/index.php\/product\/casquette-blanche-grise-aigle\/\">Afficher la suite \u2192<\/a><\/p>\n","protected":false},"featured_media":6234,"comment_status":"open","ping_status":"closed","template":"","meta":{"spay_email":"","jetpack_publicize_message":"","jetpack_is_tweetstorm":false},"aioseo_notices":[],"jetpack_publicize_connections":[],"jetpack_likes_enabled":false,"_links":{"self":[{"href":"https:\/\/dom-polski.fr\/index.php\/wp-json\/wp\/v2\/product\/6232"}],"collection":[{"href":"https:\/\/dom-polski.fr\/index.php\/wp-json\/wp\/v2\/product"}],"about":[{"href":"https:\/\/dom-polski.fr\/index.php\/wp-json\/wp\/v2\/types\/product"}],"replies":[{"embeddable":true,"href":"https:\/\/dom-polski.fr\/index.php\/wp-json\/wp\/v2\/comments?post=6232"}],"wp:featuredmedia":[{"embeddable":true,"href":"https:\/\/dom-polski.fr\/index.php\/wp-json\/wp\/v2\/media\/6234"}],"wp:attachment":[{"href":"https:\/\/dom-polski.fr\/index.php\/wp-json\/wp\/v2\/media?parent=6232"}],"curies":[{"name":"wp","href":"https:\/\/api.w.org\/{rel}","templated":true}]}}