{"id":6228,"date":"2021-02-03T09:39:51","date_gmt":"2021-02-03T08:39:51","guid":{"rendered":"https:\/\/dom-polski.fr\/?post_type=product&#038;p=6228"},"modified":"2021-04-04T18:54:43","modified_gmt":"2021-04-04T16:54:43","slug":"vodka-zubrowka-czarna-dab-40-700-ml","status":"publish","type":"product","link":"https:\/\/dom-polski.fr\/index.php\/product\/vodka-zubrowka-czarna-dab-40-700-ml\/","title":{"rendered":"Vodka \u017bubr\u00f3wka Czarna D\u0105b 40 % 700 ml"},"content":{"rendered":"<h2><span style=\"color: #000000; text-transform: none; text-indent: 0px; letter-spacing: normal; font-family: 'Open Sans', sans-serif; font-size: 13px; font-style: normal; word-spacing: 0px; float: none; display: inline !important; white-space: normal; orphans: 2; widows: 2; background-color: #ffffff; font-variant-ligatures: normal; font-variant-caps: normal; -webkit-text-stroke-width: 0px; text-decoration-thickness: initial; text-decoration-style: initial; text-decoration-color: initial;\">Zubrowka est une vodka polonaise connue dans le monde entier : c&rsquo;est une marque unique avec pr\u00e8s de 500 ans de tradition. Le rituel de sa cr\u00e9ation commence par la recherche, la collecte et la s\u00e9lection de l&rsquo;herbe de bison, qui pousse \u00e0 l&rsquo;\u00e9tat sauvage dans la for\u00eat de Bialowieza. A partir de l&rsquo;herbe correctement pr\u00e9par\u00e9e, on obtient un extrait qui, plus tard, est combin\u00e9 avec de l&rsquo;alcool pur de la plus haute qualit\u00e9.<\/span><\/h2>\n<h2><span style=\"color: #000000;\">L&rsquo;abus d&rsquo;alcool est dangereux pour la sant\u00e9. A consommer avec mod\u00e9ration.<\/span><\/h2>\n","protected":false},"excerpt":{"rendered":"<p>Zubrowka est une vodka polonaise connue dans le monde entier : c&rsquo;est une marque unique avec pr\u00e8s de 500 ans de tradition. Le rituel de sa cr\u00e9ation commence par la <a class=\"more-link\" href=\"https:\/\/dom-polski.fr\/index.php\/product\/vodka-zubrowka-czarna-dab-40-700-ml\/\">Afficher la suite \u2192<\/a><\/p>\n","protected":false},"featured_media":6229,"comment_status":"open","ping_status":"closed","template":"","meta":{"spay_email":"","jetpack_publicize_message":"","jetpack_is_tweetstorm":false},"aioseo_notices":[],"jetpack_publicize_connections":[],"jetpack_likes_enabled":false,"_links":{"self":[{"href":"https:\/\/dom-polski.fr\/index.php\/wp-json\/wp\/v2\/product\/6228"}],"collection":[{"href":"https:\/\/dom-polski.fr\/index.php\/wp-json\/wp\/v2\/product"}],"about":[{"href":"https:\/\/dom-polski.fr\/index.php\/wp-json\/wp\/v2\/types\/product"}],"replies":[{"embeddable":true,"href":"https:\/\/dom-polski.fr\/index.php\/wp-json\/wp\/v2\/comments?post=6228"}],"wp:featuredmedia":[{"embeddable":true,"href":"https:\/\/dom-polski.fr\/index.php\/wp-json\/wp\/v2\/media\/6229"}],"wp:attachment":[{"href":"https:\/\/dom-polski.fr\/index.php\/wp-json\/wp\/v2\/media?parent=6228"}],"curies":[{"name":"wp","href":"https:\/\/api.w.org\/{rel}","templated":true}]}}