{"id":6210,"date":"2021-02-02T10:25:22","date_gmt":"2021-02-02T09:25:22","guid":{"rendered":"https:\/\/dom-polski.fr\/?post_type=product&#038;p=6210"},"modified":"2026-02-17T09:32:10","modified_gmt":"2026-02-17T08:32:10","slug":"chapeau-dhiver-pologne-aigle-raye-blanc","status":"publish","type":"product","link":"https:\/\/dom-polski.fr\/index.php\/product\/chapeau-dhiver-pologne-aigle-raye-blanc\/","title":{"rendered":"Bonnet d&rsquo;hiver Pologne Aigle ray\u00e9 blanc"},"content":{"rendered":"<p><strong><span style=\"font-family: Verdana; font-size: medium;\">Bonnet d&rsquo;hiver \u00ab\u00a0Pologne\u00a0\u00bb<\/span><\/strong><\/p>\n<ul>\n<li><span style=\"font-family: Verdana;\"><strong><span style=\"font-size: medium;\">Patron : <\/span><\/strong><span style=\"font-size: medium;\">Aigle brod\u00e9 et inscription POLSKA sur le devant du chapeau.<\/span><\/span><\/li>\n<li><span style=\"font-family: Verdana;\"><strong><span style=\"font-size: medium;\">Couleur : <\/span><\/strong><span style=\"font-size: medium;\">blanc-rouge<\/span><\/span><\/li>\n<\/ul>\n<p><strong><span style=\"font-family: Verdana; font-size: medium;\">\u00c0 propos de nos bonnet d&rsquo;hiver :<\/span><\/strong><\/p>\n<p><span style=\"font-size: medium;\"><span style=\"font-family: Verdana;\">Bonnet d&rsquo;hiver pour les fans, les touristes et plus encore. Professionnellement fait de coton \u00e9pais, d\u00e9cor\u00e9 de broderies convexes 3D. Ils sont parfaits comme cadeau ou souvenir pour les invit\u00e9s de l&rsquo;\u00e9tranger, les sportifs et les collectionneurs.<\/span><\/span><\/p>\n<p><span style=\"font-family: Verdana; font-size: medium;\">Nous vous invitons \u00e0 vous familiariser avec les autres produits de notre offre !<\/span><\/p>\n","protected":false},"excerpt":{"rendered":"<p>Bonnet d&rsquo;hiver \u00ab\u00a0Pologne\u00a0\u00bb Patron : Aigle brod\u00e9 et inscription POLSKA sur le devant du chapeau. Couleur : blanc-rouge \u00c0 propos de nos bonnet d&rsquo;hiver : Bonnet d&rsquo;hiver pour les fans, <a class=\"more-link\" href=\"https:\/\/dom-polski.fr\/index.php\/product\/chapeau-dhiver-pologne-aigle-raye-blanc\/\">Afficher la suite \u2192<\/a><\/p>\n","protected":false},"featured_media":6211,"comment_status":"open","ping_status":"closed","template":"","meta":{"spay_email":"","jetpack_publicize_message":"","jetpack_is_tweetstorm":false},"aioseo_notices":[],"jetpack_publicize_connections":[],"jetpack_likes_enabled":false,"_links":{"self":[{"href":"https:\/\/dom-polski.fr\/index.php\/wp-json\/wp\/v2\/product\/6210"}],"collection":[{"href":"https:\/\/dom-polski.fr\/index.php\/wp-json\/wp\/v2\/product"}],"about":[{"href":"https:\/\/dom-polski.fr\/index.php\/wp-json\/wp\/v2\/types\/product"}],"replies":[{"embeddable":true,"href":"https:\/\/dom-polski.fr\/index.php\/wp-json\/wp\/v2\/comments?post=6210"}],"wp:featuredmedia":[{"embeddable":true,"href":"https:\/\/dom-polski.fr\/index.php\/wp-json\/wp\/v2\/media\/6211"}],"wp:attachment":[{"href":"https:\/\/dom-polski.fr\/index.php\/wp-json\/wp\/v2\/media?parent=6210"}],"curies":[{"name":"wp","href":"https:\/\/api.w.org\/{rel}","templated":true}]}}