{"id":6205,"date":"2021-02-02T10:17:59","date_gmt":"2021-02-02T09:17:59","guid":{"rendered":"https:\/\/dom-polski.fr\/?post_type=product&#038;p=6205"},"modified":"2023-08-13T15:30:48","modified_gmt":"2023-08-13T13:30:48","slug":"mug-drapeau-polonais-carte-avec-laigle","status":"publish","type":"product","link":"https:\/\/dom-polski.fr\/index.php\/product\/mug-drapeau-polonais-carte-avec-laigle\/","title":{"rendered":"Mug Drapeau polonais &#8211; Carte avec l&rsquo;aigle"},"content":{"rendered":"<p>Tasse avec drapeau polonais<br \/>\nC\u00e9ramique blanche avec inscription Polska et carte de la Pologne<br \/>\nCapacit\u00e9 : 330 ml<br \/>\nHauteur : 95 mm<br \/>\nDiam\u00e8tre : 80 mm<\/p>\n","protected":false},"excerpt":{"rendered":"<p>Tasse avec drapeau polonais C\u00e9ramique blanche avec inscription Polska et carte de la Pologne Capacit\u00e9 : 330 ml Hauteur : 95 mm Diam\u00e8tre : 80 mm<\/p>\n","protected":false},"featured_media":6207,"comment_status":"open","ping_status":"closed","template":"","meta":{"spay_email":"","jetpack_publicize_message":"","jetpack_is_tweetstorm":false},"aioseo_notices":[],"jetpack_publicize_connections":[],"jetpack_likes_enabled":false,"_links":{"self":[{"href":"https:\/\/dom-polski.fr\/index.php\/wp-json\/wp\/v2\/product\/6205"}],"collection":[{"href":"https:\/\/dom-polski.fr\/index.php\/wp-json\/wp\/v2\/product"}],"about":[{"href":"https:\/\/dom-polski.fr\/index.php\/wp-json\/wp\/v2\/types\/product"}],"replies":[{"embeddable":true,"href":"https:\/\/dom-polski.fr\/index.php\/wp-json\/wp\/v2\/comments?post=6205"}],"wp:featuredmedia":[{"embeddable":true,"href":"https:\/\/dom-polski.fr\/index.php\/wp-json\/wp\/v2\/media\/6207"}],"wp:attachment":[{"href":"https:\/\/dom-polski.fr\/index.php\/wp-json\/wp\/v2\/media?parent=6205"}],"curies":[{"name":"wp","href":"https:\/\/api.w.org\/{rel}","templated":true}]}}