{"id":6189,"date":"2021-02-02T09:13:57","date_gmt":"2021-02-02T08:13:57","guid":{"rendered":"https:\/\/dom-polski.fr\/?post_type=product&#038;p=6189"},"modified":"2024-10-12T18:39:14","modified_gmt":"2024-10-12T16:39:14","slug":"tasse-lowicz-folklore","status":"publish","type":"product","link":"https:\/\/dom-polski.fr\/index.php\/product\/tasse-lowicz-folklore\/","title":{"rendered":"Tasse \u0141owicz Folklore"},"content":{"rendered":"<p><strong><span style=\"font-family: Verdana; font-size: medium;\">Mug souvenir \u00ab\u00a0Folklore Aigle\u00a0\u00bb<\/span><\/strong><\/p>\n<ul>\n<li><span style=\"font-family: Verdana;\"><strong><span style=\"font-size: medium;\">Motif :<\/span><\/strong><span style=\"font-size: medium;\">\u00a0aigle polonais avec un motif folklorique<\/span><\/span><\/li>\n<li><span style=\"font-family: Verdana;\"><strong><span style=\"font-size: medium;\">Couleur :<\/span><\/strong><span style=\"font-size: medium;\">\u00a0<\/span><span style=\"font-size: medium;\">blanc<\/span><\/span><\/li>\n<li><span style=\"font-family: Verdana;\"><strong><span style=\"font-size: medium;\">Mat\u00e9riel :<\/span><\/strong><span style=\"font-size: medium;\">\u00a0<\/span><span style=\"font-size: medium;\">c\u00e9ramique<\/span><\/span><\/li>\n<\/ul>\n<p><strong><span style=\"font-family: Verdana; font-size: medium;\">\u00c0 propos de nos tasses :<\/span><\/strong><\/p>\n<p><span style=\"font-size: medium;\"><span style=\"font-family: Verdana;\">Un mug souvenir est l&rsquo;un des produits les plus populaires de notre offre.\u00a0Le produit est fabriqu\u00e9 en c\u00e9ramique de porcelaine de la plus haute qualit\u00e9, d\u00e9cor\u00e9e avec la m\u00e9thode de sublimation.\u00a0Gr\u00e2ce \u00e0 un rev\u00eatement sp\u00e9cial, l&rsquo;impression sur la tasse r\u00e9siste au lavage au lave-vaisselle.<\/span><\/span><\/p>\n<ul>\n<li><span style=\"font-family: Verdana; font-size: medium;\">Capacit\u00e9 : 330 ml<\/span><\/li>\n<li><span style=\"font-family: Verdana; font-size: medium;\">Hauteur : 97 mm<\/span><\/li>\n<li><span style=\"font-family: Verdana; font-size: medium;\">Diam\u00e8tre : 80 mm<\/span><\/li>\n<li><span style=\"font-family: Verdana; font-size: medium;\">Mat\u00e9riel : c\u00e9ramique<\/span><\/li>\n<\/ul>\n","protected":false},"excerpt":{"rendered":"<p>Mug souvenir \u00ab\u00a0Folklore Aigle\u00a0\u00bb Motif :\u00a0aigle polonais avec un motif folklorique Couleur :\u00a0blanc Mat\u00e9riel :\u00a0c\u00e9ramique \u00c0 propos de nos tasses : Un mug souvenir est l&rsquo;un des produits les plus <a class=\"more-link\" href=\"https:\/\/dom-polski.fr\/index.php\/product\/tasse-lowicz-folklore\/\">Afficher la suite \u2192<\/a><\/p>\n","protected":false},"featured_media":6190,"comment_status":"open","ping_status":"closed","template":"","meta":{"spay_email":"","jetpack_publicize_message":"","jetpack_is_tweetstorm":false},"aioseo_notices":[],"jetpack_publicize_connections":[],"jetpack_likes_enabled":false,"_links":{"self":[{"href":"https:\/\/dom-polski.fr\/index.php\/wp-json\/wp\/v2\/product\/6189"}],"collection":[{"href":"https:\/\/dom-polski.fr\/index.php\/wp-json\/wp\/v2\/product"}],"about":[{"href":"https:\/\/dom-polski.fr\/index.php\/wp-json\/wp\/v2\/types\/product"}],"replies":[{"embeddable":true,"href":"https:\/\/dom-polski.fr\/index.php\/wp-json\/wp\/v2\/comments?post=6189"}],"wp:featuredmedia":[{"embeddable":true,"href":"https:\/\/dom-polski.fr\/index.php\/wp-json\/wp\/v2\/media\/6190"}],"wp:attachment":[{"href":"https:\/\/dom-polski.fr\/index.php\/wp-json\/wp\/v2\/media?parent=6189"}],"curies":[{"name":"wp","href":"https:\/\/api.w.org\/{rel}","templated":true}]}}