{"id":6078,"date":"2021-01-05T10:20:28","date_gmt":"2021-01-05T09:20:28","guid":{"rendered":"https:\/\/dom-polski.fr\/?post_type=product&#038;p=6078"},"modified":"2024-04-16T19:35:46","modified_gmt":"2024-04-16T17:35:46","slug":"mug-pologne-folk-matriochka","status":"publish","type":"product","link":"https:\/\/dom-polski.fr\/index.php\/product\/mug-pologne-folk-matriochka\/","title":{"rendered":"Mug Pologne Folk Matriochka"},"content":{"rendered":"<div class=\"item-description\">\n<h4><span style=\"font-family: Segoe UI;\"><strong>La description :<\/strong><\/span><\/h4>\n<p><span style=\"font-size: medium;\"><span style=\"font-family: Segoe UI;\">Couleur : blanc<br \/>\nHauteur : 9,5 cm.<br \/>\nCapacit\u00e9 : 300 ml.<\/span><\/span><\/p>\n<\/div>\n<div class=\"item-description\">\n<p><strong><span style=\"font-family: Segoe UI; font-size: medium;\">Mug souvenir \u00ab\u00a0Matriochka polonaise\u00a0\u00bb :<br \/>\n<\/span><\/strong><span style=\"font-family: Segoe UI;\"><span style=\"font-size: medium;\">Design :<\/span><span style=\"font-size: medium;\">\u00a0<\/span><span style=\"font-size: medium;\">poup\u00e9es matriochka d\u00e9cor\u00e9es de fleurs folkloriques.<\/span><span style=\"font-size: medium;\">\u00a0<\/span><span style=\"font-size: medium;\">L&rsquo;inscription \u00ab\u00a0Polska\u00a0\u00bb.<br \/>\n<\/span><\/span><span style=\"font-family: Segoe UI;\"><span style=\"font-size: medium;\">Couleur :<\/span><span style=\"font-size: medium;\">\u00a0blanc<br \/>\n<\/span><\/span><span style=\"font-family: Segoe UI;\"><span style=\"font-size: medium;\">Mat\u00e9riel :<\/span><span style=\"font-size: medium;\">\u00a0c\u00e9ramique<\/span><\/span><\/p>\n<p><strong><span style=\"font-family: Segoe UI; font-size: medium;\">\u00c0 propos de nos tasses :<br \/>\n<\/span><\/strong><span style=\"font-size: medium;\"><span style=\"font-family: Segoe UI;\">Un mug souvenir est l&rsquo;un des produits les plus populaires de notre offre.\u00a0Le produit est fabriqu\u00e9 \u00e0 partir de c\u00e9ramiques en porcelaine de la plus haute qualit\u00e9, d\u00e9cor\u00e9es avec la m\u00e9thode de sublimation.\u00a0Gr\u00e2ce \u00e0 un rev\u00eatement sp\u00e9cial, l&rsquo;impression sur la tasse r\u00e9siste au lavage au lave-vaisselle.<\/span><\/span><\/p>\n<ul>\n<li><span style=\"font-family: Segoe UI; font-size: medium;\">Capacit\u00e9 : 330 ml<\/span><\/li>\n<li><span style=\"font-family: Segoe UI; font-size: medium;\">Hauteur : 97 mm<\/span><\/li>\n<li><span style=\"font-family: Segoe UI; font-size: medium;\">Diam\u00e8tre : 80 mm<\/span><\/li>\n<li><span style=\"font-family: Segoe UI; font-size: medium;\">Mat\u00e9riel : c\u00e9ramique<\/span><\/li>\n<\/ul>\n<\/div>\n","protected":false},"excerpt":{"rendered":"<p>La description : Couleur : blanc Hauteur : 9,5 cm. Capacit\u00e9 : 300 ml. Mug souvenir \u00ab\u00a0Matriochka polonaise\u00a0\u00bb : Design :\u00a0poup\u00e9es matriochka d\u00e9cor\u00e9es de fleurs folkloriques.\u00a0L&rsquo;inscription \u00ab\u00a0Polska\u00a0\u00bb. Couleur :\u00a0blanc Mat\u00e9riel <a class=\"more-link\" href=\"https:\/\/dom-polski.fr\/index.php\/product\/mug-pologne-folk-matriochka\/\">Afficher la suite \u2192<\/a><\/p>\n","protected":false},"featured_media":6079,"comment_status":"open","ping_status":"closed","template":"","meta":{"spay_email":"","jetpack_publicize_message":"","jetpack_is_tweetstorm":false},"aioseo_notices":[],"jetpack_publicize_connections":[],"jetpack_likes_enabled":false,"_links":{"self":[{"href":"https:\/\/dom-polski.fr\/index.php\/wp-json\/wp\/v2\/product\/6078"}],"collection":[{"href":"https:\/\/dom-polski.fr\/index.php\/wp-json\/wp\/v2\/product"}],"about":[{"href":"https:\/\/dom-polski.fr\/index.php\/wp-json\/wp\/v2\/types\/product"}],"replies":[{"embeddable":true,"href":"https:\/\/dom-polski.fr\/index.php\/wp-json\/wp\/v2\/comments?post=6078"}],"wp:featuredmedia":[{"embeddable":true,"href":"https:\/\/dom-polski.fr\/index.php\/wp-json\/wp\/v2\/media\/6079"}],"wp:attachment":[{"href":"https:\/\/dom-polski.fr\/index.php\/wp-json\/wp\/v2\/media?parent=6078"}],"curies":[{"name":"wp","href":"https:\/\/api.w.org\/{rel}","templated":true}]}}