{"id":6038,"date":"2021-01-04T10:32:13","date_gmt":"2021-01-04T09:32:13","guid":{"rendered":"https:\/\/dom-polski.fr\/?post_type=product&#038;p=6038"},"modified":"2025-02-18T04:41:47","modified_gmt":"2025-02-18T03:41:47","slug":"soupe-a-la-choucroute-saucisse-et-lard-pudliszki-500-g","status":"publish","type":"product","link":"https:\/\/dom-polski.fr\/index.php\/product\/soupe-a-la-choucroute-saucisse-et-lard-pudliszki-500-g\/","title":{"rendered":"Soupe \u00e0 la choucroute saucisse et lard Pudliszki 500 g"},"content":{"rendered":"<p>Ingr\u00e9dients : Eau 24 %, choucroute, l\u00e9gumes 16 % (haricots blancs 5,70 %, pommes de terre 3,40 %, oignons 1,90 %, carottes 1,90 %, c\u00e9leri, persil), saucisse ordinaire 11 % \u20acporc, eau, f\u00e9cule de pomme de terre, sel, fibre de bl\u00e9, \u00e9pices, isolat de prot\u00e9ines de soja, glucose), bacon fum\u00e9 9 % (bacon de porc, eau, sel, glucose), farine de bl\u00e9, concentr\u00e9 de tomate, saindoux de porc, sucre, huile de colza, sel, l\u00e9gume (sel, sucre, carottes, extrait de levure, oignon, herbes), ar\u00f4mes, \u00e9pices, r\u00e9gulateur d\u2019acidit\u00e9 (acide citrique).<\/p>\n<p>Valeurs nutritionnelles pour 100 g :<br \/>\nEnergie-Calorie :<\/p>\n<p>&nbsp;<\/p>\n","protected":false},"excerpt":{"rendered":"<p><span style=\"color: #777777; text-transform: none; text-indent: 0px; letter-spacing: normal; font-family: 'Open Sans', sans-serif; font-size: 13px; font-style: normal; font-weight: 400; word-spacing: 0px; float: none; display: inline !important; white-space: normal; orphans: 2; widows: 2; background-color: #ffffff; font-variant-ligatures: normal; font-variant-caps: normal; -webkit-text-stroke-width: 0px; text-decoration-thickness: initial; text-decoration-style: initial; text-decoration-color: initial;\">La soupe \u00e0 la choucroute traditionnelle est un plat typiquement polonais qui doit \u00eatre aromatique et fortement aigre. Elle r\u00e9chauffe et est id\u00e9ale pour les journ\u00e9es froides ! Pr\u00e9par\u00e9e avec des ingr\u00e9dients biologiques.<\/span> <a class=\"more-link\" href=\"https:\/\/dom-polski.fr\/index.php\/product\/soupe-a-la-choucroute-saucisse-et-lard-pudliszki-500-g\/\">Afficher la suite \u2192<\/a><\/p>\n","protected":false},"featured_media":6039,"comment_status":"open","ping_status":"closed","template":"","meta":{"spay_email":"","jetpack_publicize_message":"","jetpack_is_tweetstorm":false},"aioseo_notices":[],"jetpack_publicize_connections":[],"jetpack_likes_enabled":false,"_links":{"self":[{"href":"https:\/\/dom-polski.fr\/index.php\/wp-json\/wp\/v2\/product\/6038"}],"collection":[{"href":"https:\/\/dom-polski.fr\/index.php\/wp-json\/wp\/v2\/product"}],"about":[{"href":"https:\/\/dom-polski.fr\/index.php\/wp-json\/wp\/v2\/types\/product"}],"replies":[{"embeddable":true,"href":"https:\/\/dom-polski.fr\/index.php\/wp-json\/wp\/v2\/comments?post=6038"}],"wp:featuredmedia":[{"embeddable":true,"href":"https:\/\/dom-polski.fr\/index.php\/wp-json\/wp\/v2\/media\/6039"}],"wp:attachment":[{"href":"https:\/\/dom-polski.fr\/index.php\/wp-json\/wp\/v2\/media?parent=6038"}],"curies":[{"name":"wp","href":"https:\/\/api.w.org\/{rel}","templated":true}]}}