{"id":6013,"date":"2020-12-31T11:25:43","date_gmt":"2020-12-31T10:25:43","guid":{"rendered":"https:\/\/dom-polski.fr\/?post_type=product&#038;p=6013"},"modified":"2021-12-07T18:18:34","modified_gmt":"2021-12-07T17:18:34","slug":"choucroute-a-la-carotte-rolnik-850-g","status":"publish","type":"product","link":"https:\/\/dom-polski.fr\/index.php\/product\/choucroute-a-la-carotte-rolnik-850-g\/","title":{"rendered":"Choucroute \u00e0 la carotte Rolnik 850 g"},"content":{"rendered":"<p style=\"margin: 0px; padding: 0px 0px 9px; border: 0px #dddddd; color: #777777; text-transform: none; line-height: inherit; text-indent: 0px; letter-spacing: normal; font-family: 'Open Sans', sans-serif; font-size: 13px; font-style: normal; font-weight: 400; word-spacing: 0px; vertical-align: baseline; white-space: normal; box-sizing: border-box; orphans: 2; widows: 2; font-stretch: inherit; background-color: #ffffff; font-variant-ligatures: normal; font-variant-caps: normal; -webkit-text-stroke-width: 0px; text-decoration-thickness: initial; text-decoration-style: initial; text-decoration-color: initial; font-variant-numeric: inherit; font-variant-east-asian: inherit;\">Ingr\u00e9dients : Choucroute (48 %), carotte (7 %), eau, sucre, sel, r\u00e9gulateur d&rsquo;acidit\u00e9 : acide citrique, antioxydant : acide ascorbique.<\/p>\n","protected":false},"excerpt":{"rendered":"<p>Ingr\u00e9dients : Choucroute (48 %), carotte (7 %), eau, sucre, sel, r\u00e9gulateur d&rsquo;acidit\u00e9 : acide citrique, antioxydant : acide ascorbique.<\/p>\n","protected":false},"featured_media":6014,"comment_status":"open","ping_status":"closed","template":"","meta":{"spay_email":"","jetpack_publicize_message":"","jetpack_is_tweetstorm":false},"aioseo_notices":[],"jetpack_publicize_connections":[],"jetpack_likes_enabled":false,"_links":{"self":[{"href":"https:\/\/dom-polski.fr\/index.php\/wp-json\/wp\/v2\/product\/6013"}],"collection":[{"href":"https:\/\/dom-polski.fr\/index.php\/wp-json\/wp\/v2\/product"}],"about":[{"href":"https:\/\/dom-polski.fr\/index.php\/wp-json\/wp\/v2\/types\/product"}],"replies":[{"embeddable":true,"href":"https:\/\/dom-polski.fr\/index.php\/wp-json\/wp\/v2\/comments?post=6013"}],"wp:featuredmedia":[{"embeddable":true,"href":"https:\/\/dom-polski.fr\/index.php\/wp-json\/wp\/v2\/media\/6014"}],"wp:attachment":[{"href":"https:\/\/dom-polski.fr\/index.php\/wp-json\/wp\/v2\/media?parent=6013"}],"curies":[{"name":"wp","href":"https:\/\/api.w.org\/{rel}","templated":true}]}}