{"id":6001,"date":"2020-12-31T10:50:42","date_gmt":"2020-12-31T09:50:42","guid":{"rendered":"https:\/\/dom-polski.fr\/?post_type=product&#038;p=6001"},"modified":"2024-03-13T13:44:23","modified_gmt":"2024-03-13T12:44:23","slug":"soupe-instantanee-goracy-kubek-bortsch-knorr-14-g-2","status":"publish","type":"product","link":"https:\/\/dom-polski.fr\/index.php\/product\/soupe-instantanee-goracy-kubek-bortsch-knorr-14-g-2\/","title":{"rendered":"Soupe instantan\u00e9e Goracy Kubek : Bortsch Knorr 14 g"},"content":{"rendered":"<p><span style=\"color: #777777; text-transform: none; text-indent: 0px; letter-spacing: normal; font-family: 'Open Sans', sans-serif; font-size: 13px; font-style: normal; font-weight: 400; word-spacing: 0px; float: none; display: inline !important; white-space: normal; orphans: 2; widows: 2; background-color: #ffffff; font-variant-ligatures: normal; font-variant-caps: normal; -webkit-text-stroke-width: 0px; text-decoration-thickness: initial; text-decoration-style: initial; text-decoration-color: initial;\">Le borscht est connu principalement comme soupe de No\u00ebl polonaise, g\u00e9n\u00e9ralement mang\u00e9 en compagnie des \u00ab\u00a0uszka\u00a0\u00bb &#8211; petits raviolis farcis aux champignons. Gr\u00e2ce au borscht instantann\u00e9 de Knorr, cette d\u00e9licieuse soupe l\u00e9g\u00e8rement aigre peut \u00eatre pr\u00e9par\u00e9e en quelques minutes et d\u00e9gust\u00e9e dans la tasse comme boisson r\u00e9chauffant.<\/span><\/p>\n","protected":false},"excerpt":{"rendered":"<p>Le borscht est connu principalement comme soupe de No\u00ebl polonaise, g\u00e9n\u00e9ralement mang\u00e9 en compagnie des \u00ab\u00a0uszka\u00a0\u00bb &#8211; petits raviolis farcis aux champignons. Gr\u00e2ce au borscht instantann\u00e9 de Knorr, cette d\u00e9licieuse <a class=\"more-link\" href=\"https:\/\/dom-polski.fr\/index.php\/product\/soupe-instantanee-goracy-kubek-bortsch-knorr-14-g-2\/\">Afficher la suite \u2192<\/a><\/p>\n","protected":false},"featured_media":6002,"comment_status":"open","ping_status":"closed","template":"","meta":{"spay_email":"","jetpack_publicize_message":"","jetpack_is_tweetstorm":false},"aioseo_notices":[],"jetpack_publicize_connections":[],"jetpack_likes_enabled":false,"_links":{"self":[{"href":"https:\/\/dom-polski.fr\/index.php\/wp-json\/wp\/v2\/product\/6001"}],"collection":[{"href":"https:\/\/dom-polski.fr\/index.php\/wp-json\/wp\/v2\/product"}],"about":[{"href":"https:\/\/dom-polski.fr\/index.php\/wp-json\/wp\/v2\/types\/product"}],"replies":[{"embeddable":true,"href":"https:\/\/dom-polski.fr\/index.php\/wp-json\/wp\/v2\/comments?post=6001"}],"wp:featuredmedia":[{"embeddable":true,"href":"https:\/\/dom-polski.fr\/index.php\/wp-json\/wp\/v2\/media\/6002"}],"wp:attachment":[{"href":"https:\/\/dom-polski.fr\/index.php\/wp-json\/wp\/v2\/media?parent=6001"}],"curies":[{"name":"wp","href":"https:\/\/api.w.org\/{rel}","templated":true}]}}