{"id":5975,"date":"2020-12-30T16:53:50","date_gmt":"2020-12-30T15:53:50","guid":{"rendered":"https:\/\/dom-polski.fr\/?post_type=product&#038;p=5975"},"modified":"2024-12-04T17:54:27","modified_gmt":"2024-12-04T16:54:27","slug":"herbes-pour-maigrir-ziola-mnicha-20-sachets","status":"publish","type":"product","link":"https:\/\/dom-polski.fr\/index.php\/product\/herbes-pour-maigrir-ziola-mnicha-20-sachets\/","title":{"rendered":"Herbes pour maigrir Ziola Mnicha 20 sachets"},"content":{"rendered":"<p>Les herbes Mnicha recommand\u00e9es pour l&rsquo;immunit\u00e9 sont des ingr\u00e9dients v\u00e9g\u00e9taux soigneusement s\u00e9lectionn\u00e9s qui soutiennent les d\u00e9fenses naturelles de l&rsquo;organisme et le syst\u00e8me respiratoire, en particulier dans les \u00e9tats de faiblesse.<\/p>\n<p>&nbsp;<\/p>\n<p>&nbsp;<\/p>\n","protected":false},"excerpt":{"rendered":"<p>Ingr\u00e9dients : Th\u00e9 rouge Pu Erh-(23 %), yerba mat\u00e9 (18 %), fruit d&rsquo;\u00e9glantier, feuille de pissenlit, feuille d&rsquo;ortie, pr\u00eale, fleur de camomille, tartrate de l-carnitine (3 %). <a class=\"more-link\" href=\"https:\/\/dom-polski.fr\/index.php\/product\/herbes-pour-maigrir-ziola-mnicha-20-sachets\/\">Afficher la suite \u2192<\/a><\/p>\n","protected":false},"featured_media":5976,"comment_status":"open","ping_status":"closed","template":"","meta":{"spay_email":"","jetpack_publicize_message":"","jetpack_is_tweetstorm":false},"aioseo_notices":[],"jetpack_publicize_connections":[],"jetpack_likes_enabled":false,"_links":{"self":[{"href":"https:\/\/dom-polski.fr\/index.php\/wp-json\/wp\/v2\/product\/5975"}],"collection":[{"href":"https:\/\/dom-polski.fr\/index.php\/wp-json\/wp\/v2\/product"}],"about":[{"href":"https:\/\/dom-polski.fr\/index.php\/wp-json\/wp\/v2\/types\/product"}],"replies":[{"embeddable":true,"href":"https:\/\/dom-polski.fr\/index.php\/wp-json\/wp\/v2\/comments?post=5975"}],"wp:featuredmedia":[{"embeddable":true,"href":"https:\/\/dom-polski.fr\/index.php\/wp-json\/wp\/v2\/media\/5976"}],"wp:attachment":[{"href":"https:\/\/dom-polski.fr\/index.php\/wp-json\/wp\/v2\/media?parent=5975"}],"curies":[{"name":"wp","href":"https:\/\/api.w.org\/{rel}","templated":true}]}}