{"id":5971,"date":"2020-12-30T16:49:34","date_gmt":"2020-12-30T15:49:34","guid":{"rendered":"https:\/\/dom-polski.fr\/?post_type=product&#038;p=5971"},"modified":"2023-10-30T14:26:28","modified_gmt":"2023-10-30T13:26:28","slug":"gruau-depeautre-melvit-400-g","status":"publish","type":"product","link":"https:\/\/dom-polski.fr\/index.php\/product\/gruau-depeautre-melvit-400-g\/","title":{"rendered":"Gruau d&rsquo;\u00e9peautre Melvit 400 g"},"content":{"rendered":"<p>Le gruau d&rsquo;\u00e9peautre r\u00e8gle les probl\u00e8mes digestifs et est recommand\u00e9 pour les personnes qui s&rsquo;int\u00e9ressent \u00e0 la croissance des tissus musculaires gr\u00e2ce \u00e0 une grande quantit\u00e9 de prot\u00e9ines assimilables. Le gruau d&rsquo;\u00e9peautre est parfaite pour les salades, le risotto, les boulettes de viande, les p\u00e2t\u00e9s, les farces et de d\u00e9licieux desserts : cocktails, g\u00e2teaux, tartes.<\/p>\n","protected":false},"excerpt":{"rendered":"<p>Le gruau d&rsquo;\u00e9peautre r\u00e8gle les probl\u00e8mes digestifs et est recommand\u00e9 pour les personnes qui s&rsquo;int\u00e9ressent \u00e0 la croissance des tissus musculaires gr\u00e2ce \u00e0 une grande quantit\u00e9 de prot\u00e9ines assimilables. Le <a class=\"more-link\" href=\"https:\/\/dom-polski.fr\/index.php\/product\/gruau-depeautre-melvit-400-g\/\">Afficher la suite \u2192<\/a><\/p>\n","protected":false},"featured_media":5972,"comment_status":"open","ping_status":"closed","template":"","meta":{"spay_email":"","jetpack_publicize_message":"","jetpack_is_tweetstorm":false},"aioseo_notices":[],"jetpack_publicize_connections":[],"jetpack_likes_enabled":false,"_links":{"self":[{"href":"https:\/\/dom-polski.fr\/index.php\/wp-json\/wp\/v2\/product\/5971"}],"collection":[{"href":"https:\/\/dom-polski.fr\/index.php\/wp-json\/wp\/v2\/product"}],"about":[{"href":"https:\/\/dom-polski.fr\/index.php\/wp-json\/wp\/v2\/types\/product"}],"replies":[{"embeddable":true,"href":"https:\/\/dom-polski.fr\/index.php\/wp-json\/wp\/v2\/comments?post=5971"}],"wp:featuredmedia":[{"embeddable":true,"href":"https:\/\/dom-polski.fr\/index.php\/wp-json\/wp\/v2\/media\/5972"}],"wp:attachment":[{"href":"https:\/\/dom-polski.fr\/index.php\/wp-json\/wp\/v2\/media?parent=5971"}],"curies":[{"name":"wp","href":"https:\/\/api.w.org\/{rel}","templated":true}]}}