{"id":5953,"date":"2020-12-30T16:20:39","date_gmt":"2020-12-30T15:20:39","guid":{"rendered":"https:\/\/dom-polski.fr\/?post_type=product&#038;p=5953"},"modified":"2024-10-09T21:51:03","modified_gmt":"2024-10-09T19:51:03","slug":"barre-chocolatee-caramel-au-beurre-grzeski-36-g","status":"publish","type":"product","link":"https:\/\/dom-polski.fr\/index.php\/product\/barre-chocolatee-caramel-au-beurre-grzeski-36-g\/","title":{"rendered":"Barre chocolat\u00e9e caramel au beurre 36 g Grzeski"},"content":{"rendered":"<p>Ingr\u00e9dients : Chocolat au lait 30,6 % (dont 0,1 % en cr\u00e8me) [sucre, mati\u00e8re grasse de cacao, <strong>lait <\/strong>entier en poudre, liqueur de cacao, mati\u00e8re grasse v\u00e9g\u00e9tale (de palme, de karit\u00e9), <strong>lactos\u00e9rum <\/strong>en poudre (du <strong>lait<\/strong>), \u00e9mulsifiant: l\u00e9cithine (de <strong>soja<\/strong>) et E476 ; ar\u00f4me], farine de <strong>bl\u00e9<\/strong>, mati\u00e8re grasse v\u00e9g\u00e9tale (de palme partiellement hydrog\u00e9n\u00e9e, de palme), sucre, <strong>lactos\u00e9rum <\/strong>d\u00e9min\u00e9ralis\u00e9 en poudre (du <strong>lait<\/strong>), <strong>lait <\/strong>\u00e9cr\u00e9m\u00e9 en poudre, amidon de pomme de terre, cacao \u00e0 teneur r\u00e9duite en mati\u00e8res grasses, colorant : caramel et carot\u00e8nes, \u00e9mulsifiant : l\u00e9cithine (de <strong>soja<\/strong>), agents de levage : carbonate de sodium et carbonate d&rsquo;ammonium, ar\u00f4me, sel.<br \/>\nAllerg\u00e8nes : Lait, c\u00e9r\u00e9ales et soja.<br \/>\nPeut contenir : Arachides et cacahu\u00e8tes.<\/p>\n","protected":false},"excerpt":{"rendered":"<p>Ingr\u00e9dients : Chocolat au lait 30,6 % (dont 0,1 % en cr\u00e8me) [sucre, mati\u00e8re grasse de cacao, lait entier en poudre, liqueur de cacao, mati\u00e8re grasse v\u00e9g\u00e9tale (de palme, de <a class=\"more-link\" href=\"https:\/\/dom-polski.fr\/index.php\/product\/barre-chocolatee-caramel-au-beurre-grzeski-36-g\/\">Afficher la suite \u2192<\/a><\/p>\n","protected":false},"featured_media":7618,"comment_status":"open","ping_status":"closed","template":"","meta":{"spay_email":"","jetpack_publicize_message":"","jetpack_is_tweetstorm":false},"aioseo_notices":[],"jetpack_publicize_connections":[],"jetpack_likes_enabled":false,"_links":{"self":[{"href":"https:\/\/dom-polski.fr\/index.php\/wp-json\/wp\/v2\/product\/5953"}],"collection":[{"href":"https:\/\/dom-polski.fr\/index.php\/wp-json\/wp\/v2\/product"}],"about":[{"href":"https:\/\/dom-polski.fr\/index.php\/wp-json\/wp\/v2\/types\/product"}],"replies":[{"embeddable":true,"href":"https:\/\/dom-polski.fr\/index.php\/wp-json\/wp\/v2\/comments?post=5953"}],"wp:featuredmedia":[{"embeddable":true,"href":"https:\/\/dom-polski.fr\/index.php\/wp-json\/wp\/v2\/media\/7618"}],"wp:attachment":[{"href":"https:\/\/dom-polski.fr\/index.php\/wp-json\/wp\/v2\/media?parent=5953"}],"curies":[{"name":"wp","href":"https:\/\/api.w.org\/{rel}","templated":true}]}}