{"id":5940,"date":"2020-12-30T15:59:02","date_gmt":"2020-12-30T14:59:02","guid":{"rendered":"https:\/\/dom-polski.fr\/?post_type=product&#038;p=5940"},"modified":"2024-09-19T12:17:49","modified_gmt":"2024-09-19T10:17:49","slug":"moutarde-au-miel-kamis-185-g","status":"publish","type":"product","link":"https:\/\/dom-polski.fr\/index.php\/product\/moutarde-au-miel-kamis-185-g\/","title":{"rendered":"Moutarde au miel Kamis 185 g"},"content":{"rendered":"<p>Ingr\u00e9dients : Eau, graines de moutarde, vinaigre d&rsquo;alcool, sucre, sel, \u00e9pices, colorant : curcumine, r\u00e9gulateur d&rsquo;acidit\u00e9: acide citrique.<\/p>\n","protected":false},"excerpt":{"rendered":"<p>Ingr\u00e9dients : Eau, graines de moutarde, vinaigre d&rsquo;alcool, sucre, sel, \u00e9pices, colorant : curcumine, r\u00e9gulateur d&rsquo;acidit\u00e9: acide citrique.<\/p>\n","protected":false},"featured_media":5941,"comment_status":"open","ping_status":"closed","template":"","meta":{"spay_email":"","jetpack_publicize_message":"","jetpack_is_tweetstorm":false},"aioseo_notices":[],"jetpack_publicize_connections":[],"jetpack_likes_enabled":false,"_links":{"self":[{"href":"https:\/\/dom-polski.fr\/index.php\/wp-json\/wp\/v2\/product\/5940"}],"collection":[{"href":"https:\/\/dom-polski.fr\/index.php\/wp-json\/wp\/v2\/product"}],"about":[{"href":"https:\/\/dom-polski.fr\/index.php\/wp-json\/wp\/v2\/types\/product"}],"replies":[{"embeddable":true,"href":"https:\/\/dom-polski.fr\/index.php\/wp-json\/wp\/v2\/comments?post=5940"}],"wp:featuredmedia":[{"embeddable":true,"href":"https:\/\/dom-polski.fr\/index.php\/wp-json\/wp\/v2\/media\/5941"}],"wp:attachment":[{"href":"https:\/\/dom-polski.fr\/index.php\/wp-json\/wp\/v2\/media?parent=5940"}],"curies":[{"name":"wp","href":"https:\/\/api.w.org\/{rel}","templated":true}]}}