{"id":5800,"date":"2020-11-10T11:53:59","date_gmt":"2020-11-10T10:53:59","guid":{"rendered":"https:\/\/dom-polski.fr\/?post_type=product&#038;p=5800"},"modified":"2021-12-01T12:03:09","modified_gmt":"2021-12-01T11:03:09","slug":"pain-depices-au-chocolat-avec-whisky-128-g-kopernik","status":"publish","type":"product","link":"https:\/\/dom-polski.fr\/index.php\/product\/pain-depices-au-chocolat-avec-whisky-128-g-kopernik\/","title":{"rendered":"Pain d&rsquo;\u00e9pices au chocolat avec whisky 128 g (Kopernik)"},"content":{"rendered":"<p>Ingr\u00e9dients : Farine de <strong>bl\u00e9<\/strong>, chocolat 26 % (sucre, p\u00e2te de cacao, beurre de cacao, \u00e9mulsifiant (l\u00e9cithine de <strong>soja<\/strong>, ar\u00f4me, sucre, <strong>farine de seigle<\/strong>, colorant (caramel), levain (carbonate d&rsquo;ammonium), \u00e9pices, whisky 0,50 % amidon pomme de terre, sel, r\u00e9gulateur d&rsquo;acidit\u00e9 (acide citrique). Peut contenir : <strong>Lait<\/strong>, \u0153ufs, <strong>arachides,<\/strong> <strong>fruits<\/strong> \u00e0 coque et s\u00e9same.<br \/>\nValeur nutritionnelle pour 100 g du produit\/Valeur \u00e9nerg\u00e9tique 1666 kJ\/395 kcal, 9,4 g de mati\u00e8res grasses dont 5,4 g de graisses satur\u00e9s, 69 g de glucides dont 35 g de sucre, 5,9 g de prot\u00e9ines, sel 0,3 g. A conserver dans un endroit sec et frais.<\/p>\n<p>&nbsp;<\/p>\n","protected":false},"excerpt":{"rendered":"<p>Ingr\u00e9dients : Farine de bl\u00e9, chocolat 26 % (sucre, p\u00e2te de cacao, beurre de cacao, \u00e9mulsifiant (l\u00e9cithine de soja, ar\u00f4me, sucre, farine de seigle, colorant (caramel), levain (carbonate d&rsquo;ammonium), \u00e9pices, <a class=\"more-link\" href=\"https:\/\/dom-polski.fr\/index.php\/product\/pain-depices-au-chocolat-avec-whisky-128-g-kopernik\/\">Afficher la suite \u2192<\/a><\/p>\n","protected":false},"featured_media":5794,"comment_status":"open","ping_status":"closed","template":"","meta":{"spay_email":"","jetpack_publicize_message":"","jetpack_is_tweetstorm":false},"aioseo_notices":[],"jetpack_publicize_connections":[],"jetpack_likes_enabled":false,"_links":{"self":[{"href":"https:\/\/dom-polski.fr\/index.php\/wp-json\/wp\/v2\/product\/5800"}],"collection":[{"href":"https:\/\/dom-polski.fr\/index.php\/wp-json\/wp\/v2\/product"}],"about":[{"href":"https:\/\/dom-polski.fr\/index.php\/wp-json\/wp\/v2\/types\/product"}],"replies":[{"embeddable":true,"href":"https:\/\/dom-polski.fr\/index.php\/wp-json\/wp\/v2\/comments?post=5800"}],"wp:featuredmedia":[{"embeddable":true,"href":"https:\/\/dom-polski.fr\/index.php\/wp-json\/wp\/v2\/media\/5794"}],"wp:attachment":[{"href":"https:\/\/dom-polski.fr\/index.php\/wp-json\/wp\/v2\/media?parent=5800"}],"curies":[{"name":"wp","href":"https:\/\/api.w.org\/{rel}","templated":true}]}}