{"id":5754,"date":"2020-11-04T15:45:39","date_gmt":"2020-11-04T14:45:39","guid":{"rendered":"https:\/\/dom-polski.fr\/?post_type=product&#038;p=5754"},"modified":"2024-12-11T10:29:26","modified_gmt":"2024-12-11T09:29:26","slug":"pain-depice-tago-250-g","status":"publish","type":"product","link":"https:\/\/dom-polski.fr\/index.php\/product\/pain-depice-tago-250-g\/","title":{"rendered":"Pain d&rsquo;\u00e9pices Tago 250 g"},"content":{"rendered":"<p>Ingr\u00e9dients : Farine de <strong>bl\u00e9<\/strong>, sucre, sirop de glucose-fructose, huile v\u00e9g\u00e9tale, \u00e9pices (cannelle, gingembre, clous de girofle, cardamome), agent de levage : bicarbonate de sodium<\/p>\n","protected":false},"excerpt":{"rendered":"<p>Ingr\u00e9dients : Farine de bl\u00e9, sucre, sirop de glucose-fructose, huile v\u00e9g\u00e9tale, \u00e9pices (cannelle, gingembre, clous de girofle, cardamome), agent de levage : bicarbonate de sodium<\/p>\n","protected":false},"featured_media":5704,"comment_status":"open","ping_status":"closed","template":"","meta":{"spay_email":"","jetpack_publicize_message":"","jetpack_is_tweetstorm":false},"aioseo_notices":[],"jetpack_publicize_connections":[],"jetpack_likes_enabled":false,"_links":{"self":[{"href":"https:\/\/dom-polski.fr\/index.php\/wp-json\/wp\/v2\/product\/5754"}],"collection":[{"href":"https:\/\/dom-polski.fr\/index.php\/wp-json\/wp\/v2\/product"}],"about":[{"href":"https:\/\/dom-polski.fr\/index.php\/wp-json\/wp\/v2\/types\/product"}],"replies":[{"embeddable":true,"href":"https:\/\/dom-polski.fr\/index.php\/wp-json\/wp\/v2\/comments?post=5754"}],"wp:featuredmedia":[{"embeddable":true,"href":"https:\/\/dom-polski.fr\/index.php\/wp-json\/wp\/v2\/media\/5704"}],"wp:attachment":[{"href":"https:\/\/dom-polski.fr\/index.php\/wp-json\/wp\/v2\/media?parent=5754"}],"curies":[{"name":"wp","href":"https:\/\/api.w.org\/{rel}","templated":true}]}}