{"id":5282,"date":"2020-09-30T14:49:22","date_gmt":"2020-09-30T12:49:22","guid":{"rendered":"https:\/\/dom-polski.fr\/?post_type=product&#038;p=5282"},"modified":"2024-01-25T21:11:12","modified_gmt":"2024-01-25T20:11:12","slug":"cigogne-volante-au-dessus-de-la-prairie-pologne","status":"publish","type":"product","link":"https:\/\/dom-polski.fr\/index.php\/product\/cigogne-volante-au-dessus-de-la-prairie-pologne\/","title":{"rendered":"Cigogne volante au-dessus de la prairie Pologne"},"content":{"rendered":"<p>Couleurs dominante du tee-shirt : Bleu<br \/>\nLa taille de l&rsquo;impression est de 28,50 cm x 25,00 cm.<br \/>\nL&rsquo;impression\u00a0par m\u00e9thode num\u00e9rique.<br \/>\nL&rsquo;impression num\u00e9rique se caract\u00e9rise par une grande durabilit\u00e9<br \/>\nMati\u00e8re : 100 % coton, cousus le plus souvent \u00e0 partir d&rsquo;une manche (sans coutures lat\u00e9rales), extracteur avec adjonction de Lycra (pas d&rsquo;effet du collier allong\u00e9), double finition des coutures.<br \/>\nLes chemises ne r\u00e9tr\u00e9cissent pas au lavage, ne s&rsquo;\u00e9tirent pas, ne changent pas de couleur.<\/p>\n<p>&nbsp;<\/p>\n","protected":false},"excerpt":{"rendered":"<p>Couleurs dominante du tee-shirt : Bleu La taille de l&rsquo;impression est de 28,50 cm x 25,00 cm. L&rsquo;impression\u00a0par m\u00e9thode num\u00e9rique. L&rsquo;impression num\u00e9rique se caract\u00e9rise par une grande durabilit\u00e9 Mati\u00e8re : <a class=\"more-link\" href=\"https:\/\/dom-polski.fr\/index.php\/product\/cigogne-volante-au-dessus-de-la-prairie-pologne\/\">Afficher la suite \u2192<\/a><\/p>\n","protected":false},"featured_media":5270,"comment_status":"open","ping_status":"closed","template":"","meta":{"spay_email":"","jetpack_publicize_message":"","jetpack_is_tweetstorm":false},"aioseo_notices":[],"jetpack_publicize_connections":[],"jetpack_likes_enabled":false,"_links":{"self":[{"href":"https:\/\/dom-polski.fr\/index.php\/wp-json\/wp\/v2\/product\/5282"}],"collection":[{"href":"https:\/\/dom-polski.fr\/index.php\/wp-json\/wp\/v2\/product"}],"about":[{"href":"https:\/\/dom-polski.fr\/index.php\/wp-json\/wp\/v2\/types\/product"}],"replies":[{"embeddable":true,"href":"https:\/\/dom-polski.fr\/index.php\/wp-json\/wp\/v2\/comments?post=5282"}],"wp:featuredmedia":[{"embeddable":true,"href":"https:\/\/dom-polski.fr\/index.php\/wp-json\/wp\/v2\/media\/5270"}],"wp:attachment":[{"href":"https:\/\/dom-polski.fr\/index.php\/wp-json\/wp\/v2\/media?parent=5282"}],"curies":[{"name":"wp","href":"https:\/\/api.w.org\/{rel}","templated":true}]}}