{"id":5201,"date":"2020-09-26T22:22:50","date_gmt":"2020-09-26T20:22:50","guid":{"rendered":"https:\/\/dom-polski.fr\/?post_type=product&#038;p=5201"},"modified":"2023-09-02T22:40:48","modified_gmt":"2023-09-02T20:40:48","slug":"tee-shirt-polska","status":"publish","type":"product","link":"https:\/\/dom-polski.fr\/index.php\/product\/tee-shirt-polska\/","title":{"rendered":"Tee-shirt Polska"},"content":{"rendered":"<div class=\"item-description\">\n<p><span style=\"font-family: andale mono,monospace;\"><strong>La description:<\/strong><br \/>\n<\/span><span style=\"font-family: andale mono,monospace; font-size: medium;\">T-shirt blanc.<\/span><\/p>\n<p><span style=\"font-family: andale mono,monospace; font-size: medium;\"><span style=\"font-family: andale mono,monospace;\"><strong><span style=\"font-size: medium;\">T-shirt avec l&rsquo;impression \u00ab\u00a0inscription polonaise\u00a0\u00bb<\/span><\/strong><\/span><\/span><\/p>\n<\/div>\n<ul>\n<li><span style=\"font-family: andale mono,monospace;\"><strong><span style=\"font-size: medium;\">Motif :<\/span><\/strong><span style=\"font-size: medium;\">\u00a0inscription minimaliste POLSKA sur fond rouge<\/span><\/span><\/li>\n<li><span style=\"font-family: andale mono,monospace;\"><strong><span style=\"font-size: medium;\">Couleur :<\/span><\/strong><span style=\"font-size: medium;\">\u00a0blanc<\/span><\/span><\/li>\n<li><span style=\"font-family: andale mono,monospace;\"><strong><span style=\"font-size: medium;\">Coupe :<\/span><\/strong><span style=\"font-size: medium;\"> homme<\/span><\/span><\/li>\n<\/ul>\n<p><span style=\"font-family: andale mono,monospace;\"><strong><span style=\"font-size: medium;\">\u00c0 propos de nos T-shirts :<br \/>\n<\/span><\/strong><\/span><span style=\"font-family: andale mono,monospace;\"><span style=\"font-size: medium;\">Nous proposons des t-shirts avec des imprim\u00e9s de marques connues et \u00e9prouv\u00e9es. Les t-shirts ne r\u00e9tr\u00e9cissent pas au lavage, ne s&rsquo;\u00e9tirent pas et ne changent pas de couleur. L&rsquo;impression est permanente et les couleurs sont vives et satur\u00e9es. Nous recommandons de laver les t-shirts \u00e0 l&rsquo;envers et \u00e0 une temp\u00e9rature ne d\u00e9passant pas 30 \u00b0 C.<\/span><\/span><\/p>\n<ul>\n<li><span style=\"font-family: andale mono,monospace;\"><span style=\"font-size: medium;\">poids 150-160 g<\/span><\/span><\/li>\n<li><span style=\"font-family: andale mono,monospace;\"><span style=\"font-size: medium;\">100 % Coton<\/span><\/span><\/li>\n<li><span style=\"font-family: andale mono,monospace;\"><span style=\"font-size: medium;\">g\u00e9n\u00e9ralement cousu \u00e0 partir d&rsquo;une manche (sans coutures lat\u00e9rales)<\/span><\/span><\/li>\n<li><span style=\"font-family: andale mono,monospace;\"><span style=\"font-size: medium;\">bord-c\u00f4te avec un m\u00e9lange de Lycra (aucun effet de col \u00e9tir\u00e9)<\/span><\/span><\/li>\n<li><span style=\"font-family: andale mono,monospace;\"><span style=\"font-size: medium;\">doubles coutures de finition<\/span><\/span><\/li>\n<\/ul>\n","protected":false},"excerpt":{"rendered":"<p>La description: T-shirt blanc. T-shirt avec l&rsquo;impression \u00ab\u00a0inscription polonaise\u00a0\u00bb Motif :\u00a0inscription minimaliste POLSKA sur fond rouge Couleur :\u00a0blanc Coupe : homme \u00c0 propos de nos T-shirts : Nous proposons des <a class=\"more-link\" href=\"https:\/\/dom-polski.fr\/index.php\/product\/tee-shirt-polska\/\">Afficher la suite \u2192<\/a><\/p>\n","protected":false},"featured_media":1453,"comment_status":"open","ping_status":"closed","template":"","meta":{"spay_email":"","jetpack_publicize_message":"","jetpack_is_tweetstorm":false},"aioseo_notices":[],"jetpack_publicize_connections":[],"jetpack_likes_enabled":false,"_links":{"self":[{"href":"https:\/\/dom-polski.fr\/index.php\/wp-json\/wp\/v2\/product\/5201"}],"collection":[{"href":"https:\/\/dom-polski.fr\/index.php\/wp-json\/wp\/v2\/product"}],"about":[{"href":"https:\/\/dom-polski.fr\/index.php\/wp-json\/wp\/v2\/types\/product"}],"replies":[{"embeddable":true,"href":"https:\/\/dom-polski.fr\/index.php\/wp-json\/wp\/v2\/comments?post=5201"}],"wp:featuredmedia":[{"embeddable":true,"href":"https:\/\/dom-polski.fr\/index.php\/wp-json\/wp\/v2\/media\/1453"}],"wp:attachment":[{"href":"https:\/\/dom-polski.fr\/index.php\/wp-json\/wp\/v2\/media?parent=5201"}],"curies":[{"name":"wp","href":"https:\/\/api.w.org\/{rel}","templated":true}]}}