{"id":5168,"date":"2020-09-25T17:01:59","date_gmt":"2020-09-25T15:01:59","guid":{"rendered":"https:\/\/dom-polski.fr\/?post_type=product&#038;p=5168"},"modified":"2021-04-07T19:03:39","modified_gmt":"2021-04-07T17:03:39","slug":"masque-folklore-lowicz","status":"publish","type":"product","link":"https:\/\/dom-polski.fr\/index.php\/product\/masque-folklore-lowicz\/","title":{"rendered":"Masque folklore Lowicz"},"content":{"rendered":"<p>Masque en tissu lavable. Fibre, 100 % coton<br \/>\nDimensions du masque : seul sans \u00e9lastiques : L = 17,50 cm &#8211; l 8,50 cm (sans d\u00e9pli\u00e9).<br \/>\nCouleur principale : Blanc<\/p>\n","protected":false},"excerpt":{"rendered":"<p>Masque en tissu lavable. Fibre, 100 % coton Dimensions du masque : seul sans \u00e9lastiques : L = 17,50 cm &#8211; l 8,50 cm (sans d\u00e9pli\u00e9). Couleur principale : Blanc<\/p>\n","protected":false},"featured_media":5163,"comment_status":"open","ping_status":"closed","template":"","meta":{"spay_email":"","jetpack_publicize_message":"","jetpack_is_tweetstorm":false},"aioseo_notices":[],"jetpack_publicize_connections":[],"jetpack_likes_enabled":false,"_links":{"self":[{"href":"https:\/\/dom-polski.fr\/index.php\/wp-json\/wp\/v2\/product\/5168"}],"collection":[{"href":"https:\/\/dom-polski.fr\/index.php\/wp-json\/wp\/v2\/product"}],"about":[{"href":"https:\/\/dom-polski.fr\/index.php\/wp-json\/wp\/v2\/types\/product"}],"replies":[{"embeddable":true,"href":"https:\/\/dom-polski.fr\/index.php\/wp-json\/wp\/v2\/comments?post=5168"}],"wp:featuredmedia":[{"embeddable":true,"href":"https:\/\/dom-polski.fr\/index.php\/wp-json\/wp\/v2\/media\/5163"}],"wp:attachment":[{"href":"https:\/\/dom-polski.fr\/index.php\/wp-json\/wp\/v2\/media?parent=5168"}],"curies":[{"name":"wp","href":"https:\/\/api.w.org\/{rel}","templated":true}]}}