{"id":504,"date":"2018-02-03T13:33:32","date_gmt":"2018-02-03T12:33:32","guid":{"rendered":"http:\/\/dom-polski.fr\/?post_type=product&#038;p=504"},"modified":"2023-08-13T15:36:01","modified_gmt":"2023-08-13T13:36:01","slug":"mug-polska-16","status":"publish","type":"product","link":"https:\/\/dom-polski.fr\/index.php\/product\/mug-polska-16\/","title":{"rendered":"Mug carte de la Pologne"},"content":{"rendered":"<p>Tasse de m\u00e9tal Carte de Pologne<br \/>\nCapacit\u00e9 : 400 ml<br \/>\nDiam\u00e8tre : 80 mm<br \/>\nHauteur : 75 mm<\/p>\n<p>&nbsp;<\/p>\n","protected":false},"excerpt":{"rendered":"<p>Tasse de m\u00e9tal Carte de Pologne Capacit\u00e9 : 400 ml Diam\u00e8tre : 80 mm Hauteur : 75 mm &nbsp;<\/p>\n","protected":false},"featured_media":505,"comment_status":"open","ping_status":"closed","template":"","meta":{"spay_email":"","jetpack_publicize_message":"","jetpack_is_tweetstorm":false},"aioseo_notices":[],"jetpack_publicize_connections":[],"jetpack_likes_enabled":false,"_links":{"self":[{"href":"https:\/\/dom-polski.fr\/index.php\/wp-json\/wp\/v2\/product\/504"}],"collection":[{"href":"https:\/\/dom-polski.fr\/index.php\/wp-json\/wp\/v2\/product"}],"about":[{"href":"https:\/\/dom-polski.fr\/index.php\/wp-json\/wp\/v2\/types\/product"}],"replies":[{"embeddable":true,"href":"https:\/\/dom-polski.fr\/index.php\/wp-json\/wp\/v2\/comments?post=504"}],"wp:featuredmedia":[{"embeddable":true,"href":"https:\/\/dom-polski.fr\/index.php\/wp-json\/wp\/v2\/media\/505"}],"wp:attachment":[{"href":"https:\/\/dom-polski.fr\/index.php\/wp-json\/wp\/v2\/media?parent=504"}],"curies":[{"name":"wp","href":"https:\/\/api.w.org\/{rel}","templated":true}]}}