{"id":4886,"date":"2020-07-16T11:55:03","date_gmt":"2020-07-16T09:55:03","guid":{"rendered":"https:\/\/dom-polski.fr\/?post_type=product&#038;p=4886"},"modified":"2025-11-29T22:07:02","modified_gmt":"2025-11-29T21:07:02","slug":"service-a-vodka-folklore-2","status":"publish","type":"product","link":"https:\/\/dom-polski.fr\/index.php\/product\/service-a-vodka-folklore-2\/","title":{"rendered":"Service \u00e0 vodka folklore"},"content":{"rendered":"<p>Service \u00e0 vodka folklore (4 pi\u00e8ces)<\/p>\n","protected":false},"excerpt":{"rendered":"<p>Service \u00e0 vodka folklore (4 pi\u00e8ces)<\/p>\n","protected":false},"featured_media":4887,"comment_status":"open","ping_status":"closed","template":"","meta":{"spay_email":"","jetpack_publicize_message":"","jetpack_is_tweetstorm":false},"aioseo_notices":[],"jetpack_publicize_connections":[],"jetpack_likes_enabled":false,"_links":{"self":[{"href":"https:\/\/dom-polski.fr\/index.php\/wp-json\/wp\/v2\/product\/4886"}],"collection":[{"href":"https:\/\/dom-polski.fr\/index.php\/wp-json\/wp\/v2\/product"}],"about":[{"href":"https:\/\/dom-polski.fr\/index.php\/wp-json\/wp\/v2\/types\/product"}],"replies":[{"embeddable":true,"href":"https:\/\/dom-polski.fr\/index.php\/wp-json\/wp\/v2\/comments?post=4886"}],"wp:featuredmedia":[{"embeddable":true,"href":"https:\/\/dom-polski.fr\/index.php\/wp-json\/wp\/v2\/media\/4887"}],"wp:attachment":[{"href":"https:\/\/dom-polski.fr\/index.php\/wp-json\/wp\/v2\/media?parent=4886"}],"curies":[{"name":"wp","href":"https:\/\/api.w.org\/{rel}","templated":true}]}}