{"id":4873,"date":"2020-07-13T21:21:33","date_gmt":"2020-07-13T19:21:33","guid":{"rendered":"https:\/\/dom-polski.fr\/?post_type=product&#038;p=4873"},"modified":"2025-12-17T21:56:32","modified_gmt":"2025-12-17T20:56:32","slug":"livre-de-cuisine-2","status":"publish","type":"product","link":"https:\/\/dom-polski.fr\/index.php\/product\/livre-de-cuisine-2\/","title":{"rendered":"Livre de cuisine"},"content":{"rendered":"<p>Un voyage culinaire \u00e0 travers la Pologne \u00e9t\u00e9 pleine de surprises. Richesse et diversit\u00e9 de la cuisine polonaise feront l\u2019exp\u00e9rience dans chaque r\u00e9gion.<br \/>\nFormat : 17 x 16 cm<br \/>\nCouverture rigide<br \/>\nLangue : Fran\u00e7ais<\/p>\n","protected":false},"excerpt":{"rendered":"<p>Un voyage culinaire \u00e0 travers la Pologne \u00e9t\u00e9 pleine de surprises. Richesse et diversit\u00e9 de la cuisine polonaise feront l\u2019exp\u00e9rience dans chaque r\u00e9gion. Format : 17 x 16 cm Couverture <a class=\"more-link\" href=\"https:\/\/dom-polski.fr\/index.php\/product\/livre-de-cuisine-2\/\">Afficher la suite \u2192<\/a><\/p>\n","protected":false},"featured_media":4874,"comment_status":"open","ping_status":"closed","template":"","meta":{"spay_email":"","jetpack_publicize_message":"","jetpack_is_tweetstorm":false},"aioseo_notices":[],"jetpack_publicize_connections":[],"jetpack_likes_enabled":false,"_links":{"self":[{"href":"https:\/\/dom-polski.fr\/index.php\/wp-json\/wp\/v2\/product\/4873"}],"collection":[{"href":"https:\/\/dom-polski.fr\/index.php\/wp-json\/wp\/v2\/product"}],"about":[{"href":"https:\/\/dom-polski.fr\/index.php\/wp-json\/wp\/v2\/types\/product"}],"replies":[{"embeddable":true,"href":"https:\/\/dom-polski.fr\/index.php\/wp-json\/wp\/v2\/comments?post=4873"}],"wp:featuredmedia":[{"embeddable":true,"href":"https:\/\/dom-polski.fr\/index.php\/wp-json\/wp\/v2\/media\/4874"}],"wp:attachment":[{"href":"https:\/\/dom-polski.fr\/index.php\/wp-json\/wp\/v2\/media?parent=4873"}],"curies":[{"name":"wp","href":"https:\/\/api.w.org\/{rel}","templated":true}]}}