{"id":4717,"date":"2020-06-24T15:48:57","date_gmt":"2020-06-24T13:48:57","guid":{"rendered":"https:\/\/dom-polski.fr\/?post_type=product&#038;p=4717"},"modified":"2021-05-20T10:55:42","modified_gmt":"2021-05-20T08:55:42","slug":"marjolaine-frottee-prymat-8-g","status":"publish","type":"product","link":"https:\/\/dom-polski.fr\/index.php\/product\/marjolaine-frottee-prymat-8-g\/","title":{"rendered":"Marjolaine frott\u00e9e Prymat 8 g"},"content":{"rendered":"<p>Ingr\u00e9dients : Marjolaine frott\u00e9e. Allerg\u00e8nes : Le produit peut contenir: des c\u00e9r\u00e9ales contenant du gluten, des \u0153ufs, du lait (y compris du lactose ), du soja, du c\u00e9leri, des arachides et du s\u00e9same.<br \/>\nConseil d&rsquo;utilisation : Conserver dans un endroit sec et \u00e0 l&rsquo;abri de la lumi\u00e8re.<br \/>\nPoids net : 8 g.<br \/>\nRecettes saucisse blanche \u00e0 l&rsquo;oignon Vous avez besoin de 4 portions : &#8211; 8 x 100 g de saucisse blanche crue, &#8211; 3 oignons doux, &#8211; 2 gousses d&rsquo;ail, &#8211; 100 ml Soupe de poulet Kucharek, &#8211; 4 cuill\u00e8res \u00e0 soupe de moutarde Charcuterie, &#8211; 4 cuill\u00e8res \u00e0 soupe d&rsquo;huile de colza, &#8211; 1 cuill\u00e8re \u00e0 caf\u00e9 de Primer Majeranku, &#8211; une demi-cuill\u00e8re \u00e0 caf\u00e9 de poivre doux moulu, &#8211; au go\u00fbt : Sel aux herbes, poivre noir, poivre moulu. Pr\u00e9paration: Couper l&rsquo;oignon dans la plume, et l&rsquo;ail en tranches. Incorporer la saucisse et faire frire sur l&rsquo;huile chaude, ajouter les oignons, l&rsquo;ail et les \u00e9pices. Verser ensuite le bouillon de poulet et laisser mijoter environ 20 minutes, en remuant de temps en temps. Pr\u00e9parer la saucisse servie chaude ou froide avec de la moutarde et du pain noir.<\/p>\n","protected":false},"excerpt":{"rendered":"<p>Ingr\u00e9dients : Marjolaine frott\u00e9e. Allerg\u00e8nes : Le produit peut contenir: des c\u00e9r\u00e9ales contenant du gluten, des \u0153ufs, du lait (y compris du lactose ), du soja, du c\u00e9leri, des arachides <a class=\"more-link\" href=\"https:\/\/dom-polski.fr\/index.php\/product\/marjolaine-frottee-prymat-8-g\/\">Afficher la suite \u2192<\/a><\/p>\n","protected":false},"featured_media":4718,"comment_status":"open","ping_status":"closed","template":"","meta":{"spay_email":"","jetpack_publicize_message":"","jetpack_is_tweetstorm":false},"aioseo_notices":[],"jetpack_publicize_connections":[],"jetpack_likes_enabled":false,"_links":{"self":[{"href":"https:\/\/dom-polski.fr\/index.php\/wp-json\/wp\/v2\/product\/4717"}],"collection":[{"href":"https:\/\/dom-polski.fr\/index.php\/wp-json\/wp\/v2\/product"}],"about":[{"href":"https:\/\/dom-polski.fr\/index.php\/wp-json\/wp\/v2\/types\/product"}],"replies":[{"embeddable":true,"href":"https:\/\/dom-polski.fr\/index.php\/wp-json\/wp\/v2\/comments?post=4717"}],"wp:featuredmedia":[{"embeddable":true,"href":"https:\/\/dom-polski.fr\/index.php\/wp-json\/wp\/v2\/media\/4718"}],"wp:attachment":[{"href":"https:\/\/dom-polski.fr\/index.php\/wp-json\/wp\/v2\/media?parent=4717"}],"curies":[{"name":"wp","href":"https:\/\/api.w.org\/{rel}","templated":true}]}}