{"id":470,"date":"2018-02-03T13:00:53","date_gmt":"2018-02-03T12:00:53","guid":{"rendered":"http:\/\/dom-polski.fr\/?post_type=product&#038;p=470"},"modified":"2023-08-13T15:44:26","modified_gmt":"2023-08-13T13:44:26","slug":"mug-polska-5","status":"publish","type":"product","link":"https:\/\/dom-polski.fr\/index.php\/product\/mug-polska-5\/","title":{"rendered":"Mug Polska"},"content":{"rendered":"<p>Tasse en c\u00e9ramique rouge avec aigle polonais et drapeau.<br \/>\nImprim\u00e9 sur la tasse sur les trois c\u00f4t\u00e9s<br \/>\nHauteur : 10 cm<\/p>\n","protected":false},"excerpt":{"rendered":"<p>Tasse en c\u00e9ramique rouge avec aigle polonais et drapeau. Imprim\u00e9 sur la tasse sur les trois c\u00f4t\u00e9s Hauteur : 10 cm<\/p>\n","protected":false},"featured_media":471,"comment_status":"open","ping_status":"closed","template":"","meta":{"spay_email":"","jetpack_publicize_message":"","jetpack_is_tweetstorm":false},"aioseo_notices":[],"jetpack_publicize_connections":[],"jetpack_likes_enabled":false,"_links":{"self":[{"href":"https:\/\/dom-polski.fr\/index.php\/wp-json\/wp\/v2\/product\/470"}],"collection":[{"href":"https:\/\/dom-polski.fr\/index.php\/wp-json\/wp\/v2\/product"}],"about":[{"href":"https:\/\/dom-polski.fr\/index.php\/wp-json\/wp\/v2\/types\/product"}],"replies":[{"embeddable":true,"href":"https:\/\/dom-polski.fr\/index.php\/wp-json\/wp\/v2\/comments?post=470"}],"wp:featuredmedia":[{"embeddable":true,"href":"https:\/\/dom-polski.fr\/index.php\/wp-json\/wp\/v2\/media\/471"}],"wp:attachment":[{"href":"https:\/\/dom-polski.fr\/index.php\/wp-json\/wp\/v2\/media?parent=470"}],"curies":[{"name":"wp","href":"https:\/\/api.w.org\/{rel}","templated":true}]}}