{"id":4632,"date":"2020-06-19T10:29:03","date_gmt":"2020-06-19T08:29:03","guid":{"rendered":"https:\/\/dom-polski.fr\/?post_type=product&#038;p=4632"},"modified":"2021-03-02T13:48:03","modified_gmt":"2021-03-02T12:48:03","slug":"creme-dessert-sucree-a-la-vanille-60-g-winiary","status":"publish","type":"product","link":"https:\/\/dom-polski.fr\/index.php\/product\/creme-dessert-sucree-a-la-vanille-60-g-winiary\/","title":{"rendered":"Cr\u00e8me dessert sucr\u00e9e \u00e0 la vanille 60 g Winiary"},"content":{"rendered":"<p><span style=\"text-align: left; color: #6c757d; text-transform: none; text-indent: 0px; letter-spacing: normal; font-family: 'Noto Serif', serif; font-size: 14px; font-style: normal; font-weight: 400; word-spacing: 0px; float: none; display: inline !important; white-space: normal; orphans: 2; widows: 2; background-color: #ffffff; text-decoration-color: initial; font-variant-ligatures: normal; font-variant-caps: normal; -webkit-text-stroke-width: 0px; text-decoration-style: initial;\">Ingr\u00e9dients : Sucre, amidon de pomme de terre, amidon de ma\u00efs, ar\u00f4me, colorants (curcumine, carot\u00e8ne). Allerg\u00e8nes : Contient de l&rsquo;amidon de pomme de terre, de l&rsquo;amidon de ma\u00efs. Peut contenir des traces de lait. Description du produit: La cr\u00e8me dessert de Winiary est un dessert savoureux bien connu, qui rappelle les souvenirs de l&rsquo;enfance. Il est caract\u00e9ris\u00e9 par un go\u00fbt extr\u00eamement intense et une consistance noble et cr\u00e9meuse. Pendant des ann\u00e9es, il a \u00e9t\u00e9 reconnu par de nombreuses familles polonaises. Le produit Winiary est \u00e9galement un bon moyen de pr\u00e9senter au r\u00e9gime b\u00e9b\u00e9 1 portion de 3 portions recommand\u00e9es de lait et de produits laitiers. Si vous aimez surprendre vos proches, d\u00e9corez-les avec des fruits, de la cr\u00e8me fouett\u00e9e ou des noix. Servir dans un bol. Froid ou chaud comme vous le souhaitez. Conseil d&rsquo;utilisation : Conserver dans un endroit sec et frais, \u00e0 l&rsquo;abri de la chaleur et de la lumi\u00e8re.<br \/>\nConseil de pr\u00e9paration : 1. Avec 0,5 litre de lait, verser le contenu d&rsquo;un sachet et bien m\u00e9langer. Faire bouillir le tout pendant 2 minutes. 2. Verser la pr\u00e9paration pr\u00e9par\u00e9e dans un r\u00e9cipient, ne pas m\u00e9langer et laisser refroidir. La cr\u00e8me dessert peut \u00eatre servi avec des fruits frais, du jus de fruit ou de la cr\u00e8me fouett\u00e9e. Informations compl\u00e9mentaires : A consommer de pr\u00e9f\u00e9rence avant le : voir la date indiqu\u00e9e sur l&#8217;emballage. Poids net : 60 g. Valeurs nutritionnelles dans 100 g\/ dans 1 portion (140 g)\/ % De RWS * dans 1 portion Valeur \u00e9nerg\u00e9tique 356 kJ 498 kJ\/ 6%\/ 84 kcal 118 kcal graisse 1,8 g\/ 2,5 g \/ 4% y compris les acides gras satur\u00e9s 1,1 g\/ 1,5 g\/ 8% glucide 13,9 g \/ 19,5 g\/ 8% y compris les sucres 8,7 g \/ 12,2 g\/ 14% aliments de lest 0,1 g\/ 0,1 g\/ &#8211; prot\u00e9ine 3,1 g\/ 4,3 g\/ 9% sel 0,10 g\/ 0,14 g\/ 2% * Apport de r\u00e9f\u00e9rence pour l&rsquo;adulte moyen (8400 kJ \/ 2000 kcal). ** pr\u00e9par\u00e9 avec du lait contenant 2,0% de mati\u00e8res grasses<\/span><\/p>\n","protected":false},"excerpt":{"rendered":"<p>Ingr\u00e9dients : Sucre, amidon de pomme de terre, amidon de ma\u00efs, ar\u00f4me, colorants (curcumine, carot\u00e8ne). Allerg\u00e8nes : Contient de l&rsquo;amidon de pomme de terre, de l&rsquo;amidon de ma\u00efs. Peut contenir <a class=\"more-link\" href=\"https:\/\/dom-polski.fr\/index.php\/product\/creme-dessert-sucree-a-la-vanille-60-g-winiary\/\">Afficher la suite \u2192<\/a><\/p>\n","protected":false},"featured_media":4615,"comment_status":"open","ping_status":"closed","template":"","meta":{"spay_email":"","jetpack_publicize_message":"","jetpack_is_tweetstorm":false},"aioseo_notices":[],"jetpack_publicize_connections":[],"jetpack_likes_enabled":false,"_links":{"self":[{"href":"https:\/\/dom-polski.fr\/index.php\/wp-json\/wp\/v2\/product\/4632"}],"collection":[{"href":"https:\/\/dom-polski.fr\/index.php\/wp-json\/wp\/v2\/product"}],"about":[{"href":"https:\/\/dom-polski.fr\/index.php\/wp-json\/wp\/v2\/types\/product"}],"replies":[{"embeddable":true,"href":"https:\/\/dom-polski.fr\/index.php\/wp-json\/wp\/v2\/comments?post=4632"}],"wp:featuredmedia":[{"embeddable":true,"href":"https:\/\/dom-polski.fr\/index.php\/wp-json\/wp\/v2\/media\/4615"}],"wp:attachment":[{"href":"https:\/\/dom-polski.fr\/index.php\/wp-json\/wp\/v2\/media?parent=4632"}],"curies":[{"name":"wp","href":"https:\/\/api.w.org\/{rel}","templated":true}]}}