{"id":4628,"date":"2020-06-19T10:00:59","date_gmt":"2020-06-19T08:00:59","guid":{"rendered":"https:\/\/dom-polski.fr\/?post_type=product&#038;p=4628"},"modified":"2025-12-18T22:56:24","modified_gmt":"2025-12-18T21:56:24","slug":"raifort-rape-victus-160-g","status":"publish","type":"product","link":"https:\/\/dom-polski.fr\/index.php\/product\/raifort-rape-victus-160-g\/","title":{"rendered":"Raifort r\u00e2p\u00e9 Victus 160 g"},"content":{"rendered":"<p><span style=\"text-align: left; color: #6c757d; text-transform: none; text-indent: 0px; letter-spacing: normal; font-family: 'Noto Serif', serif; font-size: 14px; font-style: normal; word-spacing: 0px; float: none; display: inline !important; white-space: normal; orphans: 2; widows: 2; background-color: #ffffff; text-decoration-color: initial; font-variant-ligatures: normal; font-variant-caps: normal; -webkit-text-stroke-width: 0px; text-decoration-style: initial;\">Ingr\u00e9dients : Racine de raifort r\u00e2p\u00e9e (52 %), eau, sucre, huile v\u00e9g\u00e9tale, r\u00e9gulateur d&rsquo;acidit\u00e9 (acide citrique), citron, sel, poudre de lait, conservateur (m\u00e9tabisulfite de sodium E223). Allerg\u00e8nes : Contient du lait. Conseil d&rsquo;utilisation: Conserver dans un endroit frais (temp\u00e9rature recommand\u00e9e entre + 4 \u00b0C et + 20 \u00b0C), sec et \u00e0 l&rsquo;abri de la lumi\u00e8re. Apr\u00e8s ouverture, doit \u00eatre conserv\u00e9 au r\u00e9frig\u00e9rateur et consomm\u00e9 rapidement. Informations compl\u00e9mentaires : A consommer de pr\u00e9f\u00e9rence avant le : voir la date indiqu\u00e9e sur l&#8217;emballage. Poids net : 160 g.<span style=\"font-size: medium;\">\u00a0<\/span><\/span><\/p>\n","protected":false},"excerpt":{"rendered":"<p>Ingr\u00e9dients : Racine de raifort r\u00e2p\u00e9e (52 %), eau, sucre, huile v\u00e9g\u00e9tale, r\u00e9gulateur d&rsquo;acidit\u00e9 (acide citrique), citron, sel, poudre de lait, conservateur (m\u00e9tabisulfite de sodium E223). Allerg\u00e8nes : Contient du <a class=\"more-link\" href=\"https:\/\/dom-polski.fr\/index.php\/product\/raifort-rape-victus-160-g\/\">Afficher la suite \u2192<\/a><\/p>\n","protected":false},"featured_media":7505,"comment_status":"open","ping_status":"closed","template":"","meta":{"spay_email":"","jetpack_publicize_message":"","jetpack_is_tweetstorm":false},"aioseo_notices":[],"jetpack_publicize_connections":[],"jetpack_likes_enabled":false,"_links":{"self":[{"href":"https:\/\/dom-polski.fr\/index.php\/wp-json\/wp\/v2\/product\/4628"}],"collection":[{"href":"https:\/\/dom-polski.fr\/index.php\/wp-json\/wp\/v2\/product"}],"about":[{"href":"https:\/\/dom-polski.fr\/index.php\/wp-json\/wp\/v2\/types\/product"}],"replies":[{"embeddable":true,"href":"https:\/\/dom-polski.fr\/index.php\/wp-json\/wp\/v2\/comments?post=4628"}],"wp:featuredmedia":[{"embeddable":true,"href":"https:\/\/dom-polski.fr\/index.php\/wp-json\/wp\/v2\/media\/7505"}],"wp:attachment":[{"href":"https:\/\/dom-polski.fr\/index.php\/wp-json\/wp\/v2\/media?parent=4628"}],"curies":[{"name":"wp","href":"https:\/\/api.w.org\/{rel}","templated":true}]}}