{"id":453,"date":"2018-02-03T12:40:45","date_gmt":"2018-02-03T11:40:45","guid":{"rendered":"http:\/\/dom-polski.fr\/?post_type=product&#038;p=453"},"modified":"2024-11-22T11:10:15","modified_gmt":"2024-11-22T10:10:15","slug":"service-a-vodka-grave-2","status":"publish","type":"product","link":"https:\/\/dom-polski.fr\/index.php\/product\/service-a-vodka-grave-2\/","title":{"rendered":"Service \u00e0 vodka grav\u00e9"},"content":{"rendered":"<p>Verres grav\u00e9s \u00e0 la main.<br \/>\nMotifs grav\u00e9s : Aigle et Polska<br \/>\nEnsemble de 6 verres de 50 ml chacun<br \/>\nHauteur : 6,00 cm<\/p>\n","protected":false},"excerpt":{"rendered":"<p>Hauteur du verre : 6,60 cm<\/p>\n<p>Capacit\u00e9 : 25 ml <a class=\"more-link\" href=\"https:\/\/dom-polski.fr\/index.php\/product\/service-a-vodka-grave-2\/\">Afficher la suite \u2192<\/a><\/p>\n","protected":false},"featured_media":454,"comment_status":"open","ping_status":"closed","template":"","meta":{"spay_email":"","jetpack_publicize_message":"","jetpack_is_tweetstorm":false},"aioseo_notices":[],"jetpack_publicize_connections":[],"jetpack_likes_enabled":false,"_links":{"self":[{"href":"https:\/\/dom-polski.fr\/index.php\/wp-json\/wp\/v2\/product\/453"}],"collection":[{"href":"https:\/\/dom-polski.fr\/index.php\/wp-json\/wp\/v2\/product"}],"about":[{"href":"https:\/\/dom-polski.fr\/index.php\/wp-json\/wp\/v2\/types\/product"}],"replies":[{"embeddable":true,"href":"https:\/\/dom-polski.fr\/index.php\/wp-json\/wp\/v2\/comments?post=453"}],"wp:featuredmedia":[{"embeddable":true,"href":"https:\/\/dom-polski.fr\/index.php\/wp-json\/wp\/v2\/media\/454"}],"wp:attachment":[{"href":"https:\/\/dom-polski.fr\/index.php\/wp-json\/wp\/v2\/media?parent=453"}],"curies":[{"name":"wp","href":"https:\/\/api.w.org\/{rel}","templated":true}]}}