{"id":4290,"date":"2020-05-28T20:36:59","date_gmt":"2020-05-28T18:36:59","guid":{"rendered":"https:\/\/dom-polski.fr\/?post_type=product&#038;p=4290"},"modified":"2021-03-20T20:55:43","modified_gmt":"2021-03-20T19:55:43","slug":"masque-blanc-polska-disponible-entre-le-10-et-le-15-juin","status":"publish","type":"product","link":"https:\/\/dom-polski.fr\/index.php\/product\/masque-blanc-polska-disponible-entre-le-10-et-le-15-juin\/","title":{"rendered":"Masque blanc Polska"},"content":{"rendered":"<p>Etant donn\u00e9 que le site est programm\u00e9 en Colissimo, un remboursement sera effectu\u00e9. Lettre suivie \u00e0 1,56 \u20ac.<\/p>\n<p>Masque de couleur : Blanc<br \/>\nImpression : Aigle<br \/>\nNorme : OEKO-TEX<br \/>\nMicrofibe : 100 g\/m2 face ext\u00e9rieur<br \/>\nCoton 100 %<br \/>\nLavable \u00e0 60\u00b0 (25 fois pr\u00e9conis\u00e9s)<\/p>\n","protected":false},"excerpt":{"rendered":"<p>Etant donn\u00e9 que le site est programm\u00e9 en Colissimo, un remboursement sera effectu\u00e9. Lettre suivie \u00e0 1,56 \u20ac. Masque de couleur : Blanc Impression : Aigle Norme : OEKO-TEX Microfibe <a class=\"more-link\" href=\"https:\/\/dom-polski.fr\/index.php\/product\/masque-blanc-polska-disponible-entre-le-10-et-le-15-juin\/\">Afficher la suite \u2192<\/a><\/p>\n","protected":false},"featured_media":4890,"comment_status":"open","ping_status":"closed","template":"","meta":{"spay_email":"","jetpack_publicize_message":"","jetpack_is_tweetstorm":false},"aioseo_notices":[],"jetpack_publicize_connections":[],"jetpack_likes_enabled":false,"_links":{"self":[{"href":"https:\/\/dom-polski.fr\/index.php\/wp-json\/wp\/v2\/product\/4290"}],"collection":[{"href":"https:\/\/dom-polski.fr\/index.php\/wp-json\/wp\/v2\/product"}],"about":[{"href":"https:\/\/dom-polski.fr\/index.php\/wp-json\/wp\/v2\/types\/product"}],"replies":[{"embeddable":true,"href":"https:\/\/dom-polski.fr\/index.php\/wp-json\/wp\/v2\/comments?post=4290"}],"wp:featuredmedia":[{"embeddable":true,"href":"https:\/\/dom-polski.fr\/index.php\/wp-json\/wp\/v2\/media\/4890"}],"wp:attachment":[{"href":"https:\/\/dom-polski.fr\/index.php\/wp-json\/wp\/v2\/media?parent=4290"}],"curies":[{"name":"wp","href":"https:\/\/api.w.org\/{rel}","templated":true}]}}