{"id":4289,"date":"2020-05-28T20:30:51","date_gmt":"2020-05-28T18:30:51","guid":{"rendered":"https:\/\/dom-polski.fr\/?post_type=product&#038;p=4289"},"modified":"2020-12-16T16:39:08","modified_gmt":"2020-12-16T15:39:08","slug":"masque-rouge-polska","status":"publish","type":"product","link":"https:\/\/dom-polski.fr\/index.php\/product\/masque-rouge-polska\/","title":{"rendered":"Masque rouge Polska"},"content":{"rendered":"<p>Etant donn\u00e9 que le site est programm\u00e9 en Colissimo, un remboursement sera effectu\u00e9. Lettre suivie \u00e0 1,56 \u20ac.<\/p>\n<p style=\"text-align: left;\">Masque de couleur : Rouge<br \/>\nImpression : Aigle<br \/>\nMicrofibre 100 g\/m2 face ext\u00e9rieur<br \/>\nCoton 100 %<br \/>\nLavable \u00e0 60\u00b0 (25 fois)<\/p>\n","protected":false},"excerpt":{"rendered":"<p>Etant donn\u00e9 que le site est programm\u00e9 en Colissimo, un remboursement sera effectu\u00e9. Lettre suivie \u00e0 1,56 \u20ac. Masque de couleur : Rouge Impression : Aigle Microfibre 100 g\/m2 face <a class=\"more-link\" href=\"https:\/\/dom-polski.fr\/index.php\/product\/masque-rouge-polska\/\">Afficher la suite \u2192<\/a><\/p>\n","protected":false},"featured_media":4288,"comment_status":"open","ping_status":"closed","template":"","meta":{"spay_email":"","jetpack_publicize_message":"","jetpack_is_tweetstorm":false},"aioseo_notices":[],"jetpack_publicize_connections":[],"jetpack_likes_enabled":false,"_links":{"self":[{"href":"https:\/\/dom-polski.fr\/index.php\/wp-json\/wp\/v2\/product\/4289"}],"collection":[{"href":"https:\/\/dom-polski.fr\/index.php\/wp-json\/wp\/v2\/product"}],"about":[{"href":"https:\/\/dom-polski.fr\/index.php\/wp-json\/wp\/v2\/types\/product"}],"replies":[{"embeddable":true,"href":"https:\/\/dom-polski.fr\/index.php\/wp-json\/wp\/v2\/comments?post=4289"}],"wp:featuredmedia":[{"embeddable":true,"href":"https:\/\/dom-polski.fr\/index.php\/wp-json\/wp\/v2\/media\/4288"}],"wp:attachment":[{"href":"https:\/\/dom-polski.fr\/index.php\/wp-json\/wp\/v2\/media?parent=4289"}],"curies":[{"name":"wp","href":"https:\/\/api.w.org\/{rel}","templated":true}]}}