{"id":4283,"date":"2020-05-28T11:23:40","date_gmt":"2020-05-28T09:23:40","guid":{"rendered":"https:\/\/dom-polski.fr\/?post_type=product&#038;p=4283"},"modified":"2024-04-29T12:34:16","modified_gmt":"2024-04-29T10:34:16","slug":"coqs-aimantes-2","status":"publish","type":"product","link":"https:\/\/dom-polski.fr\/index.php\/product\/coqs-aimantes-2\/","title":{"rendered":"Coqs aimant\u00e9s"},"content":{"rendered":"<p>Aimant de r\u00e9frig\u00e9rateur avec des graphistes repr\u00e9sentant une d\u00e9coupe r\u00e9gionale Lowicka. Un souvenir parfait pour les collecteurs d&rsquo;aimants. Sous la photo, il y a une plaque m\u00e9tallique, gr\u00e2ce \u00e0 laquelle l&rsquo;aimant est dur et ne se plie pas.<\/p>\n","protected":false},"excerpt":{"rendered":"<p>Aimant de r\u00e9frig\u00e9rateur avec des graphistes repr\u00e9sentant une d\u00e9coupe r\u00e9gionale Lowicka. Un souvenir parfait pour les collecteurs d&rsquo;aimants. Sous la photo, il y a une plaque m\u00e9tallique, gr\u00e2ce \u00e0 laquelle <a class=\"more-link\" href=\"https:\/\/dom-polski.fr\/index.php\/product\/coqs-aimantes-2\/\">Afficher la suite \u2192<\/a><\/p>\n","protected":false},"featured_media":4258,"comment_status":"open","ping_status":"closed","template":"","meta":{"spay_email":"","jetpack_publicize_message":"","jetpack_is_tweetstorm":false},"aioseo_notices":[],"jetpack_publicize_connections":[],"jetpack_likes_enabled":false,"_links":{"self":[{"href":"https:\/\/dom-polski.fr\/index.php\/wp-json\/wp\/v2\/product\/4283"}],"collection":[{"href":"https:\/\/dom-polski.fr\/index.php\/wp-json\/wp\/v2\/product"}],"about":[{"href":"https:\/\/dom-polski.fr\/index.php\/wp-json\/wp\/v2\/types\/product"}],"replies":[{"embeddable":true,"href":"https:\/\/dom-polski.fr\/index.php\/wp-json\/wp\/v2\/comments?post=4283"}],"wp:featuredmedia":[{"embeddable":true,"href":"https:\/\/dom-polski.fr\/index.php\/wp-json\/wp\/v2\/media\/4258"}],"wp:attachment":[{"href":"https:\/\/dom-polski.fr\/index.php\/wp-json\/wp\/v2\/media?parent=4283"}],"curies":[{"name":"wp","href":"https:\/\/api.w.org\/{rel}","templated":true}]}}