{"id":4250,"date":"2020-05-28T11:14:07","date_gmt":"2020-05-28T09:14:07","guid":{"rendered":"https:\/\/dom-polski.fr\/?post_type=product&#038;p=4250"},"modified":"2023-08-12T18:22:04","modified_gmt":"2023-08-12T16:22:04","slug":"magnet-folklore-lowicz","status":"publish","type":"product","link":"https:\/\/dom-polski.fr\/index.php\/product\/magnet-folklore-lowicz\/","title":{"rendered":"Magnet folklore Lowicz"},"content":{"rendered":"<p>Aimant Lowicz<\/p>\n<p>Dimensions : 7 cm x 6 cm<\/p>\n<p>Les aimants sont en contreplaqu\u00e9 de bois avec un imprim\u00e9 color\u00e9. La forme irr\u00e9guli\u00e8re de l&rsquo;aimant souligne son originalit\u00e9 et son aspect int\u00e9ressant. Il est dur et ne se plie pas.<\/p>\n","protected":false},"excerpt":{"rendered":"<p>Aimant Lowicz Dimensions : 7 cm x 6 cm Les aimants sont en contreplaqu\u00e9 de bois avec un imprim\u00e9 color\u00e9. La forme irr\u00e9guli\u00e8re de l&rsquo;aimant souligne son originalit\u00e9 et son <a class=\"more-link\" href=\"https:\/\/dom-polski.fr\/index.php\/product\/magnet-folklore-lowicz\/\">Afficher la suite \u2192<\/a><\/p>\n","protected":false},"featured_media":4257,"comment_status":"open","ping_status":"closed","template":"","meta":{"spay_email":"","jetpack_publicize_message":"","jetpack_is_tweetstorm":false},"aioseo_notices":[],"jetpack_publicize_connections":[],"jetpack_likes_enabled":false,"_links":{"self":[{"href":"https:\/\/dom-polski.fr\/index.php\/wp-json\/wp\/v2\/product\/4250"}],"collection":[{"href":"https:\/\/dom-polski.fr\/index.php\/wp-json\/wp\/v2\/product"}],"about":[{"href":"https:\/\/dom-polski.fr\/index.php\/wp-json\/wp\/v2\/types\/product"}],"replies":[{"embeddable":true,"href":"https:\/\/dom-polski.fr\/index.php\/wp-json\/wp\/v2\/comments?post=4250"}],"wp:featuredmedia":[{"embeddable":true,"href":"https:\/\/dom-polski.fr\/index.php\/wp-json\/wp\/v2\/media\/4257"}],"wp:attachment":[{"href":"https:\/\/dom-polski.fr\/index.php\/wp-json\/wp\/v2\/media?parent=4250"}],"curies":[{"name":"wp","href":"https:\/\/api.w.org\/{rel}","templated":true}]}}