{"id":4200,"date":"2020-05-27T11:53:25","date_gmt":"2020-05-27T09:53:25","guid":{"rendered":"https:\/\/dom-polski.fr\/?post_type=product&#038;p=4200"},"modified":"2023-08-13T14:00:17","modified_gmt":"2023-08-13T12:00:17","slug":"fanion-polska-9-cm","status":"publish","type":"product","link":"https:\/\/dom-polski.fr\/index.php\/product\/fanion-polska-9-cm\/","title":{"rendered":"Fanion Polska 9 cm"},"content":{"rendered":"<p>Fanion Polska (plastifi\u00e9)<br \/>\nEmbl\u00e8me polonais des deux c\u00f4t\u00e9s<br \/>\nDimension : 9 cm<\/p>\n","protected":false},"excerpt":{"rendered":"<p>Fanion Polska (plastifi\u00e9) Embl\u00e8me polonais des deux c\u00f4t\u00e9s Dimension : 9 cm<\/p>\n","protected":false},"featured_media":4189,"comment_status":"open","ping_status":"closed","template":"","meta":{"spay_email":"","jetpack_publicize_message":"","jetpack_is_tweetstorm":false},"aioseo_notices":[],"jetpack_publicize_connections":[],"jetpack_likes_enabled":false,"_links":{"self":[{"href":"https:\/\/dom-polski.fr\/index.php\/wp-json\/wp\/v2\/product\/4200"}],"collection":[{"href":"https:\/\/dom-polski.fr\/index.php\/wp-json\/wp\/v2\/product"}],"about":[{"href":"https:\/\/dom-polski.fr\/index.php\/wp-json\/wp\/v2\/types\/product"}],"replies":[{"embeddable":true,"href":"https:\/\/dom-polski.fr\/index.php\/wp-json\/wp\/v2\/comments?post=4200"}],"wp:featuredmedia":[{"embeddable":true,"href":"https:\/\/dom-polski.fr\/index.php\/wp-json\/wp\/v2\/media\/4189"}],"wp:attachment":[{"href":"https:\/\/dom-polski.fr\/index.php\/wp-json\/wp\/v2\/media?parent=4200"}],"curies":[{"name":"wp","href":"https:\/\/api.w.org\/{rel}","templated":true}]}}