{"id":4099,"date":"2020-05-06T19:01:06","date_gmt":"2020-05-06T17:01:06","guid":{"rendered":"https:\/\/dom-polski.fr\/?post_type=product&#038;p=4099"},"modified":"2020-12-07T13:40:38","modified_gmt":"2020-12-07T12:40:38","slug":"masque-lavable-folklore-rouge","status":"publish","type":"product","link":"https:\/\/dom-polski.fr\/index.php\/product\/masque-lavable-folklore-rouge\/","title":{"rendered":"Masque lavable folklore rouge"},"content":{"rendered":"<p class=\"p2\"><span class=\"s1\">Suite \u00e0 un probl\u00e8me technique, les frais d\u2019envois (lettre suivie) par masque et 7,50 \u20ac (Colissimo). Un remboursement vous sera effectu\u00e9.<\/span><\/p>\n<p class=\"p2\"><span class=\"s1\">Comment dois-je nettoyer mon masque ?<\/span><\/p>\n<p class=\"p2\"><span class=\"s1\">Un masque propre dure plus longtemps, fournit une meilleure \u00e9tanch\u00e9it\u00e9 et vous procure un traitement plus agr\u00e9able et confortable. Le guide d&rsquo;utilisation de votre masque fournit des instructions compl\u00e8tes sur le nettoyage. Nous r\u00e9pondons \u00e9galement, ci-dessous, \u00e0 certaines des questions fr\u00e9quemment pos\u00e9es. Nous esp\u00e9rons que ces informations vous seront utiles !<\/span><\/p>\n<p class=\"p3\"><span class=\"s2\">Pourquoi dois-je nettoyer mon masque ?<\/span><\/p>\n<p class=\"p2\"><span class=\"s1\">Vous devez nettoyer votre masque pour de nombreuses raisons. La salet\u00e9, le s\u00e9bum, les r\u00e9sidus de peau et la poussi\u00e8re ambiante peuvent s&rsquo;accumuler sur le masque si celui-ci n&rsquo;est pas nettoy\u00e9 chaque jour. Ces \u00e9l\u00e9ments peuvent irriter votre peau et ab\u00eemer les mat\u00e9riaux de votre masque.<\/span><\/p>\n<p class=\"p2\"><span class=\"s1\">Un nettoyage r\u00e9gulier du masque permet de le maintenir en bon \u00e9tat, d&rsquo;optimiser l&rsquo;\u00e9tanch\u00e9it\u00e9 pour un meilleur traitement et prot\u00e8ge votre peau ainsi que la qualit\u00e9 de l&rsquo;air que vous respirez.<\/span><\/p>\n<p class=\"p3\"><span class=\"s2\">Quelle est la bonne fr\u00e9quence de remplacement de votre masque et des composants ?\u00a0<\/span><\/p>\n<p class=\"p2\"><span class=\"s1\">Vous devez nettoyer votre masque chaque jour ou apr\u00e8s chaque utilisation. Vous devez nettoyer votre harnais chaque semaine.<\/span><\/p>\n<p class=\"p2\"><span class=\"s1\">Nettoyez le masque et le harnais \u00e0 la main en les frottant l\u00e9g\u00e8rement dans de l&rsquo;eau ti\u00e8de (30\u00b0C environ) \u00e0 l&rsquo;aide d&rsquo;un savon doux. Rincez soigneusement tous les composants \u00e0 l&rsquo;eau potable et laissez-les s\u00e9cher \u00e0 l&rsquo;abri de la lumi\u00e8re directe du soleil. Veuillez consulter le guide d&rsquo;utilisation de votre masque ou la question ci-dessous pour des instructions plus d\u00e9taill\u00e9es.<\/span><\/p>\n<p class=\"p3\"><span class=\"s2\">Comment dois-je nettoyer mon masque ?<\/span><\/p>\n<p class=\"p2\"><span class=\"s1\">Consultez le guide d\u2019utilisation de votre mod\u00e8le de masque pour des instructions d\u00e9taill\u00e9es sur son nettoyage. En r\u00e8gle g\u00e9n\u00e9rale, les instructions de nettoyage suivantes s&rsquo;appliquent \u00e0 la plupart des masques.<\/span><\/p>\n<p class=\"p2\"><span class=\"s1\">Chaque jour ou apr\u00e8s chaque utilisation :<\/span><\/p>\n<ul class=\"ul1\">\n<li class=\"li2\"><span class=\"s1\">D\u00e9montez les composants du masque (consultez votre guide d&rsquo;utilisation du masque si vous avez besoin d&rsquo;instructions). Si vous utilisez un masque narinaire, vous devez d\u00e9monter les coussins de l&rsquo;entourage rigide.<\/span><\/li>\n<li class=\"li2\"><span class=\"s1\">Nettoyez soigneusement chaque composant s\u00e9par\u00e9ment (\u00e0 l&rsquo;exclusion du harnais et des housses en tissu) en le frottant l\u00e9g\u00e8rement dans de l&rsquo;eau ti\u00e8de (environ 30 \u00b0C) avec un savon doux. Pour optimiser l&rsquo;\u00e9tanch\u00e9it\u00e9 du masque, retirez toute trace de s\u00e9bum de la bulle apr\u00e8s utilisation.<\/span><\/li>\n<li class=\"li2\"><span class=\"s1\">Utilisez une brosse \u00e0 poils doux pour nettoyer l&rsquo;orifice de ventilation ainsi que les pi\u00e8ces pivotantes comme le coude, l&rsquo;anneau pivotant ou le joint \u00e0 rotule.<\/span><\/li>\n<li class=\"li2\"><span class=\"s1\">Proc\u00e9dez \u00e0 un contr\u00f4le visuel de chaque composant du masque et, si n\u00e9cessaire, r\u00e9p\u00e9tez l&rsquo;op\u00e9ration de nettoyage jusqu&rsquo;\u00e0 ce que les composants vous semblent propres.<\/span><\/li>\n<li class=\"li2\"><span class=\"s1\">Rincez soigneusement tous les composants du masque \u00e0 l\u2019eau potable et les s\u00e9cher \u00e0 l\u2019abri de la lumi\u00e8re directe du soleil.<\/span><\/li>\n<li class=\"li2\"><span class=\"s1\">Remontez le masque une fois que tous les composants, y compris l&rsquo;orifice de ventilation, sont secs (voir le guide d&rsquo;utilisation si vous avez besoin d&rsquo;instructions).\u00a0<\/span><\/li>\n<\/ul>\n<p class=\"p2\"><span class=\"s1\">Chaque semaine, vous devez :<\/span><\/p>\n<ul class=\"ul1\">\n<li class=\"li2\"><span class=\"s1\">Laver le harnais \u00e0 la main, y compris les housses en tissu, le cas \u00e9ch\u00e9ant. Rincer soigneusement et s\u00e9cher \u00e0 l&rsquo;abri de la lumi\u00e8re directe du soleil.<\/span><\/li>\n<li class=\"li2\"><span class=\"s1\">Veuillez noter que le harnais peut \u00eatre lav\u00e9 sans \u00eatre d\u00e9mont\u00e9 et que le harnais risque de se d\u00e9colorer l\u00e9g\u00e8rement au cours du premier lavage.\u00a0<\/span><\/li>\n<\/ul>\n<p class=\"p2\"><span class=\"s1\">En cas de d\u00e9t\u00e9rioration visible d\u2019un des composants du syst\u00e8me (par ex. fissures, fendillements, d\u00e9chirures, etc.), ou, si une fois nettoy\u00e9, l&rsquo;un des composants est toujours sale, vous devez remplacer ce composant.<\/span><\/p>\n<p class=\"p3\"><span class=\"s2\">Quels produits dois-je utiliser pour nettoyer mon masque ? Dois-je \u00e9viter certains produits ?<\/span><\/p>\n<p class=\"p2\"><span class=\"s1\">Vous devez toujours suivre les instructions de nettoyage de votre guide d&rsquo;utilisation du masque et utiliser un savon doux. Nous recommandons l&rsquo;utilisation d&rsquo;un d\u00e9tergent ordinaire (type savon de marseille) ou d&rsquo;un shampoing pour b\u00e9b\u00e9 pour laver votre masque et le harnais.<\/span><\/p>\n<p class=\"p2\"><span class=\"s1\">N&rsquo;utilisez pas de solutions ni d&rsquo;huiles parfum\u00e9es (par ex. \u00e0 l&rsquo;eucalyptus ou des huiles essentielles), d&rsquo;eau de javel, d&rsquo;alcool ni de produits ayant une forte odeur (par ex. de citron) pour nettoyer les composants du masque. Certains produits de nettoyage peuvent endommager le masque, ses composants et leur fonctionnement, ou laisser des vapeurs r\u00e9siduelles nocives qui peuvent \u00eatre inhal\u00e9es si les composants ne sont pas correctement rinc\u00e9s.<\/span><\/p>\n<p class=\"p3\"><span class=\"s2\">Puis-je passer mon masque et harnais au lave-vaisselle ?<\/span><\/p>\n<p class=\"p2\"><span class=\"s1\">Non. Vous devez laver votre masque et votre harnais \u00e0 la main.<\/span><\/p>\n<p class=\"p2\"><span class=\"s1\">Veuillez toujours respecter les instructions de nettoyage et utiliser un savon doux. Certains produits de nettoyage peuvent endommager le masque, ses composants et leur fonctionnement, ou laisser des vapeurs r\u00e9siduelles nocives qui peuvent \u00eatre inhal\u00e9es si les composants ne sont pas correctement rinc\u00e9s.<\/span><\/p>\n<p class=\"p3\"><span class=\"s2\">Puis-je d\u00e9sinfecter mon masque ?<\/span><\/p>\n<p class=\"p2\"><span class=\"s1\">Si vous \u00eates le seul utilisateur du masque, vous n&rsquo;avez pas besoin de le d\u00e9sinfecter. Vous devez simplement suivre les instructions de nettoyage indiqu\u00e9es dans votre guide d&rsquo;utilisation du masque. La FAQ ci-dessus fournit des instructions de base.<\/span><\/p>\n<p class=\"p2\"><span class=\"s1\">Nous vous d\u00e9conseillons de partager votre masque avec une autre personne. Si vous partagez votre masque, veuillez demander \u00e0 votre prestataire de sant\u00e9 de vous procurer un autre masque pour votre propre utilisation.<\/span><\/p>\n<p class=\"p2\"><span class=\"s1\">Vous ne devez pas utiliser de solutions contenant du vinaigre, de l&rsquo;eau de javel, du chlore, de l&rsquo;alcool, des produits aromatiques, des produits hydratants, des agents antibact\u00e9riens ou des huiles parfum\u00e9es pour le nettoyage de tous les \u00e9l\u00e9ments de votre masque ou du circuit respiratoire. Ces produits risquent d&rsquo;endommager le masque et de r\u00e9duire sa dur\u00e9e de vie.<\/span><\/p>\n<p class=\"p3\"><span class=\"s2\">Que dois-je faire d&rsquo;autre pour maintenir mon masque en bon \u00e9tat ?<\/span><\/p>\n<p class=\"p2\"><span class=\"s1\">En plus du nettoyage de votre masque, vous devez conserver votre masque et ses composants \u00e0 l&rsquo;abri de la lumi\u00e8re directe du soleil. L&rsquo;exposition de n&rsquo;importe quelle partie du syst\u00e8me ou du circuit \u00e0 la lumi\u00e8re du soleil peut endommager les mat\u00e9riaux et provoquer leur d\u00e9t\u00e9rioration.<\/span><\/p>\n<p class=\"p2\"><span class=\"s1\">Nous vous conseillons de vous laver le visage avant d&rsquo;aller vous coucher, de pr\u00e9f\u00e9rence avec un savon \u00e0 pH neutre, pour enlever l&rsquo;exc\u00e9dent de s\u00e9bum. Vous devez \u00e9galement \u00e9viter d&rsquo;utiliser des lotions et des cr\u00e8mes faciales l\u00e0 o\u00f9 le masque entre en contact avec votre visage car ces produits peuvent nuire \u00e0 l&rsquo;\u00e9tanch\u00e9it\u00e9 du masque et affecter progressivement la qualit\u00e9 de la bulle.<\/span><\/p>\n<p class=\"p2\"><span class=\"s1\">Vous devez remplacer tout \u00e9l\u00e9ment de votre masque ou de l&rsquo;appareil montrant des signes visibles de d\u00e9t\u00e9rioration, comme les fissures, la d\u00e9coloration ou les d\u00e9chirures.\u00a0<\/span><\/p>\n","protected":false},"excerpt":{"rendered":"<p>Suite \u00e0 un probl\u00e8me technique, les frais d\u2019envois (lettre suivie) par masque et 7,50 \u20ac (Colissimo). Un remboursement vous sera effectu\u00e9. Comment dois-je nettoyer mon masque ? Un masque propre <a class=\"more-link\" href=\"https:\/\/dom-polski.fr\/index.php\/product\/masque-lavable-folklore-rouge\/\">Afficher la suite \u2192<\/a><\/p>\n","protected":false},"featured_media":4068,"comment_status":"open","ping_status":"closed","template":"","meta":{"spay_email":"","jetpack_publicize_message":"","jetpack_is_tweetstorm":false},"aioseo_notices":[],"jetpack_publicize_connections":[],"jetpack_likes_enabled":false,"_links":{"self":[{"href":"https:\/\/dom-polski.fr\/index.php\/wp-json\/wp\/v2\/product\/4099"}],"collection":[{"href":"https:\/\/dom-polski.fr\/index.php\/wp-json\/wp\/v2\/product"}],"about":[{"href":"https:\/\/dom-polski.fr\/index.php\/wp-json\/wp\/v2\/types\/product"}],"replies":[{"embeddable":true,"href":"https:\/\/dom-polski.fr\/index.php\/wp-json\/wp\/v2\/comments?post=4099"}],"wp:featuredmedia":[{"embeddable":true,"href":"https:\/\/dom-polski.fr\/index.php\/wp-json\/wp\/v2\/media\/4068"}],"wp:attachment":[{"href":"https:\/\/dom-polski.fr\/index.php\/wp-json\/wp\/v2\/media?parent=4099"}],"curies":[{"name":"wp","href":"https:\/\/api.w.org\/{rel}","templated":true}]}}