{"id":4027,"date":"2020-04-06T17:19:30","date_gmt":"2020-04-06T15:19:30","guid":{"rendered":"https:\/\/dom-polski.fr\/?post_type=product&#038;p=4027"},"modified":"2021-11-23T21:12:05","modified_gmt":"2021-11-23T20:12:05","slug":"babouchka-fraises-7-pieces-3","status":"publish","type":"product","link":"https:\/\/dom-polski.fr\/index.php\/product\/babouchka-fraises-7-pieces-3\/","title":{"rendered":"Babouchka fraises (7 pi\u00e8ces)"},"content":{"rendered":"<p>Hauteur de la plus grande pi\u00e8ce : 19,00 cm<br \/>\nHauteur de la plus petite pi\u00e8ce : 10,00 cm<br \/>\nNombre de pi\u00e8ces : 7<br \/>\nMati\u00e8re : Bois<\/p>\n","protected":false},"excerpt":{"rendered":"<p>Hauteur de la plus grande pi\u00e8ce : 19,00 cm Hauteur de la plus petite pi\u00e8ce : 10,00 cm Nombre de pi\u00e8ces : 7 Mati\u00e8re : Bois<\/p>\n","protected":false},"featured_media":3990,"comment_status":"open","ping_status":"closed","template":"","meta":{"spay_email":"","jetpack_publicize_message":"","jetpack_is_tweetstorm":false},"aioseo_notices":[],"jetpack_publicize_connections":[],"jetpack_likes_enabled":false,"_links":{"self":[{"href":"https:\/\/dom-polski.fr\/index.php\/wp-json\/wp\/v2\/product\/4027"}],"collection":[{"href":"https:\/\/dom-polski.fr\/index.php\/wp-json\/wp\/v2\/product"}],"about":[{"href":"https:\/\/dom-polski.fr\/index.php\/wp-json\/wp\/v2\/types\/product"}],"replies":[{"embeddable":true,"href":"https:\/\/dom-polski.fr\/index.php\/wp-json\/wp\/v2\/comments?post=4027"}],"wp:featuredmedia":[{"embeddable":true,"href":"https:\/\/dom-polski.fr\/index.php\/wp-json\/wp\/v2\/media\/3990"}],"wp:attachment":[{"href":"https:\/\/dom-polski.fr\/index.php\/wp-json\/wp\/v2\/media?parent=4027"}],"curies":[{"name":"wp","href":"https:\/\/api.w.org\/{rel}","templated":true}]}}