{"id":400,"date":"2018-02-02T20:29:46","date_gmt":"2018-02-02T19:29:46","guid":{"rendered":"http:\/\/dom-polski.fr\/?post_type=product&#038;p=400"},"modified":"2023-07-23T13:53:04","modified_gmt":"2023-07-23T11:53:04","slug":"service-a-vodka-folklore","status":"publish","type":"product","link":"https:\/\/dom-polski.fr\/index.php\/product\/service-a-vodka-folklore\/","title":{"rendered":"Service \u00e0 vodka folklore"},"content":{"rendered":"<p>Lot de 6 verres \u00e0 vodka. Vendu par lot de 6.<br \/>\nD\u00e9cor\u00e9 avec un motif de fleurs de Lowicz sur un c\u00f4t\u00e9.<br \/>\nContenance : 25 ml<br \/>\nEmball\u00e9s en carton.<br \/>\nLe prix indiqu\u00e9 est le prix du lot de 6 verres.<\/p>\n","protected":false},"excerpt":{"rendered":"<p>6 verres folklores <a class=\"more-link\" href=\"https:\/\/dom-polski.fr\/index.php\/product\/service-a-vodka-folklore\/\">Afficher la suite \u2192<\/a><\/p>\n","protected":false},"featured_media":401,"comment_status":"open","ping_status":"closed","template":"","meta":{"spay_email":"","jetpack_publicize_message":"","jetpack_is_tweetstorm":false},"aioseo_notices":[],"jetpack_publicize_connections":[],"jetpack_likes_enabled":false,"_links":{"self":[{"href":"https:\/\/dom-polski.fr\/index.php\/wp-json\/wp\/v2\/product\/400"}],"collection":[{"href":"https:\/\/dom-polski.fr\/index.php\/wp-json\/wp\/v2\/product"}],"about":[{"href":"https:\/\/dom-polski.fr\/index.php\/wp-json\/wp\/v2\/types\/product"}],"replies":[{"embeddable":true,"href":"https:\/\/dom-polski.fr\/index.php\/wp-json\/wp\/v2\/comments?post=400"}],"wp:featuredmedia":[{"embeddable":true,"href":"https:\/\/dom-polski.fr\/index.php\/wp-json\/wp\/v2\/media\/401"}],"wp:attachment":[{"href":"https:\/\/dom-polski.fr\/index.php\/wp-json\/wp\/v2\/media?parent=400"}],"curies":[{"name":"wp","href":"https:\/\/api.w.org\/{rel}","templated":true}]}}