{"id":3875,"date":"2020-04-05T18:35:08","date_gmt":"2020-04-05T16:35:08","guid":{"rendered":"https:\/\/dom-polski.fr\/?post_type=product&#038;p=3875"},"modified":"2023-08-08T19:07:03","modified_gmt":"2023-08-08T17:07:03","slug":"babouchka-staro-5-pieces","status":"publish","type":"product","link":"https:\/\/dom-polski.fr\/index.php\/product\/babouchka-staro-5-pieces\/","title":{"rendered":"Babouchka Staro (5 pi\u00e8ces)"},"content":{"rendered":"<p>Hauteur de la plus\u00a0grande pi\u00e8ce : 10,50 cm<br \/>\nHauteur de la plus petite pi\u00e8ce : 5,50 cm<br \/>\nNombre de pi\u00e8ces : 5<br \/>\nMati\u00e8re : Bois<\/p>\n","protected":false},"excerpt":{"rendered":"<p>Hauteur de la plus\u00a0grande pi\u00e8ce : 10,50 cm Hauteur de la plus petite pi\u00e8ce : 5,50 cm Nombre de pi\u00e8ces : 5 Mati\u00e8re : Bois<\/p>\n","protected":false},"featured_media":3871,"comment_status":"open","ping_status":"closed","template":"","meta":{"spay_email":"","jetpack_publicize_message":"","jetpack_is_tweetstorm":false},"aioseo_notices":[],"jetpack_publicize_connections":[],"jetpack_likes_enabled":false,"_links":{"self":[{"href":"https:\/\/dom-polski.fr\/index.php\/wp-json\/wp\/v2\/product\/3875"}],"collection":[{"href":"https:\/\/dom-polski.fr\/index.php\/wp-json\/wp\/v2\/product"}],"about":[{"href":"https:\/\/dom-polski.fr\/index.php\/wp-json\/wp\/v2\/types\/product"}],"replies":[{"embeddable":true,"href":"https:\/\/dom-polski.fr\/index.php\/wp-json\/wp\/v2\/comments?post=3875"}],"wp:featuredmedia":[{"embeddable":true,"href":"https:\/\/dom-polski.fr\/index.php\/wp-json\/wp\/v2\/media\/3871"}],"wp:attachment":[{"href":"https:\/\/dom-polski.fr\/index.php\/wp-json\/wp\/v2\/media?parent=3875"}],"curies":[{"name":"wp","href":"https:\/\/api.w.org\/{rel}","templated":true}]}}