{"id":3866,"date":"2020-04-05T18:06:39","date_gmt":"2020-04-05T16:06:39","guid":{"rendered":"https:\/\/dom-polski.fr\/?post_type=product&#038;p=3866"},"modified":"2020-04-05T18:06:40","modified_gmt":"2020-04-05T16:06:40","slug":"babouchka-chat-3-pieces-2","status":"publish","type":"product","link":"https:\/\/dom-polski.fr\/index.php\/product\/babouchka-chat-3-pieces-2\/","title":{"rendered":"Babouchka chat (3 pi\u00e8ces)"},"content":{"rendered":"<p>Hauteur de la plus grande pi\u00e8ce : 13,50 cm<br \/>\nHauteur de la plus petite pi\u00e8ce : 7,10 cm<br \/>\nNombre de pi\u00e8ces : 3<br \/>\nMati\u00e8re : Bois<\/p>\n","protected":false},"excerpt":{"rendered":"<p>Hauteur de la plus grande pi\u00e8ce : 13,50 cm Hauteur de la plus petite pi\u00e8ce : 7,10 cm Nombre de pi\u00e8ces : 3 Mati\u00e8re : Bois<\/p>\n","protected":false},"featured_media":3862,"comment_status":"open","ping_status":"closed","template":"","meta":{"spay_email":"","jetpack_publicize_message":"","jetpack_is_tweetstorm":false},"aioseo_notices":[],"jetpack_publicize_connections":[],"jetpack_likes_enabled":false,"_links":{"self":[{"href":"https:\/\/dom-polski.fr\/index.php\/wp-json\/wp\/v2\/product\/3866"}],"collection":[{"href":"https:\/\/dom-polski.fr\/index.php\/wp-json\/wp\/v2\/product"}],"about":[{"href":"https:\/\/dom-polski.fr\/index.php\/wp-json\/wp\/v2\/types\/product"}],"replies":[{"embeddable":true,"href":"https:\/\/dom-polski.fr\/index.php\/wp-json\/wp\/v2\/comments?post=3866"}],"wp:featuredmedia":[{"embeddable":true,"href":"https:\/\/dom-polski.fr\/index.php\/wp-json\/wp\/v2\/media\/3862"}],"wp:attachment":[{"href":"https:\/\/dom-polski.fr\/index.php\/wp-json\/wp\/v2\/media?parent=3866"}],"curies":[{"name":"wp","href":"https:\/\/api.w.org\/{rel}","templated":true}]}}