{"id":3865,"date":"2020-04-05T18:03:32","date_gmt":"2020-04-05T16:03:32","guid":{"rendered":"https:\/\/dom-polski.fr\/?post_type=product&#038;p=3865"},"modified":"2020-04-05T18:03:33","modified_gmt":"2020-04-05T16:03:33","slug":"babouchka-cochon-3-pieces","status":"publish","type":"product","link":"https:\/\/dom-polski.fr\/index.php\/product\/babouchka-cochon-3-pieces\/","title":{"rendered":"Babouchka cochon (3 pi\u00e8ces)"},"content":{"rendered":"<p>Hauteur de la plus grande pi\u00e8ce : 11,00 cm<br \/>\nHauteur de la plus petite pi\u00e8ce : 5,30 cm<br \/>\nNombre de pi\u00e8ces : 3<br \/>\nMati\u00e8re : Bois<\/p>\n","protected":false},"excerpt":{"rendered":"<p>Hauteur de la plus grande pi\u00e8ce : 11,00 cm Hauteur de la plus petite pi\u00e8ce : 5,30 cm Nombre de pi\u00e8ces : 3 Mati\u00e8re : Bois<\/p>\n","protected":false},"featured_media":3863,"comment_status":"open","ping_status":"closed","template":"","meta":{"spay_email":"","jetpack_publicize_message":"","jetpack_is_tweetstorm":false},"aioseo_notices":[],"jetpack_publicize_connections":[],"jetpack_likes_enabled":false,"_links":{"self":[{"href":"https:\/\/dom-polski.fr\/index.php\/wp-json\/wp\/v2\/product\/3865"}],"collection":[{"href":"https:\/\/dom-polski.fr\/index.php\/wp-json\/wp\/v2\/product"}],"about":[{"href":"https:\/\/dom-polski.fr\/index.php\/wp-json\/wp\/v2\/types\/product"}],"replies":[{"embeddable":true,"href":"https:\/\/dom-polski.fr\/index.php\/wp-json\/wp\/v2\/comments?post=3865"}],"wp:featuredmedia":[{"embeddable":true,"href":"https:\/\/dom-polski.fr\/index.php\/wp-json\/wp\/v2\/media\/3863"}],"wp:attachment":[{"href":"https:\/\/dom-polski.fr\/index.php\/wp-json\/wp\/v2\/media?parent=3865"}],"curies":[{"name":"wp","href":"https:\/\/api.w.org\/{rel}","templated":true}]}}