{"id":3856,"date":"2020-04-05T17:28:17","date_gmt":"2020-04-05T15:28:17","guid":{"rendered":"https:\/\/dom-polski.fr\/?post_type=product&#038;p=3856"},"modified":"2021-12-02T11:21:52","modified_gmt":"2021-12-02T10:21:52","slug":"babouchka-bleue-foncee-5-pieces","status":"publish","type":"product","link":"https:\/\/dom-polski.fr\/index.php\/product\/babouchka-bleue-foncee-5-pieces\/","title":{"rendered":"Babouchka bleue fonc\u00e9e (5 pi\u00e8ces)"},"content":{"rendered":"<p>Hauteur de la plus grande pi\u00e8ce : 15,00 cm<br \/>\nHauteur de la plus petite pi\u00e8ce : 7,20 cm<br \/>\nNombre de pi\u00e8ces : 5<br \/>\nMati\u00e8re : Bois<\/p>\n","protected":false},"excerpt":{"rendered":"<p>Hauteur de la plus grande pi\u00e8ce : 15,00 cm Hauteur de la plus petite pi\u00e8ce : 7,20 cm Nombre de pi\u00e8ces : 5 Mati\u00e8re : Bois<\/p>\n","protected":false},"featured_media":3852,"comment_status":"open","ping_status":"closed","template":"","meta":{"spay_email":"","jetpack_publicize_message":"","jetpack_is_tweetstorm":false},"aioseo_notices":[],"jetpack_publicize_connections":[],"jetpack_likes_enabled":false,"_links":{"self":[{"href":"https:\/\/dom-polski.fr\/index.php\/wp-json\/wp\/v2\/product\/3856"}],"collection":[{"href":"https:\/\/dom-polski.fr\/index.php\/wp-json\/wp\/v2\/product"}],"about":[{"href":"https:\/\/dom-polski.fr\/index.php\/wp-json\/wp\/v2\/types\/product"}],"replies":[{"embeddable":true,"href":"https:\/\/dom-polski.fr\/index.php\/wp-json\/wp\/v2\/comments?post=3856"}],"wp:featuredmedia":[{"embeddable":true,"href":"https:\/\/dom-polski.fr\/index.php\/wp-json\/wp\/v2\/media\/3852"}],"wp:attachment":[{"href":"https:\/\/dom-polski.fr\/index.php\/wp-json\/wp\/v2\/media?parent=3856"}],"curies":[{"name":"wp","href":"https:\/\/api.w.org\/{rel}","templated":true}]}}