{"id":3850,"date":"2020-04-05T17:14:25","date_gmt":"2020-04-05T15:14:25","guid":{"rendered":"https:\/\/dom-polski.fr\/?post_type=product&#038;p=3850"},"modified":"2020-04-05T17:25:16","modified_gmt":"2020-04-05T15:25:16","slug":"babouchka-bleue-5-pieces","status":"publish","type":"product","link":"https:\/\/dom-polski.fr\/index.php\/product\/babouchka-bleue-5-pieces\/","title":{"rendered":"Babouchka bleue clair (5 pi\u00e8ces)"},"content":{"rendered":"<p>Hauteur de la plus grande pi\u00e8ce : 15,00 cm<br \/>\nHauteur de la plus petite pi\u00e8ce : 7,20 cm<br \/>\nNombre de pi\u00e8ces : 5<br \/>\nMati\u00e8re : Bois<\/p>\n<p>&nbsp;<\/p>\n<p>&nbsp;<\/p>\n","protected":false},"excerpt":{"rendered":"<p>Hauteur de la plus grande pi\u00e8ce : 15,00 cm Hauteur de la plus petite pi\u00e8ce : 7,20 cm Nombre de pi\u00e8ces : 5 Mati\u00e8re : Bois &nbsp; &nbsp;<\/p>\n","protected":false},"featured_media":3854,"comment_status":"open","ping_status":"closed","template":"","meta":{"spay_email":"","jetpack_publicize_message":"","jetpack_is_tweetstorm":false},"aioseo_notices":[],"jetpack_publicize_connections":[],"jetpack_likes_enabled":false,"_links":{"self":[{"href":"https:\/\/dom-polski.fr\/index.php\/wp-json\/wp\/v2\/product\/3850"}],"collection":[{"href":"https:\/\/dom-polski.fr\/index.php\/wp-json\/wp\/v2\/product"}],"about":[{"href":"https:\/\/dom-polski.fr\/index.php\/wp-json\/wp\/v2\/types\/product"}],"replies":[{"embeddable":true,"href":"https:\/\/dom-polski.fr\/index.php\/wp-json\/wp\/v2\/comments?post=3850"}],"wp:featuredmedia":[{"embeddable":true,"href":"https:\/\/dom-polski.fr\/index.php\/wp-json\/wp\/v2\/media\/3854"}],"wp:attachment":[{"href":"https:\/\/dom-polski.fr\/index.php\/wp-json\/wp\/v2\/media?parent=3850"}],"curies":[{"name":"wp","href":"https:\/\/api.w.org\/{rel}","templated":true}]}}